{"id":1809674,"date":"2025-03-28T21:52:52","date_gmt":"2025-03-28T19:52:52","guid":{"rendered":"https:\/\/liquidmaster.pl\/poka-premium-uchwyt-na-2-butelki-1l\/"},"modified":"2026-03-10T03:33:58","modified_gmt":"2026-03-10T01:33:58","slug":"poka-premium-uchwyt-na-2-butelki-1l","status":"publish","type":"product","link":"https:\/\/liquidmaster.pl\/en\/poka-premium-uchwyt-na-2-butelki-1l\/","title":{"rendered":"Poka Premium &#8211; uchwyt na 2 butelki 1L"},"content":{"rendered":"<p>Uchwyt na dwie butelki 1L to doskona\u0142e rozwi\u0105zanie do organizacji butelek o pojemno\u015bci 1 litra. Produkt umo\u017cliwia przechowywanie dw\u00f3ch butelek jednocze\u015bnie, zapewniaj\u0105c porz\u0105dek i \u0142atwy dost\u0119p do akcesori\u00f3w. Dzi\u0119ki swojej konstrukcji jest w pe\u0142ni bezpieczny r\u00f3wnie\u017c dla atomizer\u00f3w.<\/p>\n<p>Uchwyt \u015bwietnie sprawdza si\u0119 tak\u017ce jako organizer do past polerskich. Mo\u017ce by\u0107 montowany zar\u00f3wno na \u015bcianie, jak i na Siedzisku Detailingowym POKA PREMIUM, co czyni go wyj\u0105tkowo uniwersalnym narz\u0119dziem w ka\u017cdym studiu detailingowym.<\/p>\n<p>Cztery otwory monta\u017cowe zapewniaj\u0105 stabilno\u015b\u0107 oraz odporno\u015b\u0107 na du\u017ce obci\u0105\u017cenia. W trosce o bezpiecze\u0144stwo u\u017cytkownik\u00f3w, uchwyt zosta\u0142 zaprojektowany bez ostrych naro\u017cnik\u00f3w.<\/p>\n<p>Wymiary uchwytu:<\/p>\n<ul>\n<li>D\u0142ugo\u015b\u0107: 21 cm<\/li>\n<li>Distance from the wall: 10 cm<\/li>\n<li>\u015arednica otworu na butelk\u0119: 9 cm<\/li>\n<\/ul>\n<p>Characteristic:<\/p>\n<ul>\n<li>Wykonany z ocynkowanej stali o grubo\u015bci 1,5 mm<\/li>\n<li>Malowany proszkowo dla lepszej trwa\u0142o\u015bci<\/li>\n<li>Przeznaczony na 2 butelki<\/li>\n<\/ul>\n<p>Dost\u0119pny kolor: czarny<\/p>\n<p>Uchwyt na dwie butelki 1L to trwa\u0142y, estetyczny i funkcjonalny dodatek, kt\u00f3ry u\u0142atwi organizacj\u0119 przestrzeni roboczej.<\/p>","protected":false},"excerpt":{"rendered":"<p>Uchwyt na dwie butelki 1L to doskona\u0142e rozwi\u0105zanie do organizacji butelek o pojemno\u015bci 1 litra. Produkt umo\u017cliwia przechowywanie dw\u00f3ch butelek jednocze\u015bnie, zapewniaj\u0105c porz\u0105dek i \u0142atwy dost\u0119p do akcesori\u00f3w. Dzi\u0119ki swojej konstrukcji jest w pe\u0142ni bezpieczny r\u00f3wnie\u017c dla atomizer\u00f3w. Uchwyt \u015bwietnie sprawdza si\u0119 tak\u017ce jako organizer do past polerskich. Mo\u017ce by\u0107 montowany zar\u00f3wno na \u015bcianie, jak&hellip;&nbsp;<a href=\"https:\/\/liquidmaster.pl\/en\/poka-premium-uchwyt-na-2-butelki-1l\/\" rel=\"bookmark\">Read More \u00bb<span class=\"screen-reader-text\">Poka Premium &#8211; uchwyt na 2 butelki 1L<\/span><\/a><\/p>","protected":false},"featured_media":1850915,"comment_status":"open","ping_status":"open","template":"","meta":{"neve_meta_sidebar":"","neve_meta_container":"","neve_meta_enable_content_width":"","neve_meta_content_width":0,"neve_meta_title_alignment":"","neve_meta_author_avatar":"","neve_post_elements_order":"","neve_meta_disable_header":"","neve_meta_disable_footer":"","neve_meta_disable_title":"","_themeisle_gutenberg_block_has_review":false},"product_brand":[],"product_cat":[757,811,856],"product_tag":[343],"class_list":{"0":"post-1809674","1":"product","2":"type-product","3":"status-publish","4":"has-post-thumbnail","6":"product_cat-akcesoria","7":"product_cat-pozostale-akcesoria","8":"product_cat-torby-i-organizery","9":"product_tag-poka-premium","11":"first","12":"instock","13":"taxable","14":"shipping-taxable","15":"purchasable","16":"product-type-simple"},"_links":{"self":[{"href":"https:\/\/liquidmaster.pl\/en\/wp-json\/wp\/v2\/product\/1809674","targetHints":{"allow":["GET"]}}],"collection":[{"href":"https:\/\/liquidmaster.pl\/en\/wp-json\/wp\/v2\/product"}],"about":[{"href":"https:\/\/liquidmaster.pl\/en\/wp-json\/wp\/v2\/types\/product"}],"replies":[{"embeddable":true,"href":"https:\/\/liquidmaster.pl\/en\/wp-json\/wp\/v2\/comments?post=1809674"}],"wp:featuredmedia":[{"embeddable":true,"href":"https:\/\/liquidmaster.pl\/en\/wp-json\/wp\/v2\/media\/1850915"}],"wp:attachment":[{"href":"https:\/\/liquidmaster.pl\/en\/wp-json\/wp\/v2\/media?parent=1809674"}],"wp:term":[{"taxonomy":"product_brand","embeddable":true,"href":"https:\/\/liquidmaster.pl\/en\/wp-json\/wp\/v2\/product_brand?post=1809674"},{"taxonomy":"product_cat","embeddable":true,"href":"https:\/\/liquidmaster.pl\/en\/wp-json\/wp\/v2\/product_cat?post=1809674"},{"taxonomy":"product_tag","embeddable":true,"href":"https:\/\/liquidmaster.pl\/en\/wp-json\/wp\/v2\/product_tag?post=1809674"}],"curies":[{"name":"wp","href":"https:\/\/api.w.org\/{rel}","templated":true}]}}