{"id":1809659,"date":"2025-03-28T21:52:29","date_gmt":"2025-03-28T19:52:29","guid":{"rendered":"https:\/\/liquidmaster.pl\/kiurlab-strong-cleaner-1l-mocny-srodek-do-czyszczenia-skory\/"},"modified":"2026-04-18T04:47:18","modified_gmt":"2026-04-18T02:47:18","slug":"kiurlab-strong-cleaner-1l-mocny-srodek-do-czyszczenia-skory","status":"publish","type":"product","link":"https:\/\/liquidmaster.pl\/en\/kiurlab-strong-cleaner-1l-mocny-srodek-do-czyszczenia-skory\/","title":{"rendered":"Kiurlab Strong Cleaner 1L \u2013 strong leather cleaner"},"content":{"rendered":"<p>Strong Cleaner is a professional leather upholstery cleaner, designed for both natural and faux leather. Its powerful formula effectively removes even the most stubborn stains that have accumulated on the upholstery surface over time.<\/p>\n<p>Thanks to its intensive action, it is especially recommended for cleaning leather that has not been regularly cared for. It is perfect for applications where more gentle products, such as Soft Cleaner, prove insufficient.<\/p>\n<p>The most important advantages:<\/p>\n<ul>\n<li>Strong cleaning action \u2013 removes difficult dirt, restoring the leather\u2019s freshness and aesthetic appearance.<\/li>\n<li>Safe application \u2013 thick, durable foam facilitates cleaning without soaking the upholstery.<\/li>\n<li>Versatile use \u2013 ideal for car seats, furniture upholstery and other leather items.<\/li>\n<\/ul>\n<p>Strong Cleaner is a reliable choice for anyone looking to effectively refresh and clean leather upholstery. Order today and restore your leather surfaces to their pristine condition!<\/p>\n<p>Capacity: 1L<\/p>","protected":false},"excerpt":{"rendered":"<p>Strong Cleaner to profesjonalny preparat do czyszczenia tapicerki sk\u00f3rzanej, przeznaczony zar\u00f3wno do sk\u00f3r naturalnych, jak i ekosk\u00f3r. Jego silna formu\u0142a skutecznie usuwa nawet najbardziej uporczywe zabrudzenia, kt\u00f3re nagromadzi\u0142y si\u0119 na powierzchni tapicerki przez d\u0142ugi czas. Dzi\u0119ki intensywnemu dzia\u0142aniu jest szczeg\u00f3lnie polecany do czyszczenia sk\u00f3r, kt\u00f3re nie by\u0142y regularnie piel\u0119gnowane. Doskonale sprawdza si\u0119 tam, gdzie delikatniejsze&hellip;&nbsp;<a href=\"https:\/\/liquidmaster.pl\/en\/kiurlab-strong-cleaner-1l-mocny-srodek-do-czyszczenia-skory\/\" rel=\"bookmark\">Read More \u00bb<span class=\"screen-reader-text\">Kiurlab Strong Cleaner 1L \u2013 strong leather cleaner<\/span><\/a><\/p>","protected":false},"featured_media":1850903,"comment_status":"open","ping_status":"open","template":"","meta":{"neve_meta_sidebar":"","neve_meta_container":"","neve_meta_enable_content_width":"","neve_meta_content_width":0,"neve_meta_title_alignment":"","neve_meta_author_avatar":"","neve_post_elements_order":"","neve_meta_disable_header":"","neve_meta_disable_footer":"","neve_meta_disable_title":"","_themeisle_gutenberg_block_has_review":false},"product_brand":[],"product_cat":[834,816,768],"product_tag":[917],"class_list":{"0":"post-1809659","1":"product","2":"type-product","3":"status-publish","4":"has-post-thumbnail","6":"product_cat-czyszczenie-skory","7":"product_cat-tapicerka-skorzana","8":"product_cat-wnetrze-auta","9":"product_tag-kiurlab","11":"first","12":"instock","13":"taxable","14":"shipping-taxable","15":"purchasable","16":"product-type-simple"},"_links":{"self":[{"href":"https:\/\/liquidmaster.pl\/en\/wp-json\/wp\/v2\/product\/1809659","targetHints":{"allow":["GET"]}}],"collection":[{"href":"https:\/\/liquidmaster.pl\/en\/wp-json\/wp\/v2\/product"}],"about":[{"href":"https:\/\/liquidmaster.pl\/en\/wp-json\/wp\/v2\/types\/product"}],"replies":[{"embeddable":true,"href":"https:\/\/liquidmaster.pl\/en\/wp-json\/wp\/v2\/comments?post=1809659"}],"wp:featuredmedia":[{"embeddable":true,"href":"https:\/\/liquidmaster.pl\/en\/wp-json\/wp\/v2\/media\/1850903"}],"wp:attachment":[{"href":"https:\/\/liquidmaster.pl\/en\/wp-json\/wp\/v2\/media?parent=1809659"}],"wp:term":[{"taxonomy":"product_brand","embeddable":true,"href":"https:\/\/liquidmaster.pl\/en\/wp-json\/wp\/v2\/product_brand?post=1809659"},{"taxonomy":"product_cat","embeddable":true,"href":"https:\/\/liquidmaster.pl\/en\/wp-json\/wp\/v2\/product_cat?post=1809659"},{"taxonomy":"product_tag","embeddable":true,"href":"https:\/\/liquidmaster.pl\/en\/wp-json\/wp\/v2\/product_tag?post=1809659"}],"curies":[{"name":"wp","href":"https:\/\/api.w.org\/{rel}","templated":true}]}}