{"id":1809632,"date":"2025-03-28T21:50:28","date_gmt":"2025-03-28T19:50:28","guid":{"rendered":"https:\/\/liquidmaster.pl\/adbl-yellowstone-dwustronna-mikrofibra-do-szyb\/"},"modified":"2026-04-18T04:47:13","modified_gmt":"2026-04-18T02:47:13","slug":"adbl-yellowstone-dwustronna-mikrofibra-do-szyb","status":"publish","type":"product","link":"https:\/\/liquidmaster.pl\/en\/adbl-yellowstone-dwustronna-mikrofibra-do-szyb\/","title":{"rendered":"ADBL Yellowstone \u2013 double-sided microfiber for windows"},"content":{"rendered":"<p>Dwustronna mikrofibra idealna do mycia i piel\u0119gnacji powierzchni szklanych. Dzi\u0119ki unikalnej, dwustronnej konstrukcji, r\u0119cznik skutecznie zapobiega przenikaniu wilgoci, umo\u017cliwiaj\u0105c jednoczesne usuwanie zabrudze\u0144 oraz osuszanie powierzchni. Struktura waflowa \u015bwietnie radzi sobie z uporczywymi zabrudzeniami, podczas gdy g\u0142adka strona zbiera brud i resztki produkt\u00f3w. W po\u0142\u0105czeniu z ADBL Glass Cleaner Ultra gwarantuje \u0142atwe czyszczenie szyb i luster, nie pozostawiaj\u0105c smug ani w\u0142\u00f3kien.<br \/>\nDimensions: 40 x 40 cm<br \/>\nGramatura: 330\/340 gsm<br \/>\nZalecana temperatura prania: 40\u00b0C.<\/p>","protected":false},"excerpt":{"rendered":"<p>Dwustronna mikrofibra idealna do mycia i piel\u0119gnacji powierzchni szklanych. Dzi\u0119ki unikalnej, dwustronnej konstrukcji, r\u0119cznik skutecznie zapobiega przenikaniu wilgoci, umo\u017cliwiaj\u0105c jednoczesne usuwanie zabrudze\u0144 oraz osuszanie powierzchni. Struktura waflowa \u015bwietnie radzi sobie z uporczywymi zabrudzeniami, podczas gdy g\u0142adka strona zbiera brud i resztki produkt\u00f3w. W po\u0142\u0105czeniu z ADBL Glass Cleaner Ultra gwarantuje \u0142atwe czyszczenie szyb i luster,&hellip;&nbsp;<a href=\"https:\/\/liquidmaster.pl\/en\/adbl-yellowstone-dwustronna-mikrofibra-do-szyb\/\" rel=\"bookmark\">Read More \u00bb<span class=\"screen-reader-text\">ADBL Yellowstone \u2013 double-sided microfiber for windows<\/span><\/a><\/p>","protected":false},"featured_media":1850786,"comment_status":"open","ping_status":"open","template":"","meta":{"neve_meta_sidebar":"","neve_meta_container":"","neve_meta_enable_content_width":"","neve_meta_content_width":0,"neve_meta_title_alignment":"","neve_meta_author_avatar":"","neve_post_elements_order":"","neve_meta_disable_header":"","neve_meta_disable_footer":"","neve_meta_disable_title":"","_themeisle_gutenberg_block_has_review":false},"product_brand":[],"product_cat":[860,733,773],"product_tag":[258],"class_list":{"0":"post-1809632","1":"product","2":"type-product","3":"status-publish","4":"has-post-thumbnail","6":"product_cat-fibry","7":"product_cat-na-zewnatrz","8":"product_cat-szyby","9":"product_tag-adbl","11":"first","12":"instock","13":"taxable","14":"shipping-taxable","15":"purchasable","16":"product-type-simple"},"_links":{"self":[{"href":"https:\/\/liquidmaster.pl\/en\/wp-json\/wp\/v2\/product\/1809632","targetHints":{"allow":["GET"]}}],"collection":[{"href":"https:\/\/liquidmaster.pl\/en\/wp-json\/wp\/v2\/product"}],"about":[{"href":"https:\/\/liquidmaster.pl\/en\/wp-json\/wp\/v2\/types\/product"}],"replies":[{"embeddable":true,"href":"https:\/\/liquidmaster.pl\/en\/wp-json\/wp\/v2\/comments?post=1809632"}],"wp:featuredmedia":[{"embeddable":true,"href":"https:\/\/liquidmaster.pl\/en\/wp-json\/wp\/v2\/media\/1850786"}],"wp:attachment":[{"href":"https:\/\/liquidmaster.pl\/en\/wp-json\/wp\/v2\/media?parent=1809632"}],"wp:term":[{"taxonomy":"product_brand","embeddable":true,"href":"https:\/\/liquidmaster.pl\/en\/wp-json\/wp\/v2\/product_brand?post=1809632"},{"taxonomy":"product_cat","embeddable":true,"href":"https:\/\/liquidmaster.pl\/en\/wp-json\/wp\/v2\/product_cat?post=1809632"},{"taxonomy":"product_tag","embeddable":true,"href":"https:\/\/liquidmaster.pl\/en\/wp-json\/wp\/v2\/product_tag?post=1809632"}],"curies":[{"name":"wp","href":"https:\/\/api.w.org\/{rel}","templated":true}]}}