{"id":1809629,"date":"2025-03-28T21:50:04","date_gmt":"2025-03-28T19:50:04","guid":{"rendered":"https:\/\/liquidmaster.pl\/adbl-scrub-mitt-rekawica-do-czyszczenia\/"},"modified":"2026-04-18T04:47:13","modified_gmt":"2026-04-18T02:47:13","slug":"adbl-scrub-mitt-rekawica-do-czyszczenia","status":"publish","type":"product","link":"https:\/\/liquidmaster.pl\/en\/adbl-scrub-mitt-rekawica-do-czyszczenia\/","title":{"rendered":"ADBL Scrub Mitt &#8211; r\u0119kawica do czyszczenia"},"content":{"rendered":"<p>ADBL Scrub Mitt to innowacyjna r\u0119kawica czyszcz\u0105ca, wykonana ze specjalnych, szorstkich mikro w\u0142\u00f3kien, idealna do piel\u0119gnacji podsufitki, tapicerki materia\u0142owej, sk\u00f3ry, element\u00f3w plastikowych oraz gumy. Jej unikalna struktura maksymalizuje efektywno\u015b\u0107 \u015brodk\u00f3w myj\u0105cych, znacz\u0105co u\u0142atwiaj\u0105c proces czyszczenia. R\u0119kawic\u0119 mo\u017cna pra\u0107 w pralce z u\u017cyciem p\u0142ynu do prania mikrofibr ADBL Micro Wash Storm.<\/p>\n<p>Wymiary: 16 x 22 cm.<\/p>","protected":false},"excerpt":{"rendered":"<p>ADBL Scrub Mitt to innowacyjna r\u0119kawica czyszcz\u0105ca, wykonana ze specjalnych, szorstkich mikro w\u0142\u00f3kien, idealna do piel\u0119gnacji podsufitki, tapicerki materia\u0142owej, sk\u00f3ry, element\u00f3w plastikowych oraz gumy. Jej unikalna struktura maksymalizuje efektywno\u015b\u0107 \u015brodk\u00f3w myj\u0105cych, znacz\u0105co u\u0142atwiaj\u0105c proces czyszczenia. R\u0119kawic\u0119 mo\u017cna pra\u0107 w pralce z u\u017cyciem p\u0142ynu do prania mikrofibr ADBL Micro Wash Storm. Wymiary: 16 x 22 cm.<\/p>","protected":false},"featured_media":1850784,"comment_status":"open","ping_status":"open","template":"","meta":{"neve_meta_sidebar":"","neve_meta_container":"","neve_meta_enable_content_width":"","neve_meta_content_width":0,"neve_meta_title_alignment":"","neve_meta_author_avatar":"","neve_post_elements_order":"","neve_meta_disable_header":"","neve_meta_disable_footer":"","neve_meta_disable_title":"","_themeisle_gutenberg_block_has_review":false},"product_brand":[],"product_cat":[804,795,768],"product_tag":[258],"class_list":{"0":"post-1809629","1":"product","2":"type-product","3":"status-publish","4":"has-post-thumbnail","6":"product_cat-czyszczenie-plastikow-wewnetrznych","7":"product_cat-plastiki-wewnetrzne","8":"product_cat-wnetrze-auta","9":"product_tag-adbl","10":"pa_promocja-promocje","12":"first","13":"instock","14":"taxable","15":"shipping-taxable","16":"purchasable","17":"product-type-simple"},"_links":{"self":[{"href":"https:\/\/liquidmaster.pl\/en\/wp-json\/wp\/v2\/product\/1809629","targetHints":{"allow":["GET"]}}],"collection":[{"href":"https:\/\/liquidmaster.pl\/en\/wp-json\/wp\/v2\/product"}],"about":[{"href":"https:\/\/liquidmaster.pl\/en\/wp-json\/wp\/v2\/types\/product"}],"replies":[{"embeddable":true,"href":"https:\/\/liquidmaster.pl\/en\/wp-json\/wp\/v2\/comments?post=1809629"}],"wp:featuredmedia":[{"embeddable":true,"href":"https:\/\/liquidmaster.pl\/en\/wp-json\/wp\/v2\/media\/1850784"}],"wp:attachment":[{"href":"https:\/\/liquidmaster.pl\/en\/wp-json\/wp\/v2\/media?parent=1809629"}],"wp:term":[{"taxonomy":"product_brand","embeddable":true,"href":"https:\/\/liquidmaster.pl\/en\/wp-json\/wp\/v2\/product_brand?post=1809629"},{"taxonomy":"product_cat","embeddable":true,"href":"https:\/\/liquidmaster.pl\/en\/wp-json\/wp\/v2\/product_cat?post=1809629"},{"taxonomy":"product_tag","embeddable":true,"href":"https:\/\/liquidmaster.pl\/en\/wp-json\/wp\/v2\/product_tag?post=1809629"}],"curies":[{"name":"wp","href":"https:\/\/api.w.org\/{rel}","templated":true}]}}