{"id":1809620,"date":"2025-03-28T21:48:51","date_gmt":"2025-03-28T19:48:51","guid":{"rendered":"https:\/\/liquidmaster.pl\/adbl-grr-200ml-srodek-do-usuwania-kleju-i-gumy\/"},"modified":"2026-04-20T08:28:00","modified_gmt":"2026-04-20T06:28:00","slug":"adbl-grr-200ml-srodek-do-usuwania-kleju-i-gumy","status":"publish","type":"product","link":"https:\/\/liquidmaster.pl\/en\/adbl-grr-200ml-srodek-do-usuwania-kleju-i-gumy\/","title":{"rendered":"ADBL GRR 200ml \u2013 glue and rubber remover"},"content":{"rendered":"<p>Produkt do usuwania resztek kleju oraz gumy, kt\u00f3ry dzi\u0119ki zaawansowanej formule rozpuszczalnik\u00f3w skutecznie depolimeryzuje nawet najtrudniejsze, zaschni\u0119te kleje. Wygodny aerozol z precyzyjnym dozownikiem umo\u017cliwia dok\u0142adn\u0105 aplikacj\u0119 preparatu, a jego stabilna, niesp\u0142ywaj\u0105ca konsystencja zapewnia komfort u\u017cytkowania. Idealny wyb\u00f3r dla profesjonalist\u00f3w oraz entuzjast\u00f3w dbaj\u0105cych o perfekcyjne wyko\u0144czenie powierzchni.<\/p>\n<p>Capacity: 200 ml<\/p>","protected":false},"excerpt":{"rendered":"<p>Produkt do usuwania resztek kleju oraz gumy, kt\u00f3ry dzi\u0119ki zaawansowanej formule rozpuszczalnik\u00f3w skutecznie depolimeryzuje nawet najtrudniejsze, zaschni\u0119te kleje. Wygodny aerozol z precyzyjnym dozownikiem umo\u017cliwia dok\u0142adn\u0105 aplikacj\u0119 preparatu, a jego stabilna, niesp\u0142ywaj\u0105ca konsystencja zapewnia komfort u\u017cytkowania. Idealny wyb\u00f3r dla profesjonalist\u00f3w oraz entuzjast\u00f3w dbaj\u0105cych o perfekcyjne wyko\u0144czenie powierzchni. Pojemno\u015b\u0107: 200 ml<\/p>","protected":false},"featured_media":1850776,"comment_status":"open","ping_status":"open","template":"","meta":{"neve_meta_sidebar":"","neve_meta_container":"","neve_meta_enable_content_width":"","neve_meta_content_width":0,"neve_meta_title_alignment":"","neve_meta_author_avatar":"","neve_post_elements_order":"","neve_meta_disable_header":"","neve_meta_disable_footer":"","neve_meta_disable_title":"","_themeisle_gutenberg_block_has_review":false},"product_brand":[],"product_cat":[743,733,793],"product_tag":[258],"class_list":{"0":"post-1809620","1":"product","2":"type-product","3":"status-publish","4":"has-post-thumbnail","6":"product_cat-dekontaminacja","7":"product_cat-na-zewnatrz","8":"product_cat-usuwanie-smoly-i-kleju","9":"product_tag-adbl","11":"first","12":"instock","13":"taxable","14":"shipping-taxable","15":"purchasable","16":"product-type-simple"},"_links":{"self":[{"href":"https:\/\/liquidmaster.pl\/en\/wp-json\/wp\/v2\/product\/1809620","targetHints":{"allow":["GET"]}}],"collection":[{"href":"https:\/\/liquidmaster.pl\/en\/wp-json\/wp\/v2\/product"}],"about":[{"href":"https:\/\/liquidmaster.pl\/en\/wp-json\/wp\/v2\/types\/product"}],"replies":[{"embeddable":true,"href":"https:\/\/liquidmaster.pl\/en\/wp-json\/wp\/v2\/comments?post=1809620"}],"wp:featuredmedia":[{"embeddable":true,"href":"https:\/\/liquidmaster.pl\/en\/wp-json\/wp\/v2\/media\/1850776"}],"wp:attachment":[{"href":"https:\/\/liquidmaster.pl\/en\/wp-json\/wp\/v2\/media?parent=1809620"}],"wp:term":[{"taxonomy":"product_brand","embeddable":true,"href":"https:\/\/liquidmaster.pl\/en\/wp-json\/wp\/v2\/product_brand?post=1809620"},{"taxonomy":"product_cat","embeddable":true,"href":"https:\/\/liquidmaster.pl\/en\/wp-json\/wp\/v2\/product_cat?post=1809620"},{"taxonomy":"product_tag","embeddable":true,"href":"https:\/\/liquidmaster.pl\/en\/wp-json\/wp\/v2\/product_tag?post=1809620"}],"curies":[{"name":"wp","href":"https:\/\/api.w.org\/{rel}","templated":true}]}}