{"id":1809581,"date":"2025-03-28T21:46:30","date_gmt":"2025-03-28T19:46:30","guid":{"rendered":"https:\/\/liquidmaster.pl\/normatek-one-shot-green-tea-600ml-neutralizator-zapachow\/"},"modified":"2026-04-18T04:47:04","modified_gmt":"2026-04-18T02:47:04","slug":"normatek-one-shot-green-tea-600ml-neutralizator-zapachow","status":"publish","type":"product","link":"https:\/\/liquidmaster.pl\/en\/normatek-one-shot-green-tea-600ml-neutralizator-zapachow\/","title":{"rendered":"Normatek One Shot Green Tea 600ml \u2013 Odor Neutralizer"},"content":{"rendered":"<p>One Shot by Normatek is an exceptionally effective 2-in-1 aerosol \u2013 an air freshener and an unpleasant odor neutralizer. Thanks to its high concentration, one press is enough to spread a fresh scent in the room and last for several days.<\/p>\n<ul>\n<li>Capacity 600 ml - long-lasting performance<\/li>\n<li>Strong concentration \u2013 one use covers up to 200 m\u00b3<\/li>\n<li>Effective neutralization - instant action and long-lasting effect<\/li>\n<li>Ease of use \u2013 precise valve for quick application<\/li>\n<li>Ecological formula \u2013 free from heavy metals and harmful substances<\/li>\n<\/ul>\n<p>Perfect for: gyms, warehouses, production halls, toilets and anywhere you want to effectively remove unpleasant odors.<\/p>\n<p>Zielona herbata<br \/>\nFragrance compositions:<\/p>\n<ul>\n<li>G\u0142owa: zielona nuta, arbuz<\/li>\n<li>Serce: r\u00f3\u017ca, lilia doliny, ja\u015bmin<\/li>\n<li>Baza: pi\u017cmo, ambra<\/li>\n<\/ul>\n<p>Capacity: 600 ml<\/p>","protected":false},"excerpt":{"rendered":"<p>One Shot by Normatek is an exceptionally effective 2-in-1 aerosol \u2013 an air freshener and odor neutralizer. Thanks to its high concentration, a single press is enough to spread the fresh scent throughout the room and last for several days. 600 ml capacity \u2013 long-lasting performance. High concentration \u2013 one application covers up to 200 m\u00b3. Effective neutralization \u2013\u2026&nbsp;<a href=\"https:\/\/liquidmaster.pl\/en\/normatek-one-shot-green-tea-600ml-neutralizator-zapachow\/\" rel=\"bookmark\">Read More \u00bb<span class=\"screen-reader-text\">Normatek One Shot Green Tea 600ml \u2013 Odor Neutralizer<\/span><\/a><\/p>","protected":false},"featured_media":1850730,"comment_status":"open","ping_status":"open","template":"","meta":{"neve_meta_sidebar":"","neve_meta_container":"","neve_meta_enable_content_width":"","neve_meta_content_width":0,"neve_meta_title_alignment":"","neve_meta_author_avatar":"","neve_post_elements_order":"","neve_meta_disable_header":"","neve_meta_disable_footer":"","neve_meta_disable_title":"","_themeisle_gutenberg_block_has_review":false},"product_brand":[],"product_cat":[810,801,768],"product_tag":[],"class_list":{"0":"post-1809581","1":"product","2":"type-product","3":"status-publish","4":"has-post-thumbnail","6":"product_cat-neutralizatory-zapachow","7":"product_cat-odswiezacze-powietrza","8":"product_cat-wnetrze-auta","10":"first","11":"instock","12":"taxable","13":"shipping-taxable","14":"purchasable","15":"product-type-simple"},"_links":{"self":[{"href":"https:\/\/liquidmaster.pl\/en\/wp-json\/wp\/v2\/product\/1809581","targetHints":{"allow":["GET"]}}],"collection":[{"href":"https:\/\/liquidmaster.pl\/en\/wp-json\/wp\/v2\/product"}],"about":[{"href":"https:\/\/liquidmaster.pl\/en\/wp-json\/wp\/v2\/types\/product"}],"replies":[{"embeddable":true,"href":"https:\/\/liquidmaster.pl\/en\/wp-json\/wp\/v2\/comments?post=1809581"}],"wp:featuredmedia":[{"embeddable":true,"href":"https:\/\/liquidmaster.pl\/en\/wp-json\/wp\/v2\/media\/1850730"}],"wp:attachment":[{"href":"https:\/\/liquidmaster.pl\/en\/wp-json\/wp\/v2\/media?parent=1809581"}],"wp:term":[{"taxonomy":"product_brand","embeddable":true,"href":"https:\/\/liquidmaster.pl\/en\/wp-json\/wp\/v2\/product_brand?post=1809581"},{"taxonomy":"product_cat","embeddable":true,"href":"https:\/\/liquidmaster.pl\/en\/wp-json\/wp\/v2\/product_cat?post=1809581"},{"taxonomy":"product_tag","embeddable":true,"href":"https:\/\/liquidmaster.pl\/en\/wp-json\/wp\/v2\/product_tag?post=1809581"}],"curies":[{"name":"wp","href":"https:\/\/api.w.org\/{rel}","templated":true}]}}