{"id":1809560,"date":"2025-03-28T21:44:52","date_gmt":"2025-03-28T19:44:52","guid":{"rendered":"https:\/\/liquidmaster.pl\/meguiars-gold-class-car-wash-shampoo-conditioner-szampon-do-mycia-pojazdow\/"},"modified":"2026-04-18T08:42:58","modified_gmt":"2026-04-18T06:42:58","slug":"meguiars-gold-class-car-wash-shampoo-conditioner-szampon-do-mycia-pojazdow","status":"publish","type":"product","link":"https:\/\/liquidmaster.pl\/en\/meguiars-gold-class-car-wash-shampoo-conditioner-2\/","title":{"rendered":"Meguiar&#039;s Gold Class Car Wash Shampoo &amp; Conditioner"},"content":{"rendered":"<p>Vehicle Washing Shampoo 473ml<\/p>\n<p>Luxurious lather and rich conditioners nourish your paint and create a beautifully smooth surface that allows water to roll off easily, reducing drying time and leaving a brilliant shine. &quot;Molten magic&quot; is one of the phrases our customers have used to describe this extraordinary product.<\/p>\n<p>\u2022 Yield: 30 ml per 4 liters of water<br \/>\n\u2022 Does not remove wax protection like household detergents or other strong cleaning agents<br \/>\n\u2022 Safe for all types of paint<br \/>\n\u2022 Restores color and clarity<br \/>\n\u2022 Protects against corrosion and oxidation<br \/>\n\u2022 pH neutral formula<\/p>","protected":false},"excerpt":{"rendered":"<p>Szampon do mycia pojazd\u00f3w 473ml Luksusowa piana i bogate od\u017cywki karmi\u0105 tw\u00f3j lakier i znakomicie wyg\u0142adzaj\u0105 powierzchni\u0119, po kt\u00f3rej \u0142atwo sp\u0142ywa woda, zmniejszaj\u0105c czas osuszania i zostawiaj\u0105c l\u015bni\u0105cy po\u0142ysk. \u201eMolten magic\u201d jest jednym z wyra\u017ce\u0144, kt\u00f3rego nasi klienci u\u017cyli, by opisa\u0107 ten nadzwyczajny produkt. \u2022 Wydajno\u015b\u0107: 30 ml na 4 litry wody \u2022 Nie usuwa&hellip;&nbsp;<a href=\"https:\/\/liquidmaster.pl\/en\/meguiars-gold-class-car-wash-shampoo-conditioner-2\/\" rel=\"bookmark\">Read More \u00bb<span class=\"screen-reader-text\">Meguiar&#039;s Gold Class Car Wash Shampoo &amp; Conditioner<\/span><\/a><\/p>","protected":false},"featured_media":1850708,"comment_status":"open","ping_status":"open","template":"","meta":{"neve_meta_sidebar":"","neve_meta_container":"","neve_meta_enable_content_width":"","neve_meta_content_width":0,"neve_meta_title_alignment":"","neve_meta_author_avatar":"","neve_post_elements_order":"","neve_meta_disable_header":"","neve_meta_disable_footer":"","neve_meta_disable_title":"","_themeisle_gutenberg_block_has_review":false},"product_brand":[],"product_cat":[734,733,740],"product_tag":[322],"class_list":{"0":"post-1809560","1":"product","2":"type-product","3":"status-publish","4":"has-post-thumbnail","6":"product_cat-mycie-i-osuszanie","7":"product_cat-na-zewnatrz","8":"product_cat-szampony-mycie-i-osuszanie","9":"product_tag-meguiars","11":"first","12":"instock","13":"taxable","14":"shipping-taxable","15":"purchasable","16":"product-type-simple"},"_links":{"self":[{"href":"https:\/\/liquidmaster.pl\/en\/wp-json\/wp\/v2\/product\/1809560","targetHints":{"allow":["GET"]}}],"collection":[{"href":"https:\/\/liquidmaster.pl\/en\/wp-json\/wp\/v2\/product"}],"about":[{"href":"https:\/\/liquidmaster.pl\/en\/wp-json\/wp\/v2\/types\/product"}],"replies":[{"embeddable":true,"href":"https:\/\/liquidmaster.pl\/en\/wp-json\/wp\/v2\/comments?post=1809560"}],"wp:featuredmedia":[{"embeddable":true,"href":"https:\/\/liquidmaster.pl\/en\/wp-json\/wp\/v2\/media\/1850708"}],"wp:attachment":[{"href":"https:\/\/liquidmaster.pl\/en\/wp-json\/wp\/v2\/media?parent=1809560"}],"wp:term":[{"taxonomy":"product_brand","embeddable":true,"href":"https:\/\/liquidmaster.pl\/en\/wp-json\/wp\/v2\/product_brand?post=1809560"},{"taxonomy":"product_cat","embeddable":true,"href":"https:\/\/liquidmaster.pl\/en\/wp-json\/wp\/v2\/product_cat?post=1809560"},{"taxonomy":"product_tag","embeddable":true,"href":"https:\/\/liquidmaster.pl\/en\/wp-json\/wp\/v2\/product_tag?post=1809560"}],"curies":[{"name":"wp","href":"https:\/\/api.w.org\/{rel}","templated":true}]}}