{"id":1809551,"date":"2025-03-28T21:44:30","date_gmt":"2025-03-28T19:44:30","guid":{"rendered":"https:\/\/liquidmaster.pl\/carpro-mild-clay-x3\/"},"modified":"2026-04-19T03:34:56","modified_gmt":"2026-04-19T01:34:56","slug":"carpro-mild-clay-x3","status":"publish","type":"product","link":"https:\/\/liquidmaster.pl\/en\/carpro-mild-clay-x3-srednia-glinka-do-czyszczenia-lakieru-3x100g\/","title":{"rendered":"CarPro Mild Clay X3 &#8211; \u015brednia glinka do czyszczenia lakieru 3x100g"},"content":{"rendered":"<p>CarPro 3Clays Mild Clay Bar SET 3x100g to zestaw glinek od firmy CarPro, b\u0119d\u0105cy najdelikatniejsz\u0105 wersj\u0105 tego produktu. Skutecznie usuwa zabrudzenia, takie jak osady przemys\u0142owe i atmosferyczne, wszelkiego rodzaju naloty wyczuwalne pod palcami jako chropowato\u015b\u0107 lakieru, a tak\u017ce kropki smo\u0142y.<\/p>\n<ul>\n<li>Waga: 3&#215;100 g<\/li>\n<li>Twardo\u015b\u0107 \u015brednia<\/li>\n<\/ul>\n<p>Usage:<\/p>\n<li>Wash the car.<\/li>\n<li>Pracuj nad jednym panelem naraz, dziel\u0105c go na mniejsze sekcje. Uformuj glink\u0119 w\u00a0wygodny kszta\u0142t, spryskaj panel \u015brodkiem ClayLube i delikatnie przeci\u0105gaj glink\u0119 po\u00a0powierzchni, wykonuj\u0105c zachodz\u0105ce na siebie ruchy. Nie wywieraj nacisku.<\/li>\n<li>Cz\u0119sto zagniataj glink\u0119, aby zawsze czysta strona mia\u0142a kontakt z powierzchni\u0105. Je\u015bli\u00a0zanieczyszczenia wbij\u0105 si\u0119 w glink\u0119, mog\u0105 pozostawi\u0107 \u015blady.<\/li>\n<li>Zawsze utrzymuj powierzchni\u0119 dobrze nawil\u017con\u0105. Pracuj do momentu, a\u017c glinka zacznie\u00a0g\u0142adko przesuwa\u0107 si\u0119 po lakierze.<\/li>\n<li>Dok\u0142adnie sp\u0142ucz.<\/li>\n<li>Po u\u017cyciu owi\u0144 glink\u0119 w oryginaln\u0105 foli\u0119. Zapobiega to przyklejaniu si\u0119 i wyd\u0142u\u017ca\u00a0\u017cywotno\u015b\u0107 glinki<\/li>","protected":false},"excerpt":{"rendered":"<p>CarPro 3Clays Mild Clay Bar SET 3x100g to zestaw glinek od firmy CarPro, b\u0119d\u0105cy najdelikatniejsz\u0105 wersj\u0105 tego produktu. Skutecznie usuwa zabrudzenia, takie jak osady przemys\u0142owe i atmosferyczne, wszelkiego rodzaju naloty wyczuwalne pod palcami jako chropowato\u015b\u0107 lakieru, a tak\u017ce kropki smo\u0142y. Waga: 3&#215;100 g Twardo\u015b\u0107 \u015brednia Spos\u00f3b u\u017cycia: Umyj samoch\u00f3d. Pracuj nad jednym panelem naraz, dziel\u0105c&hellip;&nbsp;<a href=\"https:\/\/liquidmaster.pl\/en\/carpro-mild-clay-x3-srednia-glinka-do-czyszczenia-lakieru-3x100g\/\" rel=\"bookmark\">Read More \u00bb<span class=\"screen-reader-text\">CarPro Mild Clay X3 &#8211; \u015brednia glinka do czyszczenia lakieru 3x100g<\/span><\/a><\/p>","protected":false},"featured_media":1850702,"comment_status":"open","ping_status":"open","template":"","meta":{"neve_meta_sidebar":"","neve_meta_container":"","neve_meta_enable_content_width":"","neve_meta_content_width":0,"neve_meta_title_alignment":"","neve_meta_author_avatar":"","neve_post_elements_order":"","neve_meta_disable_header":"","neve_meta_disable_footer":"","neve_meta_disable_title":"","_themeisle_gutenberg_block_has_review":false},"product_brand":[],"product_cat":[743,763,733],"product_tag":[275],"class_list":{"0":"post-1809551","1":"product","2":"type-product","3":"status-publish","4":"has-post-thumbnail","6":"product_cat-dekontaminacja","7":"product_cat-glinki-i-lubrykanty","8":"product_cat-na-zewnatrz","9":"product_tag-carpro","11":"first","12":"instock","13":"taxable","14":"shipping-taxable","15":"purchasable","16":"product-type-simple"},"_links":{"self":[{"href":"https:\/\/liquidmaster.pl\/en\/wp-json\/wp\/v2\/product\/1809551","targetHints":{"allow":["GET"]}}],"collection":[{"href":"https:\/\/liquidmaster.pl\/en\/wp-json\/wp\/v2\/product"}],"about":[{"href":"https:\/\/liquidmaster.pl\/en\/wp-json\/wp\/v2\/types\/product"}],"replies":[{"embeddable":true,"href":"https:\/\/liquidmaster.pl\/en\/wp-json\/wp\/v2\/comments?post=1809551"}],"wp:featuredmedia":[{"embeddable":true,"href":"https:\/\/liquidmaster.pl\/en\/wp-json\/wp\/v2\/media\/1850702"}],"wp:attachment":[{"href":"https:\/\/liquidmaster.pl\/en\/wp-json\/wp\/v2\/media?parent=1809551"}],"wp:term":[{"taxonomy":"product_brand","embeddable":true,"href":"https:\/\/liquidmaster.pl\/en\/wp-json\/wp\/v2\/product_brand?post=1809551"},{"taxonomy":"product_cat","embeddable":true,"href":"https:\/\/liquidmaster.pl\/en\/wp-json\/wp\/v2\/product_cat?post=1809551"},{"taxonomy":"product_tag","embeddable":true,"href":"https:\/\/liquidmaster.pl\/en\/wp-json\/wp\/v2\/product_tag?post=1809551"}],"curies":[{"name":"wp","href":"https:\/\/api.w.org\/{rel}","templated":true}]}}