{"id":1809548,"date":"2025-03-28T21:44:05","date_gmt":"2025-03-28T19:44:05","guid":{"rendered":"https:\/\/liquidmaster.pl\/vinove-warsaw-ekskluzywny-zapach-samochodowy\/"},"modified":"2026-04-18T06:37:05","modified_gmt":"2026-04-18T04:37:05","slug":"vinove-warsaw-ekskluzywny-zapach-samochodowy","status":"publish","type":"product","link":"https:\/\/liquidmaster.pl\/en\/vinove-warsaw-ekskluzywny-zapach-samochodowy\/","title":{"rendered":"Vinove Warsaw \u2013 exclusive car fragrance"},"content":{"rendered":"<p>Vinove Warsaw \u2013 ekskluzywny zapach samochodowy, kt\u00f3ry przywo\u0142uje obraz silnej, stanowczej kobiety, pewnie st\u0105paj\u0105cej po ziemi. Bez ogranicze\u0144! Intensywnie i szybko!<\/p>\n<p>Po\u0142\u0105czenie \u015bwie\u017co\u015bci cytrus\u00f3w z prowokacyjnym imbirem oraz ekskluzywn\u0105 nut\u0105 oud sprawia, \u017ce ka\u017cdy sukces smakuje wyj\u0105tkowo. Wyj\u0105tkowo dobrze.<\/p>\n<p>Nuta g\u0142owy: ananas, imbir, szafran<\/p>\n<p>Nuta serca: r\u00f3\u017ca, cytrus, zamsz<\/p>\n<p>Nuta bazowa: paczula, drzewo sanda\u0142owe, oud<\/p>\n<p>\u00a0<\/p>\n<p>Zapasowe od\u015bwie\u017cacze przechowuj zawsze w ch\u0142odnym i suchym miejscu. Wysoka temperatura i wilgo\u0107 mog\u0105 os\u0142abi\u0107 ich intensywno\u015b\u0107, nawet jeszcze zanim zostan\u0105 u\u017cyte.<\/p>","protected":false},"excerpt":{"rendered":"<p>Vinove Warsaw \u2013 ekskluzywny zapach samochodowy, kt\u00f3ry przywo\u0142uje obraz silnej, stanowczej kobiety, pewnie st\u0105paj\u0105cej po ziemi. Bez ogranicze\u0144! Intensywnie i szybko! Po\u0142\u0105czenie \u015bwie\u017co\u015bci cytrus\u00f3w z prowokacyjnym imbirem oraz ekskluzywn\u0105 nut\u0105 oud sprawia, \u017ce ka\u017cdy sukces smakuje wyj\u0105tkowo. Wyj\u0105tkowo dobrze. Nuta g\u0142owy: ananas, imbir, szafran Nuta serca: r\u00f3\u017ca, cytrus, zamsz Nuta bazowa: paczula, drzewo sanda\u0142owe, oud&hellip;&nbsp;<a href=\"https:\/\/liquidmaster.pl\/en\/vinove-warsaw-ekskluzywny-zapach-samochodowy\/\" rel=\"bookmark\">Read More \u00bb<span class=\"screen-reader-text\">Vinove Warsaw \u2013 exclusive car fragrance<\/span><\/a><\/p>","protected":false},"featured_media":1850700,"comment_status":"open","ping_status":"open","template":"","meta":{"neve_meta_sidebar":"","neve_meta_container":"","neve_meta_enable_content_width":"","neve_meta_content_width":0,"neve_meta_title_alignment":"","neve_meta_author_avatar":"","neve_post_elements_order":"","neve_meta_disable_header":"","neve_meta_disable_footer":"","neve_meta_disable_title":"","_themeisle_gutenberg_block_has_review":false},"product_brand":[],"product_cat":[888,801,768],"product_tag":[],"class_list":{"0":"post-1809548","1":"product","2":"type-product","3":"status-publish","4":"has-post-thumbnail","6":"product_cat-dyfuzory-i-zawieszki","7":"product_cat-odswiezacze-powietrza","8":"product_cat-wnetrze-auta","10":"first","11":"outofstock","12":"taxable","13":"shipping-taxable","14":"purchasable","15":"product-type-simple"},"_links":{"self":[{"href":"https:\/\/liquidmaster.pl\/en\/wp-json\/wp\/v2\/product\/1809548","targetHints":{"allow":["GET"]}}],"collection":[{"href":"https:\/\/liquidmaster.pl\/en\/wp-json\/wp\/v2\/product"}],"about":[{"href":"https:\/\/liquidmaster.pl\/en\/wp-json\/wp\/v2\/types\/product"}],"replies":[{"embeddable":true,"href":"https:\/\/liquidmaster.pl\/en\/wp-json\/wp\/v2\/comments?post=1809548"}],"wp:featuredmedia":[{"embeddable":true,"href":"https:\/\/liquidmaster.pl\/en\/wp-json\/wp\/v2\/media\/1850700"}],"wp:attachment":[{"href":"https:\/\/liquidmaster.pl\/en\/wp-json\/wp\/v2\/media?parent=1809548"}],"wp:term":[{"taxonomy":"product_brand","embeddable":true,"href":"https:\/\/liquidmaster.pl\/en\/wp-json\/wp\/v2\/product_brand?post=1809548"},{"taxonomy":"product_cat","embeddable":true,"href":"https:\/\/liquidmaster.pl\/en\/wp-json\/wp\/v2\/product_cat?post=1809548"},{"taxonomy":"product_tag","embeddable":true,"href":"https:\/\/liquidmaster.pl\/en\/wp-json\/wp\/v2\/product_tag?post=1809548"}],"curies":[{"name":"wp","href":"https:\/\/api.w.org\/{rel}","templated":true}]}}