{"id":1809539,"date":"2025-03-28T21:42:52","date_gmt":"2025-03-28T19:42:52","guid":{"rendered":"https:\/\/liquidmaster.pl\/vinove-vibear-monza-zapach-do-samochodu\/"},"modified":"2026-04-18T04:46:57","modified_gmt":"2026-04-18T02:46:57","slug":"vinove-vibear-monza-zapach-do-samochodu","status":"publish","type":"product","link":"https:\/\/liquidmaster.pl\/en\/vinove-vibear-monza-zapach-do-samochodu\/","title":{"rendered":"Vinove ViBEAR Monza \u2013 car fragrance"},"content":{"rendered":"<p>ViBEAR is a designer air freshener in the shape of a teddy bear, made of colorful polymer and an elegant, metalized body. Thanks to its innovative formula, it maintains the fragrance in your car for up to 60 days. It can be used as a mirror hanger or mounted in the air vent, ensuring long-lasting freshness and a modern look.<\/p>\n<p>MONZA to elektryzuj\u0105cy zapach kobiet b\u0142yskotliwych, kreatywnych i zdecydowanych. Aromat s\u0142odkiej obietnicy i dojrza\u0142ego seksapilu.<\/p>\n<p>MONZA to po\u0142\u0105czenie sprzeczno\u015bci, \u015bwie\u017co\u015bci ananasa i brzoskwi\u0144 z bujnym bukietem amarantowych r\u00f3\u017c oraz s\u0142odycz\u0105 czekolady i karmelu.<\/p>\n<ul>\n<li>Nuta g\u0142owy: neroli, bergamotka, ananas, brzoskwinia<\/li>\n<li>Nuta serca: fio\u0142ek, ja\u015bmin, r\u00f3\u017ca<\/li>\n<li>Nuta bazowa: czekolada, karmel, paczula<\/li>\n<\/ul>\n<p>\u00a0<\/p>\n<p>Zapasowe od\u015bwie\u017cacze przechowuj zawsze w ch\u0142odnym i suchym miejscu. Wysoka temperatura i wilgo\u0107 mog\u0105 os\u0142abi\u0107 ich intensywno\u015b\u0107, nawet jeszcze zanim zostan\u0105 u\u017cyte.<\/p>","protected":false},"excerpt":{"rendered":"<p>ViBEAR to designerski od\u015bwie\u017cacz powietrza w kszta\u0142cie misia, wykonany z kolorowego polimeru oraz eleganckiego, metalizowanego korpusu. Dzi\u0119ki innowacyjnej formule, utrzymuje zapach w samochodzie a\u017c do 60 dni. Mo\u017ce pe\u0142ni\u0107 funkcj\u0119 zawieszki na lusterko lub by\u0107 montowany w kratce nawiewu, zapewniaj\u0105c d\u0142ugotrwa\u0142\u0105 \u015bwie\u017co\u015b\u0107 oraz nowoczesny wygl\u0105d. MONZA to elektryzuj\u0105cy zapach kobiet b\u0142yskotliwych, kreatywnych i zdecydowanych. Aromat&hellip;&nbsp;<a href=\"https:\/\/liquidmaster.pl\/en\/vinove-vibear-monza-zapach-do-samochodu\/\" rel=\"bookmark\">Read More \u00bb<span class=\"screen-reader-text\">Vinove ViBEAR Monza \u2013 car fragrance<\/span><\/a><\/p>","protected":false},"featured_media":1850690,"comment_status":"open","ping_status":"open","template":"","meta":{"neve_meta_sidebar":"","neve_meta_container":"","neve_meta_enable_content_width":"","neve_meta_content_width":0,"neve_meta_title_alignment":"","neve_meta_author_avatar":"","neve_post_elements_order":"","neve_meta_disable_header":"","neve_meta_disable_footer":"","neve_meta_disable_title":"","_themeisle_gutenberg_block_has_review":false},"product_brand":[],"product_cat":[888,801,768],"product_tag":[],"class_list":{"0":"post-1809539","1":"product","2":"type-product","3":"status-publish","4":"has-post-thumbnail","6":"product_cat-dyfuzory-i-zawieszki","7":"product_cat-odswiezacze-powietrza","8":"product_cat-wnetrze-auta","10":"first","11":"outofstock","12":"taxable","13":"shipping-taxable","14":"purchasable","15":"product-type-simple"},"_links":{"self":[{"href":"https:\/\/liquidmaster.pl\/en\/wp-json\/wp\/v2\/product\/1809539","targetHints":{"allow":["GET"]}}],"collection":[{"href":"https:\/\/liquidmaster.pl\/en\/wp-json\/wp\/v2\/product"}],"about":[{"href":"https:\/\/liquidmaster.pl\/en\/wp-json\/wp\/v2\/types\/product"}],"replies":[{"embeddable":true,"href":"https:\/\/liquidmaster.pl\/en\/wp-json\/wp\/v2\/comments?post=1809539"}],"wp:featuredmedia":[{"embeddable":true,"href":"https:\/\/liquidmaster.pl\/en\/wp-json\/wp\/v2\/media\/1850690"}],"wp:attachment":[{"href":"https:\/\/liquidmaster.pl\/en\/wp-json\/wp\/v2\/media?parent=1809539"}],"wp:term":[{"taxonomy":"product_brand","embeddable":true,"href":"https:\/\/liquidmaster.pl\/en\/wp-json\/wp\/v2\/product_brand?post=1809539"},{"taxonomy":"product_cat","embeddable":true,"href":"https:\/\/liquidmaster.pl\/en\/wp-json\/wp\/v2\/product_cat?post=1809539"},{"taxonomy":"product_tag","embeddable":true,"href":"https:\/\/liquidmaster.pl\/en\/wp-json\/wp\/v2\/product_tag?post=1809539"}],"curies":[{"name":"wp","href":"https:\/\/api.w.org\/{rel}","templated":true}]}}