{"id":1809524,"date":"2025-03-28T21:42:29","date_gmt":"2025-03-28T19:42:29","guid":{"rendered":"https:\/\/liquidmaster.pl\/vinove-vibear-las-vegas-zapach-do-samochodu\/"},"modified":"2026-04-18T04:46:55","modified_gmt":"2026-04-18T02:46:55","slug":"vinove-vibear-las-vegas-zapach-do-samochodu","status":"publish","type":"product","link":"https:\/\/liquidmaster.pl\/en\/vinove-vibear-las-vegas-zapach-do-samochodu\/","title":{"rendered":"Vinove ViBEAR Las Vegas \u2013 car fragrance"},"content":{"rendered":"<p>ViBEAR to designerski od\u015bwie\u017cacz powietrza w kszta\u0142cie misia, wykonany z kolorowego polimeru oraz eleganckiego, metalizowanego korpusu. Dzi\u0119ki innowacyjnej formule, utrzymuje zapach w samochodzie a\u017c do 60 dni. Mo\u017ce pe\u0142ni\u0107 funkcj\u0119 zawieszki na lusterko lub by\u0107 montowany w kratce nawiewu, zapewniaj\u0105c d\u0142ugotrwa\u0142\u0105 \u015bwie\u017co\u015b\u0107 oraz nowoczesny wygl\u0105d. Perfumy Verona to subtelna kompozycja, kt\u00f3ra \u0142\u0105czy nuty irysa, jab\u0142ka, pi\u017cma, z g\u0142\u0119bok\u0105 ambrow\u0105 baz\u0105 oraz s\u0142odycz\u0105 br\u0105zowego cukru, tworz\u0105c elegancki, kwiatowo-owocowy zapach.<\/p>\n<p data-pm-slice=\"1 1 []\">Silny i przesi\u0105kni\u0119ty ambr\u0105 zapach jest dedykowany nieszablonowym m\u0119\u017cczyznom, kt\u00f3rych nie interesuje p\u00f3j\u015bcie utartym szlakiem. R\u00f3\u017cowy pieprz i bergamota stanowi\u0105 radosne preludium dla kwiatowo-orientalnej nuty serca, kt\u00f3r\u0105 wsp\u00f3lnie z ambr\u0105 tworz\u0105 akordy fio\u0142ka i r\u00f3\u017cy.<\/p>\n<p>Oud oraz pi\u017cmo uwydatniaj\u0105 zmys\u0142owy charakter kompozycji, podczas gdy wanilia rozgrzewa j\u0105 s\u0142odycz\u0105.<\/p>\n<ul>\n<li>Nuta g\u0142owy: r\u00f3\u017cowy pieprz, bergamotka<\/li>\n<li>Nuta serca: fio\u0142ek, r\u00f3\u017ca, ambra<\/li>\n<li>Nuta bazowa: oud, wanilia, pi\u017cmo<\/li>\n<\/ul>\n<p>\u00a0<\/p>\n<p>Zapasowe od\u015bwie\u017cacze przechowuj zawsze w ch\u0142odnym i suchym miejscu. Wysoka temperatura i wilgo\u0107 mog\u0105 os\u0142abi\u0107 ich intensywno\u015b\u0107, nawet jeszcze zanim zostan\u0105 u\u017cyte.<\/p>","protected":false},"excerpt":{"rendered":"<p>ViBEAR to designerski od\u015bwie\u017cacz powietrza w kszta\u0142cie misia, wykonany z kolorowego polimeru oraz eleganckiego, metalizowanego korpusu. Dzi\u0119ki innowacyjnej formule, utrzymuje zapach w samochodzie a\u017c do 60 dni. Mo\u017ce pe\u0142ni\u0107 funkcj\u0119 zawieszki na lusterko lub by\u0107 montowany w kratce nawiewu, zapewniaj\u0105c d\u0142ugotrwa\u0142\u0105 \u015bwie\u017co\u015b\u0107 oraz nowoczesny wygl\u0105d. Perfumy Verona to subtelna kompozycja, kt\u00f3ra \u0142\u0105czy nuty irysa, jab\u0142ka,&hellip;&nbsp;<a href=\"https:\/\/liquidmaster.pl\/en\/vinove-vibear-las-vegas-zapach-do-samochodu\/\" rel=\"bookmark\">Read More \u00bb<span class=\"screen-reader-text\">Vinove ViBEAR Las Vegas \u2013 car fragrance<\/span><\/a><\/p>","protected":false},"featured_media":1850671,"comment_status":"open","ping_status":"open","template":"","meta":{"neve_meta_sidebar":"","neve_meta_container":"","neve_meta_enable_content_width":"","neve_meta_content_width":0,"neve_meta_title_alignment":"","neve_meta_author_avatar":"","neve_post_elements_order":"","neve_meta_disable_header":"","neve_meta_disable_footer":"","neve_meta_disable_title":"","_themeisle_gutenberg_block_has_review":false},"product_brand":[],"product_cat":[888,801,768],"product_tag":[],"class_list":{"0":"post-1809524","1":"product","2":"type-product","3":"status-publish","4":"has-post-thumbnail","6":"product_cat-dyfuzory-i-zawieszki","7":"product_cat-odswiezacze-powietrza","8":"product_cat-wnetrze-auta","10":"first","11":"instock","12":"taxable","13":"shipping-taxable","14":"purchasable","15":"product-type-simple"},"_links":{"self":[{"href":"https:\/\/liquidmaster.pl\/en\/wp-json\/wp\/v2\/product\/1809524","targetHints":{"allow":["GET"]}}],"collection":[{"href":"https:\/\/liquidmaster.pl\/en\/wp-json\/wp\/v2\/product"}],"about":[{"href":"https:\/\/liquidmaster.pl\/en\/wp-json\/wp\/v2\/types\/product"}],"replies":[{"embeddable":true,"href":"https:\/\/liquidmaster.pl\/en\/wp-json\/wp\/v2\/comments?post=1809524"}],"wp:featuredmedia":[{"embeddable":true,"href":"https:\/\/liquidmaster.pl\/en\/wp-json\/wp\/v2\/media\/1850671"}],"wp:attachment":[{"href":"https:\/\/liquidmaster.pl\/en\/wp-json\/wp\/v2\/media?parent=1809524"}],"wp:term":[{"taxonomy":"product_brand","embeddable":true,"href":"https:\/\/liquidmaster.pl\/en\/wp-json\/wp\/v2\/product_brand?post=1809524"},{"taxonomy":"product_cat","embeddable":true,"href":"https:\/\/liquidmaster.pl\/en\/wp-json\/wp\/v2\/product_cat?post=1809524"},{"taxonomy":"product_tag","embeddable":true,"href":"https:\/\/liquidmaster.pl\/en\/wp-json\/wp\/v2\/product_tag?post=1809524"}],"curies":[{"name":"wp","href":"https:\/\/api.w.org\/{rel}","templated":true}]}}