{"id":1809518,"date":"2025-03-28T21:42:04","date_gmt":"2025-03-28T19:42:04","guid":{"rendered":"https:\/\/liquidmaster.pl\/vinove-verona-ekskluzywny-zapach-samochodowy\/"},"modified":"2026-04-18T04:46:54","modified_gmt":"2026-04-18T02:46:54","slug":"vinove-verona-ekskluzywny-zapach-samochodowy","status":"publish","type":"product","link":"https:\/\/liquidmaster.pl\/en\/vinove-verona-ekskluzywny-zapach-samochodowy\/","title":{"rendered":"Vinove Verona \u2013 exclusive car fragrance"},"content":{"rendered":"<p>Verona to misterna kompozycja, wyrafinowana, niemal poetycka. Na pocz\u0105tku otula upajaj\u0105cym akordem irysa oraz s\u0142odycz\u0105 sk\u00f3rki jab\u0142ka, by chwil\u0119 p\u00f3\u017aniej do g\u0142osu dopu\u015bci\u0107 ostrzejsze nuty drzewne, mchowe i korzenne.<\/p>\n<p>G\u0142\u0119bi perfumom nadaje duet pi\u017cmowo-ambrowy a rozgrzewaj\u0105cy aromat br\u0105zowego cukru uwypukla kwiatowo-owocowe nuty.<\/p>\n<ul>\n<li>Nuta g\u0142owy: irys, sk\u00f3rka jab\u0142ka<\/li>\n<li>Nuta serca: pi\u017cmo, mech, nuty korzenne<\/li>\n<li>Nuta bazowa: ambra, br\u0105zowy cukier<\/li>\n<\/ul>\n<p>\u00a0<\/p>\n<p>Zapasowe od\u015bwie\u017cacze przechowuj zawsze w ch\u0142odnym i suchym miejscu. Wysoka temperatura i wilgo\u0107 mog\u0105 os\u0142abi\u0107 ich intensywno\u015b\u0107, nawet jeszcze zanim zostan\u0105 u\u017cyte.<\/p>","protected":false},"excerpt":{"rendered":"<p>Verona to misterna kompozycja, wyrafinowana, niemal poetycka. Na pocz\u0105tku otula upajaj\u0105cym akordem irysa oraz s\u0142odycz\u0105 sk\u00f3rki jab\u0142ka, by chwil\u0119 p\u00f3\u017aniej do g\u0142osu dopu\u015bci\u0107 ostrzejsze nuty drzewne, mchowe i korzenne. G\u0142\u0119bi perfumom nadaje duet pi\u017cmowo-ambrowy a rozgrzewaj\u0105cy aromat br\u0105zowego cukru uwypukla kwiatowo-owocowe nuty. Nuta g\u0142owy: irys, sk\u00f3rka jab\u0142ka Nuta serca: pi\u017cmo, mech, nuty korzenne Nuta bazowa:&hellip;&nbsp;<a href=\"https:\/\/liquidmaster.pl\/en\/vinove-verona-ekskluzywny-zapach-samochodowy\/\" rel=\"bookmark\">Read More \u00bb<span class=\"screen-reader-text\">Vinove Verona \u2013 exclusive car fragrance<\/span><\/a><\/p>","protected":false},"featured_media":1850667,"comment_status":"open","ping_status":"open","template":"","meta":{"neve_meta_sidebar":"","neve_meta_container":"","neve_meta_enable_content_width":"","neve_meta_content_width":0,"neve_meta_title_alignment":"","neve_meta_author_avatar":"","neve_post_elements_order":"","neve_meta_disable_header":"","neve_meta_disable_footer":"","neve_meta_disable_title":"","_themeisle_gutenberg_block_has_review":false},"product_brand":[],"product_cat":[888,801,768],"product_tag":[],"class_list":{"0":"post-1809518","1":"product","2":"type-product","3":"status-publish","4":"has-post-thumbnail","6":"product_cat-dyfuzory-i-zawieszki","7":"product_cat-odswiezacze-powietrza","8":"product_cat-wnetrze-auta","10":"first","11":"instock","12":"taxable","13":"shipping-taxable","14":"purchasable","15":"product-type-simple"},"_links":{"self":[{"href":"https:\/\/liquidmaster.pl\/en\/wp-json\/wp\/v2\/product\/1809518","targetHints":{"allow":["GET"]}}],"collection":[{"href":"https:\/\/liquidmaster.pl\/en\/wp-json\/wp\/v2\/product"}],"about":[{"href":"https:\/\/liquidmaster.pl\/en\/wp-json\/wp\/v2\/types\/product"}],"replies":[{"embeddable":true,"href":"https:\/\/liquidmaster.pl\/en\/wp-json\/wp\/v2\/comments?post=1809518"}],"wp:featuredmedia":[{"embeddable":true,"href":"https:\/\/liquidmaster.pl\/en\/wp-json\/wp\/v2\/media\/1850667"}],"wp:attachment":[{"href":"https:\/\/liquidmaster.pl\/en\/wp-json\/wp\/v2\/media?parent=1809518"}],"wp:term":[{"taxonomy":"product_brand","embeddable":true,"href":"https:\/\/liquidmaster.pl\/en\/wp-json\/wp\/v2\/product_brand?post=1809518"},{"taxonomy":"product_cat","embeddable":true,"href":"https:\/\/liquidmaster.pl\/en\/wp-json\/wp\/v2\/product_cat?post=1809518"},{"taxonomy":"product_tag","embeddable":true,"href":"https:\/\/liquidmaster.pl\/en\/wp-json\/wp\/v2\/product_tag?post=1809518"}],"curies":[{"name":"wp","href":"https:\/\/api.w.org\/{rel}","templated":true}]}}