{"id":1809503,"date":"2025-03-28T21:40:31","date_gmt":"2025-03-28T19:40:31","guid":{"rendered":"https:\/\/liquidmaster.pl\/vinove-refill-blister-rome-wklad-do-zapachu\/"},"modified":"2026-04-18T04:46:51","modified_gmt":"2026-04-18T02:46:51","slug":"vinove-refill-blister-rome-wklad-do-zapachu","status":"publish","type":"product","link":"https:\/\/liquidmaster.pl\/en\/vinove-refill-blister-rome-wklad-do-zapachu\/","title":{"rendered":"Vinove Refill Blister Rome \u2013 fragrance refill"},"content":{"rendered":"<p>Vinove Refill Rome &#8211; to wymienny wk\u0142ad do ekskluzywnych zapach\u00f3w samochodowych Vinove.<\/p>\n<p>Rome to kwintesencja m\u0119skiego zapachu, po\u0142\u0105czenie si\u0142y i trwa\u0142o\u015bci tkwi\u0105cej w cedrowym drewnie, oraz delikatno\u015bci zakl\u0119tej w powiewie wanilii, prze\u0142amanej szczypt\u0105 cynamonu.<\/p>\n<ul>\n<li>Top notes: plum, cinnamon, cumin<\/li>\n<li>Heart notes: saffron, cedarwood, patchouli<\/li>\n<li>Base notes: tobacco, sandalwood, vanilla, leather<\/li>\n<\/ul>\n<p>\u00a0<\/p>\n<p>Zapasowe od\u015bwie\u017cacze przechowuj zawsze w ch\u0142odnym i suchym miejscu. Wysoka temperatura i wilgo\u0107 mog\u0105 os\u0142abi\u0107 ich intensywno\u015b\u0107, nawet jeszcze zanim zostan\u0105 u\u017cyte.<\/p>","protected":false},"excerpt":{"rendered":"<p>Vinove Refill Rome &#8211; to wymienny wk\u0142ad do ekskluzywnych zapach\u00f3w samochodowych Vinove. Rome to kwintesencja m\u0119skiego zapachu, po\u0142\u0105czenie si\u0142y i trwa\u0142o\u015bci tkwi\u0105cej w cedrowym drewnie, oraz delikatno\u015bci zakl\u0119tej w powiewie wanilii, prze\u0142amanej szczypt\u0105 cynamonu. Nuta g\u0142owy: \u015bliwka, cynamon, kminek Nuta serca: szafran, drewno cedrowe, paczula Nuta bazowa: tyto\u0144, drzewo sanda\u0142owe, wanilia, sk\u00f3ra \u00a0 Zapasowe od\u015bwie\u017cacze&hellip;&nbsp;<a href=\"https:\/\/liquidmaster.pl\/en\/vinove-refill-blister-rome-wklad-do-zapachu\/\" rel=\"bookmark\">Read More \u00bb<span class=\"screen-reader-text\">Vinove Refill Blister Rome \u2013 fragrance refill<\/span><\/a><\/p>","protected":false},"featured_media":1850642,"comment_status":"open","ping_status":"open","template":"","meta":{"neve_meta_sidebar":"","neve_meta_container":"","neve_meta_enable_content_width":"","neve_meta_content_width":0,"neve_meta_title_alignment":"","neve_meta_author_avatar":"","neve_post_elements_order":"","neve_meta_disable_header":"","neve_meta_disable_footer":"","neve_meta_disable_title":"","_themeisle_gutenberg_block_has_review":false},"product_brand":[],"product_cat":[888,801,768],"product_tag":[],"class_list":{"0":"post-1809503","1":"product","2":"type-product","3":"status-publish","4":"has-post-thumbnail","6":"product_cat-dyfuzory-i-zawieszki","7":"product_cat-odswiezacze-powietrza","8":"product_cat-wnetrze-auta","10":"first","11":"instock","12":"taxable","13":"shipping-taxable","14":"purchasable","15":"product-type-simple"},"_links":{"self":[{"href":"https:\/\/liquidmaster.pl\/en\/wp-json\/wp\/v2\/product\/1809503","targetHints":{"allow":["GET"]}}],"collection":[{"href":"https:\/\/liquidmaster.pl\/en\/wp-json\/wp\/v2\/product"}],"about":[{"href":"https:\/\/liquidmaster.pl\/en\/wp-json\/wp\/v2\/types\/product"}],"replies":[{"embeddable":true,"href":"https:\/\/liquidmaster.pl\/en\/wp-json\/wp\/v2\/comments?post=1809503"}],"wp:featuredmedia":[{"embeddable":true,"href":"https:\/\/liquidmaster.pl\/en\/wp-json\/wp\/v2\/media\/1850642"}],"wp:attachment":[{"href":"https:\/\/liquidmaster.pl\/en\/wp-json\/wp\/v2\/media?parent=1809503"}],"wp:term":[{"taxonomy":"product_brand","embeddable":true,"href":"https:\/\/liquidmaster.pl\/en\/wp-json\/wp\/v2\/product_brand?post=1809503"},{"taxonomy":"product_cat","embeddable":true,"href":"https:\/\/liquidmaster.pl\/en\/wp-json\/wp\/v2\/product_cat?post=1809503"},{"taxonomy":"product_tag","embeddable":true,"href":"https:\/\/liquidmaster.pl\/en\/wp-json\/wp\/v2\/product_tag?post=1809503"}],"curies":[{"name":"wp","href":"https:\/\/api.w.org\/{rel}","templated":true}]}}