{"id":1809491,"date":"2025-03-28T21:40:05","date_gmt":"2025-03-28T19:40:05","guid":{"rendered":"https:\/\/liquidmaster.pl\/vinove-prestige-wood-line-dakar-drewniany-zapach-samochodowy\/"},"modified":"2026-04-18T04:46:49","modified_gmt":"2026-04-18T02:46:49","slug":"vinove-prestige-wood-line-dakar-drewniany-zapach-samochodowy","status":"publish","type":"product","link":"https:\/\/liquidmaster.pl\/en\/vinove-prestige-wood-line-dakar-drewniany-zapach-samochodowy\/","title":{"rendered":"Vinove Prestige Wood Line Dakar \u2013 wooden car fragrance"},"content":{"rendered":"<p>DAKAR to wiatr na sk\u00f3rze rozgrzanej s\u0142o\u0144cem. To wyprawa w stron\u0119 orientu, wysublimowany zapach, kt\u00f3ry wywo\u0142uje silne emocje i pobudza zmys\u0142y. Niezwykle eleganck\u0105 kompozycj\u0119 kadzid\u0142a i agaru ocieplaj\u0105 akordy szafranu a \u015bwie\u017co\u015b\u0107 geranium i brzozy harmonijnie j\u0105 r\u00f3wnowa\u017c\u0105.<\/p>\n<p>Dope\u0142nieniem s\u0105 nuty benzoesu oraz drzewa bursztynowego, kt\u00f3re intensyfikuj\u0105 drzewno-kadzid\u0142owy charakter perfum.<\/p>\n<ul>\n<li>Nuta g\u0142owy: geranium, malina<\/li>\n<li>Nuta serca: brzoza, kadzid\u0142o, szafran<\/li>\n<li>Nuta bazowa: agar, benzoes, drzewo bursztynowe<\/li>\n<\/ul>\n<p>\u00a0<\/p>\n<p>Zapasowe od\u015bwie\u017cacze przechowuj zawsze w ch\u0142odnym i suchym miejscu. Wysoka temperatura i wilgo\u0107 mog\u0105 os\u0142abi\u0107 ich intensywno\u015b\u0107, nawet jeszcze zanim zostan\u0105 u\u017cyte.<\/p>","protected":false},"excerpt":{"rendered":"<p>DAKAR to wiatr na sk\u00f3rze rozgrzanej s\u0142o\u0144cem. To wyprawa w stron\u0119 orientu, wysublimowany zapach, kt\u00f3ry wywo\u0142uje silne emocje i pobudza zmys\u0142y. Niezwykle eleganck\u0105 kompozycj\u0119 kadzid\u0142a i agaru ocieplaj\u0105 akordy szafranu a \u015bwie\u017co\u015b\u0107 geranium i brzozy harmonijnie j\u0105 r\u00f3wnowa\u017c\u0105. Dope\u0142nieniem s\u0105 nuty benzoesu oraz drzewa bursztynowego, kt\u00f3re intensyfikuj\u0105 drzewno-kadzid\u0142owy charakter perfum. Nuta g\u0142owy: geranium, malina Nuta&hellip;&nbsp;<a href=\"https:\/\/liquidmaster.pl\/en\/vinove-prestige-wood-line-dakar-drewniany-zapach-samochodowy\/\" rel=\"bookmark\">Read More \u00bb<span class=\"screen-reader-text\">Vinove Prestige Wood Line Dakar \u2013 wooden car fragrance<\/span><\/a><\/p>","protected":false},"featured_media":1850626,"comment_status":"open","ping_status":"open","template":"","meta":{"neve_meta_sidebar":"","neve_meta_container":"","neve_meta_enable_content_width":"","neve_meta_content_width":0,"neve_meta_title_alignment":"","neve_meta_author_avatar":"","neve_post_elements_order":"","neve_meta_disable_header":"","neve_meta_disable_footer":"","neve_meta_disable_title":"","_themeisle_gutenberg_block_has_review":false},"product_brand":[],"product_cat":[888,801,768],"product_tag":[],"class_list":{"0":"post-1809491","1":"product","2":"type-product","3":"status-publish","4":"has-post-thumbnail","6":"product_cat-dyfuzory-i-zawieszki","7":"product_cat-odswiezacze-powietrza","8":"product_cat-wnetrze-auta","10":"first","11":"instock","12":"taxable","13":"shipping-taxable","14":"purchasable","15":"product-type-simple"},"_links":{"self":[{"href":"https:\/\/liquidmaster.pl\/en\/wp-json\/wp\/v2\/product\/1809491","targetHints":{"allow":["GET"]}}],"collection":[{"href":"https:\/\/liquidmaster.pl\/en\/wp-json\/wp\/v2\/product"}],"about":[{"href":"https:\/\/liquidmaster.pl\/en\/wp-json\/wp\/v2\/types\/product"}],"replies":[{"embeddable":true,"href":"https:\/\/liquidmaster.pl\/en\/wp-json\/wp\/v2\/comments?post=1809491"}],"wp:featuredmedia":[{"embeddable":true,"href":"https:\/\/liquidmaster.pl\/en\/wp-json\/wp\/v2\/media\/1850626"}],"wp:attachment":[{"href":"https:\/\/liquidmaster.pl\/en\/wp-json\/wp\/v2\/media?parent=1809491"}],"wp:term":[{"taxonomy":"product_brand","embeddable":true,"href":"https:\/\/liquidmaster.pl\/en\/wp-json\/wp\/v2\/product_brand?post=1809491"},{"taxonomy":"product_cat","embeddable":true,"href":"https:\/\/liquidmaster.pl\/en\/wp-json\/wp\/v2\/product_cat?post=1809491"},{"taxonomy":"product_tag","embeddable":true,"href":"https:\/\/liquidmaster.pl\/en\/wp-json\/wp\/v2\/product_tag?post=1809491"}],"curies":[{"name":"wp","href":"https:\/\/api.w.org\/{rel}","templated":true}]}}