{"id":1809488,"date":"2025-03-28T21:40:05","date_gmt":"2025-03-28T19:40:05","guid":{"rendered":"https:\/\/liquidmaster.pl\/vinove-power-line-silverstone-zapach-do-samochodu\/"},"modified":"2026-04-18T04:46:49","modified_gmt":"2026-04-18T02:46:49","slug":"vinove-power-line-silverstone-zapach-do-samochodu","status":"publish","type":"product","link":"https:\/\/liquidmaster.pl\/en\/vinove-power-line-silverstone-zapach-do-samochodu\/","title":{"rendered":"Vinove Power Line Silverstone \u2013 car fragrance"},"content":{"rendered":"<p>Najnowsza seria zapach\u00f3w z frontem wykonanym z imitacji Carbonu, nadaj\u0105cym sportowego sznytu wewn\u0105trz samochodu.<\/p>\n<p>Silverstone to kwintesencja m\u0119skiej rywalizacji. Zapach lider\u00f3w i pretendent\u00f3w do podium. Dzia\u0142a energetyzuj\u0105co. Na starcie zaskakuje \u015bwie\u017co\u015bci\u0105 cytryny i zi\u00f3\u0142 z lawend\u0105. Rozp\u0119dza si\u0119 nutami drzewnymi z pomara\u0144czowym turbodo\u0142adowaniem. Finiszuje pi\u017cmem i moc\u0105 paczuli.<br \/>\nSilverstone to zapach zwyci\u0119zc\u00f3w.<\/p>\n<ul>\n<li>Nuta g\u0142owy: cytryna, zio\u0142a, lawenda<\/li>\n<li>Nuta serca: nuty drzewne z dominacj\u0105 cedru, kwiat pomara\u0144czy<\/li>\n<li>Nuta bazowa: pi\u017cmo i nuty pudrowe z akcentem paczuli<\/li>\n<\/ul>\n<p>\u00a0<\/p>\n<p>Zapasowe od\u015bwie\u017cacze przechowuj zawsze w ch\u0142odnym i suchym miejscu. Wysoka temperatura i wilgo\u0107 mog\u0105 os\u0142abi\u0107 ich intensywno\u015b\u0107, nawet jeszcze zanim zostan\u0105 u\u017cyte.<\/p>","protected":false},"excerpt":{"rendered":"<p>Najnowsza seria zapach\u00f3w z frontem wykonanym z imitacji Carbonu, nadaj\u0105cym sportowego sznytu wewn\u0105trz samochodu. Silverstone to kwintesencja m\u0119skiej rywalizacji. Zapach lider\u00f3w i pretendent\u00f3w do podium. Dzia\u0142a energetyzuj\u0105co. Na starcie zaskakuje \u015bwie\u017co\u015bci\u0105 cytryny i zi\u00f3\u0142 z lawend\u0105. Rozp\u0119dza si\u0119 nutami drzewnymi z pomara\u0144czowym turbodo\u0142adowaniem. Finiszuje pi\u017cmem i moc\u0105 paczuli. Silverstone to zapach zwyci\u0119zc\u00f3w. Nuta g\u0142owy: cytryna,&hellip;&nbsp;<a href=\"https:\/\/liquidmaster.pl\/en\/vinove-power-line-silverstone-zapach-do-samochodu\/\" rel=\"bookmark\">Read More \u00bb<span class=\"screen-reader-text\">Vinove Power Line Silverstone \u2013 car fragrance<\/span><\/a><\/p>","protected":false},"featured_media":1850616,"comment_status":"open","ping_status":"open","template":"","meta":{"neve_meta_sidebar":"","neve_meta_container":"","neve_meta_enable_content_width":"","neve_meta_content_width":0,"neve_meta_title_alignment":"","neve_meta_author_avatar":"","neve_post_elements_order":"","neve_meta_disable_header":"","neve_meta_disable_footer":"","neve_meta_disable_title":"","_themeisle_gutenberg_block_has_review":false},"product_brand":[],"product_cat":[888,801,768],"product_tag":[],"class_list":{"0":"post-1809488","1":"product","2":"type-product","3":"status-publish","4":"has-post-thumbnail","6":"product_cat-dyfuzory-i-zawieszki","7":"product_cat-odswiezacze-powietrza","8":"product_cat-wnetrze-auta","10":"first","11":"instock","12":"taxable","13":"shipping-taxable","14":"purchasable","15":"product-type-simple"},"_links":{"self":[{"href":"https:\/\/liquidmaster.pl\/en\/wp-json\/wp\/v2\/product\/1809488","targetHints":{"allow":["GET"]}}],"collection":[{"href":"https:\/\/liquidmaster.pl\/en\/wp-json\/wp\/v2\/product"}],"about":[{"href":"https:\/\/liquidmaster.pl\/en\/wp-json\/wp\/v2\/types\/product"}],"replies":[{"embeddable":true,"href":"https:\/\/liquidmaster.pl\/en\/wp-json\/wp\/v2\/comments?post=1809488"}],"wp:featuredmedia":[{"embeddable":true,"href":"https:\/\/liquidmaster.pl\/en\/wp-json\/wp\/v2\/media\/1850616"}],"wp:attachment":[{"href":"https:\/\/liquidmaster.pl\/en\/wp-json\/wp\/v2\/media?parent=1809488"}],"wp:term":[{"taxonomy":"product_brand","embeddable":true,"href":"https:\/\/liquidmaster.pl\/en\/wp-json\/wp\/v2\/product_brand?post=1809488"},{"taxonomy":"product_cat","embeddable":true,"href":"https:\/\/liquidmaster.pl\/en\/wp-json\/wp\/v2\/product_cat?post=1809488"},{"taxonomy":"product_tag","embeddable":true,"href":"https:\/\/liquidmaster.pl\/en\/wp-json\/wp\/v2\/product_tag?post=1809488"}],"curies":[{"name":"wp","href":"https:\/\/api.w.org\/{rel}","templated":true}]}}