{"id":1809485,"date":"2025-03-28T21:38:53","date_gmt":"2025-03-28T19:38:53","guid":{"rendered":"https:\/\/liquidmaster.pl\/vinove-power-line-rome-zapach-do-samochodu\/"},"modified":"2026-04-18T04:46:48","modified_gmt":"2026-04-18T02:46:48","slug":"vinove-power-line-rome-zapach-do-samochodu","status":"publish","type":"product","link":"https:\/\/liquidmaster.pl\/en\/vinove-power-line-rome-zapach-do-samochodu\/","title":{"rendered":"Vinove Power Line Rome \u2013 car fragrance"},"content":{"rendered":"<p>Perfumy samochodowe VINOVE ROME POWER LINE<\/p>\n<p>Najnowsza seria zapach\u00f3w z frontem wykonanym z imitacji CARBONU, nadaj\u0105cym sportowego sznytu wewn\u0105trz samochodu.<\/p>\n<p>ROME is a breath of history from the &quot;Eternal City&quot; of Rome. It evokes the courage of the ancient Romans and the warlike spirit of gladiators.<br \/>\nROME is the quintessence of a masculine scent, a combination of strength and durability inherent in cedar wood, and delicacy captured in a hint of vanilla, broken with a pinch of cinnamon.<\/p>\n<ul>\n<li>Top notes: plum, cinnamon, cumin<\/li>\n<li>Heart notes: saffron, cedarwood, patchouli<\/li>\n<li>Base notes: tobacco, sandalwood, vanilla, leather<\/li>\n<\/ul>\n<p>\u00a0<\/p>\n<p>Zapasowe od\u015bwie\u017cacze przechowuj zawsze w ch\u0142odnym i suchym miejscu. Wysoka temperatura i wilgo\u0107 mog\u0105 os\u0142abi\u0107 ich intensywno\u015b\u0107, nawet jeszcze zanim zostan\u0105 u\u017cyte.<\/p>","protected":false},"excerpt":{"rendered":"<p>Perfumy samochodowe VINOVE ROME POWER LINE Najnowsza seria zapach\u00f3w z frontem wykonanym z imitacji CARBONU, nadaj\u0105cym sportowego sznytu wewn\u0105trz samochodu. ROME to powiew historii \u201ewiecznego miasta\u201d Rzymu. Przywodzi na my\u015bl m\u0119stwo staro\u017cytnych Rzymian oraz wojowniczo\u015b\u0107 gladiator\u00f3w. ROME to kwintesencja m\u0119skiego zapachu, po\u0142\u0105czenie si\u0142y i trwa\u0142o\u015bci tkwi\u0105cej w cedrowym drewnie, oraz delikatno\u015bci zakl\u0119tej w powiewie wanilii,&hellip;&nbsp;<a href=\"https:\/\/liquidmaster.pl\/en\/vinove-power-line-rome-zapach-do-samochodu\/\" rel=\"bookmark\">Read More \u00bb<span class=\"screen-reader-text\">Vinove Power Line Rome \u2013 car fragrance<\/span><\/a><\/p>","protected":false},"featured_media":1850613,"comment_status":"open","ping_status":"open","template":"","meta":{"neve_meta_sidebar":"","neve_meta_container":"","neve_meta_enable_content_width":"","neve_meta_content_width":0,"neve_meta_title_alignment":"","neve_meta_author_avatar":"","neve_post_elements_order":"","neve_meta_disable_header":"","neve_meta_disable_footer":"","neve_meta_disable_title":"","_themeisle_gutenberg_block_has_review":false},"product_brand":[],"product_cat":[888,801,768],"product_tag":[],"class_list":{"0":"post-1809485","1":"product","2":"type-product","3":"status-publish","4":"has-post-thumbnail","6":"product_cat-dyfuzory-i-zawieszki","7":"product_cat-odswiezacze-powietrza","8":"product_cat-wnetrze-auta","10":"first","11":"instock","12":"taxable","13":"shipping-taxable","14":"purchasable","15":"product-type-simple"},"_links":{"self":[{"href":"https:\/\/liquidmaster.pl\/en\/wp-json\/wp\/v2\/product\/1809485","targetHints":{"allow":["GET"]}}],"collection":[{"href":"https:\/\/liquidmaster.pl\/en\/wp-json\/wp\/v2\/product"}],"about":[{"href":"https:\/\/liquidmaster.pl\/en\/wp-json\/wp\/v2\/types\/product"}],"replies":[{"embeddable":true,"href":"https:\/\/liquidmaster.pl\/en\/wp-json\/wp\/v2\/comments?post=1809485"}],"wp:featuredmedia":[{"embeddable":true,"href":"https:\/\/liquidmaster.pl\/en\/wp-json\/wp\/v2\/media\/1850613"}],"wp:attachment":[{"href":"https:\/\/liquidmaster.pl\/en\/wp-json\/wp\/v2\/media?parent=1809485"}],"wp:term":[{"taxonomy":"product_brand","embeddable":true,"href":"https:\/\/liquidmaster.pl\/en\/wp-json\/wp\/v2\/product_brand?post=1809485"},{"taxonomy":"product_cat","embeddable":true,"href":"https:\/\/liquidmaster.pl\/en\/wp-json\/wp\/v2\/product_cat?post=1809485"},{"taxonomy":"product_tag","embeddable":true,"href":"https:\/\/liquidmaster.pl\/en\/wp-json\/wp\/v2\/product_tag?post=1809485"}],"curies":[{"name":"wp","href":"https:\/\/api.w.org\/{rel}","templated":true}]}}