{"id":1809476,"date":"2025-03-28T21:38:28","date_gmt":"2025-03-28T19:38:28","guid":{"rendered":"https:\/\/liquidmaster.pl\/vinove-paris-ekskluzywny-zapach-samochodowy\/"},"modified":"2026-04-18T04:46:47","modified_gmt":"2026-04-18T02:46:47","slug":"vinove-paris-ekskluzywny-zapach-samochodowy","status":"publish","type":"product","link":"https:\/\/liquidmaster.pl\/en\/vinove-paris-ekskluzywny-zapach-samochodowy\/","title":{"rendered":"Vinove Paris &#8211; ekskluzywny zapach samochodowy"},"content":{"rendered":"<p>Vinove Paris\u00a0&#8211; ekskluzywny zapach samochodowy, kt\u00f3ry przywo\u0142uje najpi\u0119kniejsze wspomnienia z romantycznych spacer\u00f3w ulicami francuskiej stolicy mody.<\/p>\n<p>\u0141\u0105czy w sobie delikatno\u015b\u0107 p\u0142atk\u00f3w r\u00f3\u017c i intensywno\u015b\u0107 szafranu z wyrafinowanym zapachem oud i g\u0142\u0119bi\u0105 wanilii. Luksus zamkni\u0119ty w perfumach Vinove Paris.<\/p>\n<p>Nuta g\u0142owy: mandarynka, brzoskwinia, szafran<\/p>\n<p>Nuta serca: ja\u015bmin, gardenia, r\u00f3\u017ca<\/p>\n<p>Nuta bazowa: sk\u00f3ra, patchoili, wanilia, oud<\/p>\n<p>\u00a0<\/p>\n<p>Zapasowe od\u015bwie\u017cacze przechowuj zawsze w ch\u0142odnym i suchym miejscu. Wysoka temperatura i wilgo\u0107 mog\u0105 os\u0142abi\u0107 ich intensywno\u015b\u0107, nawet jeszcze zanim zostan\u0105 u\u017cyte.<\/p>","protected":false},"excerpt":{"rendered":"<p>Vinove Paris\u00a0&#8211; ekskluzywny zapach samochodowy, kt\u00f3ry przywo\u0142uje najpi\u0119kniejsze wspomnienia z romantycznych spacer\u00f3w ulicami francuskiej stolicy mody. \u0141\u0105czy w sobie delikatno\u015b\u0107 p\u0142atk\u00f3w r\u00f3\u017c i intensywno\u015b\u0107 szafranu z wyrafinowanym zapachem oud i g\u0142\u0119bi\u0105 wanilii. Luksus zamkni\u0119ty w perfumach Vinove Paris. Nuta g\u0142owy: mandarynka, brzoskwinia, szafran Nuta serca: ja\u015bmin, gardenia, r\u00f3\u017ca Nuta bazowa: sk\u00f3ra, patchoili, wanilia, oud \u00a0&hellip;&nbsp;<a href=\"https:\/\/liquidmaster.pl\/en\/vinove-paris-ekskluzywny-zapach-samochodowy\/\" rel=\"bookmark\">Read More \u00bb<span class=\"screen-reader-text\">Vinove Paris &#8211; ekskluzywny zapach samochodowy<\/span><\/a><\/p>","protected":false},"featured_media":1850603,"comment_status":"open","ping_status":"open","template":"","meta":{"neve_meta_sidebar":"","neve_meta_container":"","neve_meta_enable_content_width":"","neve_meta_content_width":0,"neve_meta_title_alignment":"","neve_meta_author_avatar":"","neve_post_elements_order":"","neve_meta_disable_header":"","neve_meta_disable_footer":"","neve_meta_disable_title":"","_themeisle_gutenberg_block_has_review":false},"product_brand":[],"product_cat":[888,801,768],"product_tag":[],"class_list":{"0":"post-1809476","1":"product","2":"type-product","3":"status-publish","4":"has-post-thumbnail","6":"product_cat-dyfuzory-i-zawieszki","7":"product_cat-odswiezacze-powietrza","8":"product_cat-wnetrze-auta","10":"first","11":"instock","12":"taxable","13":"shipping-taxable","14":"purchasable","15":"product-type-simple"},"_links":{"self":[{"href":"https:\/\/liquidmaster.pl\/en\/wp-json\/wp\/v2\/product\/1809476","targetHints":{"allow":["GET"]}}],"collection":[{"href":"https:\/\/liquidmaster.pl\/en\/wp-json\/wp\/v2\/product"}],"about":[{"href":"https:\/\/liquidmaster.pl\/en\/wp-json\/wp\/v2\/types\/product"}],"replies":[{"embeddable":true,"href":"https:\/\/liquidmaster.pl\/en\/wp-json\/wp\/v2\/comments?post=1809476"}],"wp:featuredmedia":[{"embeddable":true,"href":"https:\/\/liquidmaster.pl\/en\/wp-json\/wp\/v2\/media\/1850603"}],"wp:attachment":[{"href":"https:\/\/liquidmaster.pl\/en\/wp-json\/wp\/v2\/media?parent=1809476"}],"wp:term":[{"taxonomy":"product_brand","embeddable":true,"href":"https:\/\/liquidmaster.pl\/en\/wp-json\/wp\/v2\/product_brand?post=1809476"},{"taxonomy":"product_cat","embeddable":true,"href":"https:\/\/liquidmaster.pl\/en\/wp-json\/wp\/v2\/product_cat?post=1809476"},{"taxonomy":"product_tag","embeddable":true,"href":"https:\/\/liquidmaster.pl\/en\/wp-json\/wp\/v2\/product_tag?post=1809476"}],"curies":[{"name":"wp","href":"https:\/\/api.w.org\/{rel}","templated":true}]}}