{"id":1809461,"date":"2025-03-28T21:38:04","date_gmt":"2025-03-28T19:38:04","guid":{"rendered":"https:\/\/liquidmaster.pl\/vinove-scented-card-milano-zawieszka-zapachowa\/"},"modified":"2026-04-18T04:46:44","modified_gmt":"2026-04-18T02:46:44","slug":"vinove-scented-card-milano-zawieszka-zapachowa","status":"publish","type":"product","link":"https:\/\/liquidmaster.pl\/en\/vinove-scented-card-milano-zawieszka-zapachowa\/","title":{"rendered":"Vinove Scented Card Milano &#8211; zawieszka zapachowa"},"content":{"rendered":"<p>Vinove Scented Card is a fragrance card with an original texture inspired by nature \u2013 the geometric structure of crystals and semi-precious stones.<\/p>\n<p>MILANO to po\u0142\u0105czenie wyra\u017anego i odwa\u017cnego zapachu kardamonu z domieszk\u0105 ostrego pieprzu rozpalaj\u0105 tw\u00f3rczo, a delikatna nuta listk\u00f3w fio\u0142ka i \u015bwie\u017cej sza\u0142wii subtelnie pobudzaj\u0105, nadaj\u0105c ca\u0142o\u015bci m\u0142odzie\u0144czego powiewu. Aromat wanilii dzia\u0142a odpr\u0119\u017caj\u0105co na wszystkie zmys\u0142y natomiast cynamonowo-kasztanowy aromat przyprawia o b\u0142ogostan.<\/p>\n<ul>\n<li>Top notes: cardamom, violet and bougainvillea leaves, mint, pink pepper<\/li>\n<li>Heart notes: pineapple, melon, hibiscus<\/li>\n<li>Base note: horse chestnut, amber, pine, vanilla<\/li>\n<\/ul>\n<p>\u00a0<\/p>\n<p>Zapasowe od\u015bwie\u017cacze przechowuj zawsze w ch\u0142odnym i suchym miejscu. Wysoka temperatura i wilgo\u0107 mog\u0105 os\u0142abi\u0107 ich intensywno\u015b\u0107, nawet jeszcze zanim zostan\u0105 u\u017cyte.<\/p>","protected":false},"excerpt":{"rendered":"<p>Vinove Scented Card to karta zapachowa o oryginalnej fakturze inspirowana natur\u0105 &#8211; geometryczn\u0105 struktur\u0105 kryszta\u0142\u00f3w i kamieni p\u00f3\u0142szlachetnych. MILANO to po\u0142\u0105czenie wyra\u017anego i odwa\u017cnego zapachu kardamonu z domieszk\u0105 ostrego pieprzu rozpalaj\u0105 tw\u00f3rczo, a delikatna nuta listk\u00f3w fio\u0142ka i \u015bwie\u017cej sza\u0142wii subtelnie pobudzaj\u0105, nadaj\u0105c ca\u0142o\u015bci m\u0142odzie\u0144czego powiewu. Aromat wanilii dzia\u0142a odpr\u0119\u017caj\u0105co na wszystkie zmys\u0142y natomiast cynamonowo-kasztanowy&hellip;&nbsp;<a href=\"https:\/\/liquidmaster.pl\/en\/vinove-scented-card-milano-zawieszka-zapachowa\/\" rel=\"bookmark\">Read More \u00bb<span class=\"screen-reader-text\">Vinove Scented Card Milano &#8211; zawieszka zapachowa<\/span><\/a><\/p>","protected":false},"featured_media":1850584,"comment_status":"open","ping_status":"open","template":"","meta":{"neve_meta_sidebar":"","neve_meta_container":"","neve_meta_enable_content_width":"","neve_meta_content_width":0,"neve_meta_title_alignment":"","neve_meta_author_avatar":"","neve_post_elements_order":"","neve_meta_disable_header":"","neve_meta_disable_footer":"","neve_meta_disable_title":"","_themeisle_gutenberg_block_has_review":false},"product_brand":[],"product_cat":[888,801,768],"product_tag":[],"class_list":{"0":"post-1809461","1":"product","2":"type-product","3":"status-publish","4":"has-post-thumbnail","6":"product_cat-dyfuzory-i-zawieszki","7":"product_cat-odswiezacze-powietrza","8":"product_cat-wnetrze-auta","10":"first","11":"instock","12":"taxable","13":"shipping-taxable","14":"purchasable","15":"product-type-simple"},"_links":{"self":[{"href":"https:\/\/liquidmaster.pl\/en\/wp-json\/wp\/v2\/product\/1809461","targetHints":{"allow":["GET"]}}],"collection":[{"href":"https:\/\/liquidmaster.pl\/en\/wp-json\/wp\/v2\/product"}],"about":[{"href":"https:\/\/liquidmaster.pl\/en\/wp-json\/wp\/v2\/types\/product"}],"replies":[{"embeddable":true,"href":"https:\/\/liquidmaster.pl\/en\/wp-json\/wp\/v2\/comments?post=1809461"}],"wp:featuredmedia":[{"embeddable":true,"href":"https:\/\/liquidmaster.pl\/en\/wp-json\/wp\/v2\/media\/1850584"}],"wp:attachment":[{"href":"https:\/\/liquidmaster.pl\/en\/wp-json\/wp\/v2\/media?parent=1809461"}],"wp:term":[{"taxonomy":"product_brand","embeddable":true,"href":"https:\/\/liquidmaster.pl\/en\/wp-json\/wp\/v2\/product_brand?post=1809461"},{"taxonomy":"product_cat","embeddable":true,"href":"https:\/\/liquidmaster.pl\/en\/wp-json\/wp\/v2\/product_cat?post=1809461"},{"taxonomy":"product_tag","embeddable":true,"href":"https:\/\/liquidmaster.pl\/en\/wp-json\/wp\/v2\/product_tag?post=1809461"}],"curies":[{"name":"wp","href":"https:\/\/api.w.org\/{rel}","templated":true}]}}