{"id":1809446,"date":"2025-03-28T21:36:28","date_gmt":"2025-03-28T19:36:28","guid":{"rendered":"https:\/\/liquidmaster.pl\/vinove-miami-ekskluzywny-zapach-samochodowy\/"},"modified":"2026-04-18T04:46:42","modified_gmt":"2026-04-18T02:46:42","slug":"vinove-miami-ekskluzywny-zapach-samochodowy","status":"publish","type":"product","link":"https:\/\/liquidmaster.pl\/en\/vinove-miami-ekskluzywny-zapach-samochodowy\/","title":{"rendered":"Vinove Miami &#8211; ekskluzywny zapach samochodowy"},"content":{"rendered":"<p>Energetyzuj\u0105cy zapach Miami \u0142\u0105czy w sobie \u015bwie\u017co\u015b\u0107 cytrus\u00f3w z zapachem mu\u015bni\u0119tej s\u0142o\u0144cem sk\u00f3ry, entuzjazm niczym niezm\u0105conej m\u0142odo\u015bci z waniliowo-pi\u017cmow\u0105 elegancj\u0105. Kusi \u015bwie\u017co\u015bci\u0105 sycylijskich cytryn i bergamotek, kt\u00f3re harmonijnie wybrzmiewaj\u0105 w akompaniamencie owocowych migota\u0144 i iskier \u017cywicy elemi.<\/p>\n<p>A perfect fragrance that is a combination of sensitive, subtle femininity supported by a firm masculine shoulder.<\/p>\n<ul>\n<li>Top notes: lemon, mandarin, red pepper<\/li>\n<li>Heart notes: jasmine, lily of the valley, lily, elemi<\/li>\n<li>Base notes: sandalwood, cedar, vetiver, amber, musk<\/li>\n<\/ul>","protected":false},"excerpt":{"rendered":"<p>Energetyzuj\u0105cy zapach Miami \u0142\u0105czy w sobie \u015bwie\u017co\u015b\u0107 cytrus\u00f3w z zapachem mu\u015bni\u0119tej s\u0142o\u0144cem sk\u00f3ry, entuzjazm niczym niezm\u0105conej m\u0142odo\u015bci z waniliowo-pi\u017cmow\u0105 elegancj\u0105. Kusi \u015bwie\u017co\u015bci\u0105 sycylijskich cytryn i bergamotek, kt\u00f3re harmonijnie wybrzmiewaj\u0105 w akompaniamencie owocowych migota\u0144 i iskier \u017cywicy elemi. Doskona\u0142y zapach b\u0119d\u0105cy po\u0142\u0105czeniem wra\u017cliwej subtelnej kobieco\u015bci wspartej na twardym m\u0119skim ramieniu. Nuta g\u0142owy: cytryna, mandarynka, czerwony pieprz&hellip;&nbsp;<a href=\"https:\/\/liquidmaster.pl\/en\/vinove-miami-ekskluzywny-zapach-samochodowy\/\" rel=\"bookmark\">Read More \u00bb<span class=\"screen-reader-text\">Vinove Miami &#8211; ekskluzywny zapach samochodowy<\/span><\/a><\/p>","protected":false},"featured_media":1850565,"comment_status":"open","ping_status":"open","template":"","meta":{"neve_meta_sidebar":"","neve_meta_container":"","neve_meta_enable_content_width":"","neve_meta_content_width":0,"neve_meta_title_alignment":"","neve_meta_author_avatar":"","neve_post_elements_order":"","neve_meta_disable_header":"","neve_meta_disable_footer":"","neve_meta_disable_title":"","_themeisle_gutenberg_block_has_review":false},"product_brand":[],"product_cat":[888,801,768],"product_tag":[],"class_list":{"0":"post-1809446","1":"product","2":"type-product","3":"status-publish","4":"has-post-thumbnail","6":"product_cat-dyfuzory-i-zawieszki","7":"product_cat-odswiezacze-powietrza","8":"product_cat-wnetrze-auta","10":"first","11":"instock","12":"taxable","13":"shipping-taxable","14":"purchasable","15":"product-type-simple"},"_links":{"self":[{"href":"https:\/\/liquidmaster.pl\/en\/wp-json\/wp\/v2\/product\/1809446","targetHints":{"allow":["GET"]}}],"collection":[{"href":"https:\/\/liquidmaster.pl\/en\/wp-json\/wp\/v2\/product"}],"about":[{"href":"https:\/\/liquidmaster.pl\/en\/wp-json\/wp\/v2\/types\/product"}],"replies":[{"embeddable":true,"href":"https:\/\/liquidmaster.pl\/en\/wp-json\/wp\/v2\/comments?post=1809446"}],"wp:featuredmedia":[{"embeddable":true,"href":"https:\/\/liquidmaster.pl\/en\/wp-json\/wp\/v2\/media\/1850565"}],"wp:attachment":[{"href":"https:\/\/liquidmaster.pl\/en\/wp-json\/wp\/v2\/media?parent=1809446"}],"wp:term":[{"taxonomy":"product_brand","embeddable":true,"href":"https:\/\/liquidmaster.pl\/en\/wp-json\/wp\/v2\/product_brand?post=1809446"},{"taxonomy":"product_cat","embeddable":true,"href":"https:\/\/liquidmaster.pl\/en\/wp-json\/wp\/v2\/product_cat?post=1809446"},{"taxonomy":"product_tag","embeddable":true,"href":"https:\/\/liquidmaster.pl\/en\/wp-json\/wp\/v2\/product_tag?post=1809446"}],"curies":[{"name":"wp","href":"https:\/\/api.w.org\/{rel}","templated":true}]}}