{"id":1809437,"date":"2025-03-28T21:36:04","date_gmt":"2025-03-28T19:36:04","guid":{"rendered":"https:\/\/liquidmaster.pl\/vinove-maranello-ekskluzywny-zapach-samochodowy\/"},"modified":"2026-04-20T08:27:28","modified_gmt":"2026-04-20T06:27:28","slug":"vinove-maranello-ekskluzywny-zapach-samochodowy","status":"publish","type":"product","link":"https:\/\/liquidmaster.pl\/en\/vinove-maranello-ekskluzywny-zapach-samochodowy\/","title":{"rendered":"Vinove Maranello &#8211; ekskluzywny zapach samochodowy"},"content":{"rendered":"<p>Maranello to zapach przepe\u0142niony energi\u0105, emocjami i tajemnic\u0105. Przywodzi na my\u015bl wspomnienia bezsennych nocy, szale\u0144czych wypraw, nieko\u0144cz\u0105cych si\u0119 podr\u00f3\u017cy. \u0141\u0105czy w sobie dojrza\u0142o\u015b\u0107 wanilii, subtelno\u015b\u0107 delikatnych kwiat\u00f3w ja\u015bminu oraz energi\u0119 pomara\u0144czy\u2026 Ten zapach jest kobiet\u0105.<\/p>\n<ul>\n<li>Nuta g\u0142owy: pieprz, mandarynka, gruszka<\/li>\n<li>Nuta serca: kwiat pomara\u0144czy, ja\u015bmin<\/li>\n<li>Nuta bazowa: kawa, wanilia<\/li>\n<\/ul>","protected":false},"excerpt":{"rendered":"<p>Maranello to zapach przepe\u0142niony energi\u0105, emocjami i tajemnic\u0105. Przywodzi na my\u015bl wspomnienia bezsennych nocy, szale\u0144czych wypraw, nieko\u0144cz\u0105cych si\u0119 podr\u00f3\u017cy. \u0141\u0105czy w sobie dojrza\u0142o\u015b\u0107 wanilii, subtelno\u015b\u0107 delikatnych kwiat\u00f3w ja\u015bminu oraz energi\u0119 pomara\u0144czy\u2026 Ten zapach jest kobiet\u0105. Nuta g\u0142owy: pieprz, mandarynka, gruszka Nuta serca: kwiat pomara\u0144czy, ja\u015bmin Nuta bazowa: kawa, wanilia<\/p>","protected":false},"featured_media":1850555,"comment_status":"open","ping_status":"open","template":"","meta":{"neve_meta_sidebar":"","neve_meta_container":"","neve_meta_enable_content_width":"","neve_meta_content_width":0,"neve_meta_title_alignment":"","neve_meta_author_avatar":"","neve_post_elements_order":"","neve_meta_disable_header":"","neve_meta_disable_footer":"","neve_meta_disable_title":"","_themeisle_gutenberg_block_has_review":false},"product_brand":[],"product_cat":[888,801,768],"product_tag":[],"class_list":{"0":"post-1809437","1":"product","2":"type-product","3":"status-publish","4":"has-post-thumbnail","6":"product_cat-dyfuzory-i-zawieszki","7":"product_cat-odswiezacze-powietrza","8":"product_cat-wnetrze-auta","10":"first","11":"instock","12":"taxable","13":"shipping-taxable","14":"purchasable","15":"product-type-simple"},"_links":{"self":[{"href":"https:\/\/liquidmaster.pl\/en\/wp-json\/wp\/v2\/product\/1809437","targetHints":{"allow":["GET"]}}],"collection":[{"href":"https:\/\/liquidmaster.pl\/en\/wp-json\/wp\/v2\/product"}],"about":[{"href":"https:\/\/liquidmaster.pl\/en\/wp-json\/wp\/v2\/types\/product"}],"replies":[{"embeddable":true,"href":"https:\/\/liquidmaster.pl\/en\/wp-json\/wp\/v2\/comments?post=1809437"}],"wp:featuredmedia":[{"embeddable":true,"href":"https:\/\/liquidmaster.pl\/en\/wp-json\/wp\/v2\/media\/1850555"}],"wp:attachment":[{"href":"https:\/\/liquidmaster.pl\/en\/wp-json\/wp\/v2\/media?parent=1809437"}],"wp:term":[{"taxonomy":"product_brand","embeddable":true,"href":"https:\/\/liquidmaster.pl\/en\/wp-json\/wp\/v2\/product_brand?post=1809437"},{"taxonomy":"product_cat","embeddable":true,"href":"https:\/\/liquidmaster.pl\/en\/wp-json\/wp\/v2\/product_cat?post=1809437"},{"taxonomy":"product_tag","embeddable":true,"href":"https:\/\/liquidmaster.pl\/en\/wp-json\/wp\/v2\/product_tag?post=1809437"}],"curies":[{"name":"wp","href":"https:\/\/api.w.org\/{rel}","templated":true}]}}