{"id":1809416,"date":"2025-03-28T21:34:28","date_gmt":"2025-03-28T19:34:28","guid":{"rendered":"https:\/\/liquidmaster.pl\/vinove-refill-blister-indianapolis-wklad-do-zapachu\/"},"modified":"2026-04-18T04:46:37","modified_gmt":"2026-04-18T02:46:37","slug":"vinove-refill-blister-indianapolis-wklad-do-zapachu","status":"publish","type":"product","link":"https:\/\/liquidmaster.pl\/en\/vinove-refill-blister-indianapolis-wklad-do-zapachu\/","title":{"rendered":"Vinove Refill Blister Indianapolis &#8211; wk\u0142ad do zapachu"},"content":{"rendered":"<p>Vinove &#8211; wk\u0142ad zapachowy Indianapolis to doskona\u0142e uzupe\u0142nienie od\u015bwie\u017cacza powietrza samochodowego, zapewniaj\u0105ce d\u0142ugotrwa\u0142y i przyjemny aromat, kt\u00f3ry doskonale komponuje si\u0119 z ka\u017cdym wn\u0119trzem pojazdu.<\/p>\n<p>INDIANAPOLIS to esencja pewno\u015bci siebie i dojrza\u0142ej m\u0119sko\u015bci. Symbol elegancji, wyrafinowanego stylu i wybitnego smaku. Po\u0142\u0105czenie zmys\u0142owego kardamonu i energetyzuj\u0105cej bergamotki, wzmocnione g\u0142\u0119bi\u0105 bursztynu, pi\u017cma i cedru.<\/p>\n<p>Zapach, kt\u00f3ry definiuje klas\u0119 prawdziwego d\u017centelmena.<\/p>\n<p>Urokliwie uwodzicielski, dodaj\u0105cy presti\u017cu i wspomagaj\u0105cy podejmowanie najwa\u017cniejszych decyzji.<\/p>\n<p>Fragrance notes:<\/p>\n<ul>\n<li>Nuta g\u0142owy: bergamotka, kardamon<\/li>\n<li>Nuta serca: irys, lawenda<\/li>\n<li>Nuta bazowa: drewno cedrowe, bursztyn, pi\u017cmo<\/li>\n<\/ul>","protected":false},"excerpt":{"rendered":"<p>Vinove &#8211; wk\u0142ad zapachowy Indianapolis to doskona\u0142e uzupe\u0142nienie od\u015bwie\u017cacza powietrza samochodowego, zapewniaj\u0105ce d\u0142ugotrwa\u0142y i przyjemny aromat, kt\u00f3ry doskonale komponuje si\u0119 z ka\u017cdym wn\u0119trzem pojazdu. INDIANAPOLIS to esencja pewno\u015bci siebie i dojrza\u0142ej m\u0119sko\u015bci. Symbol elegancji, wyrafinowanego stylu i wybitnego smaku. Po\u0142\u0105czenie zmys\u0142owego kardamonu i energetyzuj\u0105cej bergamotki, wzmocnione g\u0142\u0119bi\u0105 bursztynu, pi\u017cma i cedru. Zapach, kt\u00f3ry definiuje klas\u0119&hellip;&nbsp;<a href=\"https:\/\/liquidmaster.pl\/en\/vinove-refill-blister-indianapolis-wklad-do-zapachu\/\" rel=\"bookmark\">Read More \u00bb<span class=\"screen-reader-text\">Vinove Refill Blister Indianapolis &#8211; wk\u0142ad do zapachu<\/span><\/a><\/p>","protected":false},"featured_media":1850521,"comment_status":"open","ping_status":"open","template":"","meta":{"neve_meta_sidebar":"","neve_meta_container":"","neve_meta_enable_content_width":"","neve_meta_content_width":0,"neve_meta_title_alignment":"","neve_meta_author_avatar":"","neve_post_elements_order":"","neve_meta_disable_header":"","neve_meta_disable_footer":"","neve_meta_disable_title":"","_themeisle_gutenberg_block_has_review":false},"product_brand":[],"product_cat":[888,801,768],"product_tag":[],"class_list":{"0":"post-1809416","1":"product","2":"type-product","3":"status-publish","4":"has-post-thumbnail","6":"product_cat-dyfuzory-i-zawieszki","7":"product_cat-odswiezacze-powietrza","8":"product_cat-wnetrze-auta","10":"first","11":"instock","12":"taxable","13":"shipping-taxable","14":"purchasable","15":"product-type-simple"},"_links":{"self":[{"href":"https:\/\/liquidmaster.pl\/en\/wp-json\/wp\/v2\/product\/1809416","targetHints":{"allow":["GET"]}}],"collection":[{"href":"https:\/\/liquidmaster.pl\/en\/wp-json\/wp\/v2\/product"}],"about":[{"href":"https:\/\/liquidmaster.pl\/en\/wp-json\/wp\/v2\/types\/product"}],"replies":[{"embeddable":true,"href":"https:\/\/liquidmaster.pl\/en\/wp-json\/wp\/v2\/comments?post=1809416"}],"wp:featuredmedia":[{"embeddable":true,"href":"https:\/\/liquidmaster.pl\/en\/wp-json\/wp\/v2\/media\/1850521"}],"wp:attachment":[{"href":"https:\/\/liquidmaster.pl\/en\/wp-json\/wp\/v2\/media?parent=1809416"}],"wp:term":[{"taxonomy":"product_brand","embeddable":true,"href":"https:\/\/liquidmaster.pl\/en\/wp-json\/wp\/v2\/product_brand?post=1809416"},{"taxonomy":"product_cat","embeddable":true,"href":"https:\/\/liquidmaster.pl\/en\/wp-json\/wp\/v2\/product_cat?post=1809416"},{"taxonomy":"product_tag","embeddable":true,"href":"https:\/\/liquidmaster.pl\/en\/wp-json\/wp\/v2\/product_tag?post=1809416"}],"curies":[{"name":"wp","href":"https:\/\/api.w.org\/{rel}","templated":true}]}}