{"id":1809410,"date":"2025-03-28T21:34:04","date_gmt":"2025-03-28T19:34:04","guid":{"rendered":"https:\/\/liquidmaster.pl\/vinove-excellence-indianapolis-meski-zapach-samochodowy\/"},"modified":"2026-04-18T04:46:36","modified_gmt":"2026-04-18T02:46:36","slug":"vinove-excellence-indianapolis-meski-zapach-samochodowy","status":"publish","type":"product","link":"https:\/\/liquidmaster.pl\/en\/vinove-excellence-indianapolis-meski-zapach-samochodowy\/","title":{"rendered":"Vinove Excellence Indianapolis \u2013 Men&#039;s Car Fragrance"},"content":{"rendered":"<p>Vinove Excellence Indianapolis &#8211; ekskluzywny zapach samochodowy, kt\u00f3ry zosta\u0142 zaprojektowany we W\u0142oszech, a niezwyk\u0142y zapach gwarantuj\u0105 Francuskie receptury perfum.<\/p>\n<p>Indianapolis to kwintesencja pewnej siebie, dojrza\u0142ej m\u0119sko\u015bci. Zakorzenionego stylu i dobrego smaku. Przepychu zmys\u0142owego kardamonu i mocy bergamotki. G\u0142\u0119bi bursztynu, pi\u017cma i cedru.<\/p>\n<p>Zapach definiuj\u0105cy klas\u0119 d\u017centelmena.<\/p>\n<p>Obezw\u0142adniaj\u0105co uwodzicielski, dodaj\u0105cy presti\u017cu i uprzyjemniaj\u0105cy podejmowanie kluczowych decyzji.<\/p>\n<p>Produkt charakteryzuje si\u0119 trwa\u0142o\u015bci\u0105 dochodz\u0105c\u0105 do 90 dni.<\/p>\n<ul>\n<li>Nuta g\u0142owy: bergamotka, kardamon<\/li>\n<li>Nuta serca: irys, lawenda<\/li>\n<li>Nuta bazowa: drewno cedrowe, bursztyn, pi\u017cmo<\/li>\n<\/ul>","protected":false},"excerpt":{"rendered":"<p>Vinove Excellence Indianapolis &#8211; ekskluzywny zapach samochodowy, kt\u00f3ry zosta\u0142 zaprojektowany we W\u0142oszech, a niezwyk\u0142y zapach gwarantuj\u0105 Francuskie receptury perfum. Indianapolis to kwintesencja pewnej siebie, dojrza\u0142ej m\u0119sko\u015bci. Zakorzenionego stylu i dobrego smaku. Przepychu zmys\u0142owego kardamonu i mocy bergamotki. G\u0142\u0119bi bursztynu, pi\u017cma i cedru. Zapach definiuj\u0105cy klas\u0119 d\u017centelmena. Obezw\u0142adniaj\u0105co uwodzicielski, dodaj\u0105cy presti\u017cu i uprzyjemniaj\u0105cy podejmowanie kluczowych decyzji.&hellip;&nbsp;<a href=\"https:\/\/liquidmaster.pl\/en\/vinove-excellence-indianapolis-meski-zapach-samochodowy\/\" rel=\"bookmark\">Read More \u00bb<span class=\"screen-reader-text\">Vinove Excellence Indianapolis \u2013 Men&#039;s Car Fragrance<\/span><\/a><\/p>","protected":false},"featured_media":1850515,"comment_status":"open","ping_status":"open","template":"","meta":{"neve_meta_sidebar":"","neve_meta_container":"","neve_meta_enable_content_width":"","neve_meta_content_width":0,"neve_meta_title_alignment":"","neve_meta_author_avatar":"","neve_post_elements_order":"","neve_meta_disable_header":"","neve_meta_disable_footer":"","neve_meta_disable_title":"","_themeisle_gutenberg_block_has_review":false},"product_brand":[],"product_cat":[888,801,768],"product_tag":[],"class_list":{"0":"post-1809410","1":"product","2":"type-product","3":"status-publish","4":"has-post-thumbnail","6":"product_cat-dyfuzory-i-zawieszki","7":"product_cat-odswiezacze-powietrza","8":"product_cat-wnetrze-auta","10":"first","11":"instock","12":"taxable","13":"shipping-taxable","14":"purchasable","15":"product-type-simple"},"_links":{"self":[{"href":"https:\/\/liquidmaster.pl\/en\/wp-json\/wp\/v2\/product\/1809410","targetHints":{"allow":["GET"]}}],"collection":[{"href":"https:\/\/liquidmaster.pl\/en\/wp-json\/wp\/v2\/product"}],"about":[{"href":"https:\/\/liquidmaster.pl\/en\/wp-json\/wp\/v2\/types\/product"}],"replies":[{"embeddable":true,"href":"https:\/\/liquidmaster.pl\/en\/wp-json\/wp\/v2\/comments?post=1809410"}],"wp:featuredmedia":[{"embeddable":true,"href":"https:\/\/liquidmaster.pl\/en\/wp-json\/wp\/v2\/media\/1850515"}],"wp:attachment":[{"href":"https:\/\/liquidmaster.pl\/en\/wp-json\/wp\/v2\/media?parent=1809410"}],"wp:term":[{"taxonomy":"product_brand","embeddable":true,"href":"https:\/\/liquidmaster.pl\/en\/wp-json\/wp\/v2\/product_brand?post=1809410"},{"taxonomy":"product_cat","embeddable":true,"href":"https:\/\/liquidmaster.pl\/en\/wp-json\/wp\/v2\/product_cat?post=1809410"},{"taxonomy":"product_tag","embeddable":true,"href":"https:\/\/liquidmaster.pl\/en\/wp-json\/wp\/v2\/product_tag?post=1809410"}],"curies":[{"name":"wp","href":"https:\/\/api.w.org\/{rel}","templated":true}]}}