{"id":1809407,"date":"2025-03-28T21:34:04","date_gmt":"2025-03-28T19:34:04","guid":{"rendered":"https:\/\/liquidmaster.pl\/vinove-espresso-rome-ekskluzywny-zapach-samochodowy\/"},"modified":"2026-04-18T04:46:35","modified_gmt":"2026-04-18T02:46:35","slug":"vinove-espresso-rome-ekskluzywny-zapach-samochodowy","status":"publish","type":"product","link":"https:\/\/liquidmaster.pl\/en\/vinove-espresso-rome-ekskluzywny-zapach-samochodowy\/","title":{"rendered":"Vinove Espresso Rome \u2013 exclusive car fragrance"},"content":{"rendered":"<p>Vinove Espresso Rome &#8211; ekskluzywny zapach samochodowy, kt\u00f3ry przynosi powiew historii \u201ewiecznego miasta\u201d Rzymu.<\/p>\n<p>Rome to kwintesencja m\u0119skiego zapachu, po\u0142\u0105czenie si\u0142y i trwa\u0142o\u015bci tkwi\u0105cej w cedrowym drewnie, oraz delikatno\u015bci zakl\u0119tej w powiewie wanilii, prze\u0142amanej szczypt\u0105 cynamonu.<\/p>\n<ul>\n<li>Top notes: plum, cinnamon, cumin<\/li>\n<li>Heart notes: saffron, cedarwood, patchouli<\/li>\n<li>Base notes: tobacco, sandalwood, vanilla, leather<\/li>\n<\/ul>","protected":false},"excerpt":{"rendered":"<p>Vinove Espresso Rome &#8211; ekskluzywny zapach samochodowy, kt\u00f3ry przynosi powiew historii \u201ewiecznego miasta\u201d Rzymu. Rome to kwintesencja m\u0119skiego zapachu, po\u0142\u0105czenie si\u0142y i trwa\u0142o\u015bci tkwi\u0105cej w cedrowym drewnie, oraz delikatno\u015bci zakl\u0119tej w powiewie wanilii, prze\u0142amanej szczypt\u0105 cynamonu. Nuta g\u0142owy: \u015bliwka, cynamon, kminek Nuta serca: szafran, drewno cedrowe, paczula Nuta bazowa: tyto\u0144, drzewo sanda\u0142owe, wanilia, sk\u00f3ra<\/p>","protected":false},"featured_media":1850510,"comment_status":"open","ping_status":"open","template":"","meta":{"neve_meta_sidebar":"","neve_meta_container":"","neve_meta_enable_content_width":"","neve_meta_content_width":0,"neve_meta_title_alignment":"","neve_meta_author_avatar":"","neve_post_elements_order":"","neve_meta_disable_header":"","neve_meta_disable_footer":"","neve_meta_disable_title":"","_themeisle_gutenberg_block_has_review":false},"product_brand":[],"product_cat":[888,801,768],"product_tag":[],"class_list":{"0":"post-1809407","1":"product","2":"type-product","3":"status-publish","4":"has-post-thumbnail","6":"product_cat-dyfuzory-i-zawieszki","7":"product_cat-odswiezacze-powietrza","8":"product_cat-wnetrze-auta","10":"first","11":"instock","12":"taxable","13":"shipping-taxable","14":"purchasable","15":"product-type-simple"},"_links":{"self":[{"href":"https:\/\/liquidmaster.pl\/en\/wp-json\/wp\/v2\/product\/1809407","targetHints":{"allow":["GET"]}}],"collection":[{"href":"https:\/\/liquidmaster.pl\/en\/wp-json\/wp\/v2\/product"}],"about":[{"href":"https:\/\/liquidmaster.pl\/en\/wp-json\/wp\/v2\/types\/product"}],"replies":[{"embeddable":true,"href":"https:\/\/liquidmaster.pl\/en\/wp-json\/wp\/v2\/comments?post=1809407"}],"wp:featuredmedia":[{"embeddable":true,"href":"https:\/\/liquidmaster.pl\/en\/wp-json\/wp\/v2\/media\/1850510"}],"wp:attachment":[{"href":"https:\/\/liquidmaster.pl\/en\/wp-json\/wp\/v2\/media?parent=1809407"}],"wp:term":[{"taxonomy":"product_brand","embeddable":true,"href":"https:\/\/liquidmaster.pl\/en\/wp-json\/wp\/v2\/product_brand?post=1809407"},{"taxonomy":"product_cat","embeddable":true,"href":"https:\/\/liquidmaster.pl\/en\/wp-json\/wp\/v2\/product_cat?post=1809407"},{"taxonomy":"product_tag","embeddable":true,"href":"https:\/\/liquidmaster.pl\/en\/wp-json\/wp\/v2\/product_tag?post=1809407"}],"curies":[{"name":"wp","href":"https:\/\/api.w.org\/{rel}","templated":true}]}}