{"id":1809401,"date":"2025-03-28T21:32:54","date_gmt":"2025-03-28T19:32:54","guid":{"rendered":"https:\/\/liquidmaster.pl\/vinove-bahrain-ekskluzywny-zapach-samochodowy\/"},"modified":"2026-04-18T04:46:34","modified_gmt":"2026-04-18T02:46:34","slug":"vinove-bahrain-ekskluzywny-zapach-samochodowy","status":"publish","type":"product","link":"https:\/\/liquidmaster.pl\/en\/vinove-bahrain-ekskluzywny-zapach-samochodowy\/","title":{"rendered":"Vinove Bahrain \u2013 exclusive car fragrance"},"content":{"rendered":"<p>Vinove Bahrain to ekskluzywny zapach samochodowy, stworzony we W\u0142oszech, kt\u00f3rego wyj\u0105tkowy aromat oparty jest na francuskich recepturach perfum.<\/p>\n<p>Przenie\u015b si\u0119 na pla\u017c\u0119 w Bahrajnie, zanurzon\u0105 w ciep\u0142ych promieniach zachodz\u0105cego s\u0142o\u0144ca. W r\u0119ku zimne Campari, wypijane w gronie przyjaci\u00f3\u0142, a w tle rytmy muzyki, kt\u00f3re nios\u0105 ci\u0119 do ta\u0144ca na piasku. Sportowe auta zaparkowane tu\u017c przy brzegu, a w oddali drapacze chmur.<\/p>\n<p>Zamkn\u0119li\u015bmy w tym zapachu ciep\u0142o czerwonego s\u0142o\u0144ca, soczysto\u015b\u0107 dojrza\u0142ych cytrus\u00f3w, \u015bwie\u017co\u015b\u0107 zielonej herbaty oraz orze\u017awiaj\u0105c\u0105 s\u0142odycz melona. Stworzyli\u015bmy zapach pe\u0142en m\u0142odzie\u0144czej energii, rado\u015bci i \u017cycia.<\/p>\n<p>Vinove Bahrain to produkt o wyj\u0105tkowej trwa\u0142o\u015bci, kt\u00f3ry utrzymuje sw\u00f3j zapach nawet do 90 dni.<\/p>\n<p>Nuta g\u0142owy: mandarynka, pomara\u0144cza, grapefruit, kwiat pomara\u0144czy, zielona herbata<br data-end=\"810\" data-start=\"807\" \/><br \/>\nNuta serca: peonia, magnolia, konwalia, bazylia, marakuja, melon<br data-end=\"881\" data-start=\"878\" \/><br \/>\nNuta bazowa: drzewo sanda\u0142owe, ambra, pi\u017cmo<\/p>","protected":false},"excerpt":{"rendered":"<p>Vinove Bahrain to ekskluzywny zapach samochodowy, stworzony we W\u0142oszech, kt\u00f3rego wyj\u0105tkowy aromat oparty jest na francuskich recepturach perfum. Przenie\u015b si\u0119 na pla\u017c\u0119 w Bahrajnie, zanurzon\u0105 w ciep\u0142ych promieniach zachodz\u0105cego s\u0142o\u0144ca. W r\u0119ku zimne Campari, wypijane w gronie przyjaci\u00f3\u0142, a w tle rytmy muzyki, kt\u00f3re nios\u0105 ci\u0119 do ta\u0144ca na piasku. Sportowe auta zaparkowane tu\u017c przy&hellip;&nbsp;<a href=\"https:\/\/liquidmaster.pl\/en\/vinove-bahrain-ekskluzywny-zapach-samochodowy\/\" rel=\"bookmark\">Read More \u00bb<span class=\"screen-reader-text\">Vinove Bahrain \u2013 exclusive car fragrance<\/span><\/a><\/p>","protected":false},"featured_media":1850505,"comment_status":"open","ping_status":"open","template":"","meta":{"neve_meta_sidebar":"","neve_meta_container":"","neve_meta_enable_content_width":"","neve_meta_content_width":0,"neve_meta_title_alignment":"","neve_meta_author_avatar":"","neve_post_elements_order":"","neve_meta_disable_header":"","neve_meta_disable_footer":"","neve_meta_disable_title":"","_themeisle_gutenberg_block_has_review":false},"product_brand":[],"product_cat":[888,801,768],"product_tag":[],"class_list":{"0":"post-1809401","1":"product","2":"type-product","3":"status-publish","4":"has-post-thumbnail","6":"product_cat-dyfuzory-i-zawieszki","7":"product_cat-odswiezacze-powietrza","8":"product_cat-wnetrze-auta","10":"first","11":"instock","12":"taxable","13":"shipping-taxable","14":"purchasable","15":"product-type-simple"},"_links":{"self":[{"href":"https:\/\/liquidmaster.pl\/en\/wp-json\/wp\/v2\/product\/1809401","targetHints":{"allow":["GET"]}}],"collection":[{"href":"https:\/\/liquidmaster.pl\/en\/wp-json\/wp\/v2\/product"}],"about":[{"href":"https:\/\/liquidmaster.pl\/en\/wp-json\/wp\/v2\/types\/product"}],"replies":[{"embeddable":true,"href":"https:\/\/liquidmaster.pl\/en\/wp-json\/wp\/v2\/comments?post=1809401"}],"wp:featuredmedia":[{"embeddable":true,"href":"https:\/\/liquidmaster.pl\/en\/wp-json\/wp\/v2\/media\/1850505"}],"wp:attachment":[{"href":"https:\/\/liquidmaster.pl\/en\/wp-json\/wp\/v2\/media?parent=1809401"}],"wp:term":[{"taxonomy":"product_brand","embeddable":true,"href":"https:\/\/liquidmaster.pl\/en\/wp-json\/wp\/v2\/product_brand?post=1809401"},{"taxonomy":"product_cat","embeddable":true,"href":"https:\/\/liquidmaster.pl\/en\/wp-json\/wp\/v2\/product_cat?post=1809401"},{"taxonomy":"product_tag","embeddable":true,"href":"https:\/\/liquidmaster.pl\/en\/wp-json\/wp\/v2\/product_tag?post=1809401"}],"curies":[{"name":"wp","href":"https:\/\/api.w.org\/{rel}","templated":true}]}}