{"id":1809398,"date":"2025-03-28T21:32:54","date_gmt":"2025-03-28T19:32:54","guid":{"rendered":"https:\/\/liquidmaster.pl\/chemspec-rust-remover-odplamiacz-do-tapicerki-materialowej-946ml\/"},"modified":"2026-04-18T04:46:34","modified_gmt":"2026-04-18T02:46:34","slug":"chemspec-rust-remover-odplamiacz-do-tapicerki-materialowej-946ml","status":"publish","type":"product","link":"https:\/\/liquidmaster.pl\/en\/chemspec-rust-remover-odplamiacz-do-tapicerki-materialowej-946ml\/","title":{"rendered":"Chemspec Rust Remover \u2013 Stain remover for fabric upholstery 946ml"},"content":{"rendered":"<p>A concentrated, powerful stain remover for removing rust stains and old blood stains. Suitable for all types of carpets, rugs, and upholstery that can be wet cleaned. It can also be used on ceramic tiles.<\/p>\n<ul class=\"list_check\">\n<li>Appearance: clear liquid<\/li>\n<li>Smell: mild, barely perceptible<\/li>\n<li>pH: 4.4<\/li>\n<li>Dosage: ready to use<\/li>\n<li>Yield: variable<\/li>\n<li>RTU from packaging: ready to use<\/li>\n<\/ul>\n<ul>\n<\/ul>","protected":false},"excerpt":{"rendered":"<p>Skoncentrowany i silny odplamiacz do usuwania \u015blad\u00f3w rdzy, jak r\u00f3wnie\u017c starych plam po krwi. Jest dedykowany do wszystkich rodzaj\u00f3w dywan\u00f3w, wyk\u0142adzin i tapicerek, kt\u00f3re mo\u017cna czy\u015bci\u0107 na mokro. Mo\u017ce by\u0107 r\u00f3wnie\u017c stosowany na p\u0142ytkach ceramicznych. Wygl\u0105d: przezroczysty p\u0142yn Zapach: \u0142agodny s\u0142abo wyczuwalny pH: 4,4 Dozowanie: gotowy do u\u017cycia Wydajno\u015b\u0107: zmienna RTU z opakowania: gotowy do&hellip;&nbsp;<a href=\"https:\/\/liquidmaster.pl\/en\/chemspec-rust-remover-odplamiacz-do-tapicerki-materialowej-946ml\/\" rel=\"bookmark\">Read More \u00bb<span class=\"screen-reader-text\">Chemspec Rust Remover \u2013 Stain remover for fabric upholstery 946ml<\/span><\/a><\/p>","protected":false},"featured_media":1850494,"comment_status":"open","ping_status":"open","template":"","meta":{"neve_meta_sidebar":"","neve_meta_container":"","neve_meta_enable_content_width":"","neve_meta_content_width":0,"neve_meta_title_alignment":"","neve_meta_author_avatar":"","neve_post_elements_order":"","neve_meta_disable_header":"","neve_meta_disable_footer":"","neve_meta_disable_title":"","_themeisle_gutenberg_block_has_review":false},"product_brand":[],"product_cat":[771,769,768],"product_tag":[279],"class_list":{"0":"post-1809398","1":"product","2":"type-product","3":"status-publish","4":"has-post-thumbnail","6":"product_cat-czyszczenie","7":"product_cat-tapicerka-i-dywaniki","8":"product_cat-wnetrze-auta","9":"product_tag-chemspec","11":"first","12":"instock","13":"taxable","14":"shipping-taxable","15":"purchasable","16":"product-type-simple"},"_links":{"self":[{"href":"https:\/\/liquidmaster.pl\/en\/wp-json\/wp\/v2\/product\/1809398","targetHints":{"allow":["GET"]}}],"collection":[{"href":"https:\/\/liquidmaster.pl\/en\/wp-json\/wp\/v2\/product"}],"about":[{"href":"https:\/\/liquidmaster.pl\/en\/wp-json\/wp\/v2\/types\/product"}],"replies":[{"embeddable":true,"href":"https:\/\/liquidmaster.pl\/en\/wp-json\/wp\/v2\/comments?post=1809398"}],"wp:featuredmedia":[{"embeddable":true,"href":"https:\/\/liquidmaster.pl\/en\/wp-json\/wp\/v2\/media\/1850494"}],"wp:attachment":[{"href":"https:\/\/liquidmaster.pl\/en\/wp-json\/wp\/v2\/media?parent=1809398"}],"wp:term":[{"taxonomy":"product_brand","embeddable":true,"href":"https:\/\/liquidmaster.pl\/en\/wp-json\/wp\/v2\/product_brand?post=1809398"},{"taxonomy":"product_cat","embeddable":true,"href":"https:\/\/liquidmaster.pl\/en\/wp-json\/wp\/v2\/product_cat?post=1809398"},{"taxonomy":"product_tag","embeddable":true,"href":"https:\/\/liquidmaster.pl\/en\/wp-json\/wp\/v2\/product_tag?post=1809398"}],"curies":[{"name":"wp","href":"https:\/\/api.w.org\/{rel}","templated":true}]}}