{"id":1809392,"date":"2025-03-28T21:32:30","date_gmt":"2025-03-28T19:32:30","guid":{"rendered":"https:\/\/liquidmaster.pl\/chemspec-professional-spot-lifter-odplamiacz-do-tapicerki-materialowej-1l\/"},"modified":"2026-04-20T08:27:20","modified_gmt":"2026-04-20T06:27:20","slug":"chemspec-professional-spot-lifter-odplamiacz-do-tapicerki-materialowej-1l","status":"publish","type":"product","link":"https:\/\/liquidmaster.pl\/en\/chemspec-professional-spot-lifter-odplamiacz-do-tapicerki-materialowej-1l\/","title":{"rendered":"Chemspec Professional Spot Lifter \u2013 Fabric Upholstery Stain Remover 1L"},"content":{"rendered":"<p>\u00a0<\/p>\n<p>It safely removes blood, soft drinks, grease, oil, tar, coffee, tea, floor polish, toner powder, and much more. Suitable for all types of carpets, rugs, and upholstery that can be wet cleaned. It can also be used successfully on the most delicate wool fabrics.<\/p>\n<ul class=\"list_check\">\n<li>Appearance: clear liquid<\/li>\n<li>Fragrance: lemon<\/li>\n<li>pH: 8.5 \u2013 9.5<\/li>\n<li>Dosage: ready to use<\/li>\n<li>Yield: variable<\/li>\n<li>RTU from packaging: ready to use<\/li>\n<\/ul>\n<p>Capacity: 1L<\/p>\n<ul>\n<\/ul>","protected":false},"excerpt":{"rendered":"<p>\u00a0 Bezpiecznie usuwa krew, napoje bezalkoholowe, smary, oleje, smo\u0142\u0119, kaw\u0119, herbat\u0119, pasty do pod\u0142\u00f3g, proszek do tonera i wiele innych. Jest dedykowany do wszystkich rodzaj\u00f3w dywan\u00f3w, wyk\u0142adzin i tapicerek, kt\u00f3re mo\u017cna czy\u015bci\u0107 na mokro. Z powodzeniem mo\u017ce by\u0107 stosowany na najdelikatniejszych wyrobach we\u0142nianych. Wygl\u0105d: przezroczysty p\u0142yn Zapach: cytrynowy pH: 8,5 \u2013 9,5 Dozowanie: gotowy do&hellip;&nbsp;<a href=\"https:\/\/liquidmaster.pl\/en\/chemspec-professional-spot-lifter-odplamiacz-do-tapicerki-materialowej-1l\/\" rel=\"bookmark\">Read More \u00bb<span class=\"screen-reader-text\">Chemspec Professional Spot Lifter \u2013 Fabric Upholstery Stain Remover 1L<\/span><\/a><\/p>","protected":false},"featured_media":1850489,"comment_status":"open","ping_status":"open","template":"","meta":{"neve_meta_sidebar":"","neve_meta_container":"","neve_meta_enable_content_width":"","neve_meta_content_width":0,"neve_meta_title_alignment":"","neve_meta_author_avatar":"","neve_post_elements_order":"","neve_meta_disable_header":"","neve_meta_disable_footer":"","neve_meta_disable_title":"","_themeisle_gutenberg_block_has_review":false},"product_brand":[],"product_cat":[771,769,768],"product_tag":[279],"class_list":{"0":"post-1809392","1":"product","2":"type-product","3":"status-publish","4":"has-post-thumbnail","6":"product_cat-czyszczenie","7":"product_cat-tapicerka-i-dywaniki","8":"product_cat-wnetrze-auta","9":"product_tag-chemspec","11":"first","12":"instock","13":"taxable","14":"shipping-taxable","15":"purchasable","16":"product-type-simple"},"_links":{"self":[{"href":"https:\/\/liquidmaster.pl\/en\/wp-json\/wp\/v2\/product\/1809392","targetHints":{"allow":["GET"]}}],"collection":[{"href":"https:\/\/liquidmaster.pl\/en\/wp-json\/wp\/v2\/product"}],"about":[{"href":"https:\/\/liquidmaster.pl\/en\/wp-json\/wp\/v2\/types\/product"}],"replies":[{"embeddable":true,"href":"https:\/\/liquidmaster.pl\/en\/wp-json\/wp\/v2\/comments?post=1809392"}],"wp:featuredmedia":[{"embeddable":true,"href":"https:\/\/liquidmaster.pl\/en\/wp-json\/wp\/v2\/media\/1850489"}],"wp:attachment":[{"href":"https:\/\/liquidmaster.pl\/en\/wp-json\/wp\/v2\/media?parent=1809392"}],"wp:term":[{"taxonomy":"product_brand","embeddable":true,"href":"https:\/\/liquidmaster.pl\/en\/wp-json\/wp\/v2\/product_brand?post=1809392"},{"taxonomy":"product_cat","embeddable":true,"href":"https:\/\/liquidmaster.pl\/en\/wp-json\/wp\/v2\/product_cat?post=1809392"},{"taxonomy":"product_tag","embeddable":true,"href":"https:\/\/liquidmaster.pl\/en\/wp-json\/wp\/v2\/product_tag?post=1809392"}],"curies":[{"name":"wp","href":"https:\/\/api.w.org\/{rel}","templated":true}]}}