{"id":1809389,"date":"2025-03-28T21:32:30","date_gmt":"2025-03-28T19:32:30","guid":{"rendered":"https:\/\/liquidmaster.pl\/chemspec-liqua-gel-odplamiacz-w-formie-zelu-500ml\/"},"modified":"2026-04-18T04:46:32","modified_gmt":"2026-04-18T02:46:32","slug":"chemspec-liqua-gel-odplamiacz-w-formie-zelu-500ml","status":"publish","type":"product","link":"https:\/\/liquidmaster.pl\/en\/chemspec-liqua-gel-odplamiacz-w-formie-zelu-500ml\/","title":{"rendered":"Chemspec Liqua Gel \u2013 Stain remover gel 500ml"},"content":{"rendered":"<p>Removes tar, grease, ink, gum, chewing gum, glue, oil, and most grease stains. Suitable for all types of carpets, rugs, and upholstery that can be wet cleaned.<\/p>\n<ul class=\"list_check\">\n<li>Appearance: transparent gel<\/li>\n<li>Smell: mild lemon<\/li>\n<li>pH: 5.0 \u2013 6.0<\/li>\n<li>Dosage: ready to use<\/li>\n<li>Yield: variable<\/li>\n<li>RTU from packaging: ready to use<\/li>\n<li>Certificates received: Woolsafe<\/li>\n<\/ul>\n<p>A powerful yet non-toxic stain remover. Its gel consistency extends its action time and maximizes effectiveness. It removes stains from tar, grease, ink, gum, chewing gum, glue, oil, and most greasy stains. Suitable for all types of carpets, rugs, and upholstery that can be wet cleaned. It will not delaminate glued carpets. It is Woolsafe certified \u2013 a wool-safe product.<\/p>\n<p>The product is intended for use by professionals.<\/p>\n<p>Capacity: 473 ml<\/p>\n<ul>\n<\/ul>","protected":false},"excerpt":{"rendered":"<p>Usuwa plamy ze smo\u0142y, smaru, tuszu, gumy, gumy do \u017cucia, lepiku, oleju, jak r\u00f3wnie\u017c wi\u0119kszo\u015b\u0107 t\u0142ustych plam. Jest dedykowany do wszystkich rodzaj\u00f3w dywan\u00f3w, wyk\u0142adzin i tapicerek, kt\u00f3re mo\u017cna czy\u015bci\u0107 na mokro. Wygl\u0105d: przezroczysty \u017cel Zapach: \u0142agodny cytrynowy pH: 5,0 \u2013 6,0 Dozowanie: gotowy do u\u017cycia Wydajno\u015b\u0107: zmienna RTU z opakowania: gotowy do u\u017cycia Otrzymane certyfikaty:&hellip;&nbsp;<a href=\"https:\/\/liquidmaster.pl\/en\/chemspec-liqua-gel-odplamiacz-w-formie-zelu-500ml\/\" rel=\"bookmark\">Read More \u00bb<span class=\"screen-reader-text\">Chemspec Liqua Gel \u2013 Stain remover gel 500ml<\/span><\/a><\/p>","protected":false},"featured_media":1850483,"comment_status":"open","ping_status":"open","template":"","meta":{"neve_meta_sidebar":"","neve_meta_container":"","neve_meta_enable_content_width":"","neve_meta_content_width":0,"neve_meta_title_alignment":"","neve_meta_author_avatar":"","neve_post_elements_order":"","neve_meta_disable_header":"","neve_meta_disable_footer":"","neve_meta_disable_title":"","_themeisle_gutenberg_block_has_review":false},"product_brand":[],"product_cat":[771,769,768],"product_tag":[279],"class_list":{"0":"post-1809389","1":"product","2":"type-product","3":"status-publish","4":"has-post-thumbnail","6":"product_cat-czyszczenie","7":"product_cat-tapicerka-i-dywaniki","8":"product_cat-wnetrze-auta","9":"product_tag-chemspec","11":"first","12":"instock","13":"taxable","14":"shipping-taxable","15":"purchasable","16":"product-type-simple"},"_links":{"self":[{"href":"https:\/\/liquidmaster.pl\/en\/wp-json\/wp\/v2\/product\/1809389","targetHints":{"allow":["GET"]}}],"collection":[{"href":"https:\/\/liquidmaster.pl\/en\/wp-json\/wp\/v2\/product"}],"about":[{"href":"https:\/\/liquidmaster.pl\/en\/wp-json\/wp\/v2\/types\/product"}],"replies":[{"embeddable":true,"href":"https:\/\/liquidmaster.pl\/en\/wp-json\/wp\/v2\/comments?post=1809389"}],"wp:featuredmedia":[{"embeddable":true,"href":"https:\/\/liquidmaster.pl\/en\/wp-json\/wp\/v2\/media\/1850483"}],"wp:attachment":[{"href":"https:\/\/liquidmaster.pl\/en\/wp-json\/wp\/v2\/media?parent=1809389"}],"wp:term":[{"taxonomy":"product_brand","embeddable":true,"href":"https:\/\/liquidmaster.pl\/en\/wp-json\/wp\/v2\/product_brand?post=1809389"},{"taxonomy":"product_cat","embeddable":true,"href":"https:\/\/liquidmaster.pl\/en\/wp-json\/wp\/v2\/product_cat?post=1809389"},{"taxonomy":"product_tag","embeddable":true,"href":"https:\/\/liquidmaster.pl\/en\/wp-json\/wp\/v2\/product_tag?post=1809389"}],"curies":[{"name":"wp","href":"https:\/\/api.w.org\/{rel}","templated":true}]}}