{"id":1809371,"date":"2025-03-28T21:31:00","date_gmt":"2025-03-28T19:31:00","guid":{"rendered":"https:\/\/liquidmaster.pl\/flex-p-set-55-r-zestaw-akumulatorow-z-ladowarka\/"},"modified":"2026-04-20T08:27:16","modified_gmt":"2026-04-20T06:27:16","slug":"flex-p-set-55-r-zestaw-akumulatorow-z-ladowarka","status":"publish","type":"product","link":"https:\/\/liquidmaster.pl\/en\/flex-p-set-55-r-zestaw-akumulatorow-z-ladowarka\/","title":{"rendered":"Flex P-Set 55 R &#8211; zestaw akumulator\u00f3w z \u0142adowark\u0105"},"content":{"rendered":"<p>Flex P-Set 55 R \u2013 kompletny zestaw do zasilania elektronarz\u0119dzi Flex. Zawiera szybk\u0105 \u0142adowark\u0119 12\/18 W oraz dwa wydajne akumulatory 18 V o pojemno\u015bci 5,0 Ah. Wyposa\u017cony w wska\u017anik na\u0142adowania oraz system zabezpiecze\u0144 przed prze\u0142adowaniem i g\u0142\u0119bokim roz\u0142adowaniem. Idealny wyb\u00f3r dla profesjonalist\u00f3w ceni\u0105cych niezawodno\u015b\u0107 i d\u0142ugi czas pracy.<\/p>","protected":false},"excerpt":{"rendered":"<p>Flex P-Set 55 R \u2013 kompletny zestaw do zasilania elektronarz\u0119dzi Flex. Zawiera szybk\u0105 \u0142adowark\u0119 12\/18 W oraz dwa wydajne akumulatory 18 V o pojemno\u015bci 5,0 Ah. Wyposa\u017cony w wska\u017anik na\u0142adowania oraz system zabezpiecze\u0144 przed prze\u0142adowaniem i g\u0142\u0119bokim roz\u0142adowaniem. Idealny wyb\u00f3r dla profesjonalist\u00f3w ceni\u0105cych niezawodno\u015b\u0107 i d\u0142ugi czas pracy.<\/p>","protected":false},"featured_media":1850459,"comment_status":"open","ping_status":"open","template":"","meta":{"neve_meta_sidebar":"","neve_meta_container":"","neve_meta_enable_content_width":"","neve_meta_content_width":0,"neve_meta_title_alignment":"","neve_meta_author_avatar":"","neve_post_elements_order":"","neve_meta_disable_header":"","neve_meta_disable_footer":"","neve_meta_disable_title":"","_themeisle_gutenberg_block_has_review":false},"product_brand":[],"product_cat":[864,806,748],"product_tag":[292],"class_list":{"0":"post-1809371","1":"product","2":"type-product","3":"status-publish","4":"has-post-thumbnail","6":"product_cat-czesci-zamienne","7":"product_cat-maszyny-polerskie","8":"product_cat-polerowanie","9":"product_tag-flex","11":"first","12":"outofstock","13":"taxable","14":"shipping-taxable","15":"purchasable","16":"product-type-simple"},"_links":{"self":[{"href":"https:\/\/liquidmaster.pl\/en\/wp-json\/wp\/v2\/product\/1809371","targetHints":{"allow":["GET"]}}],"collection":[{"href":"https:\/\/liquidmaster.pl\/en\/wp-json\/wp\/v2\/product"}],"about":[{"href":"https:\/\/liquidmaster.pl\/en\/wp-json\/wp\/v2\/types\/product"}],"replies":[{"embeddable":true,"href":"https:\/\/liquidmaster.pl\/en\/wp-json\/wp\/v2\/comments?post=1809371"}],"wp:featuredmedia":[{"embeddable":true,"href":"https:\/\/liquidmaster.pl\/en\/wp-json\/wp\/v2\/media\/1850459"}],"wp:attachment":[{"href":"https:\/\/liquidmaster.pl\/en\/wp-json\/wp\/v2\/media?parent=1809371"}],"wp:term":[{"taxonomy":"product_brand","embeddable":true,"href":"https:\/\/liquidmaster.pl\/en\/wp-json\/wp\/v2\/product_brand?post=1809371"},{"taxonomy":"product_cat","embeddable":true,"href":"https:\/\/liquidmaster.pl\/en\/wp-json\/wp\/v2\/product_cat?post=1809371"},{"taxonomy":"product_tag","embeddable":true,"href":"https:\/\/liquidmaster.pl\/en\/wp-json\/wp\/v2\/product_tag?post=1809371"}],"curies":[{"name":"wp","href":"https:\/\/api.w.org\/{rel}","templated":true}]}}