{"id":1809362,"date":"2025-03-28T21:30:32","date_gmt":"2025-03-28T19:30:32","guid":{"rendered":"https:\/\/liquidmaster.pl\/carpro-gliss-2-0-powloka-ochronna-na-poziomie-nowoczesnej-technologii-30ml\/"},"modified":"2026-04-18T04:46:28","modified_gmt":"2026-04-18T02:46:28","slug":"carpro-gliss-2-0-powloka-ochronna-na-poziomie-nowoczesnej-technologii-30ml","status":"publish","type":"product","link":"https:\/\/liquidmaster.pl\/en\/carpro-gliss-20-powloka-ochronna-na-poziomie-nowoczesnej-technologii-30ml\/","title":{"rendered":"CarPro Gliss 2.0 &#8211; Pow\u0142oka ochronna na poziomie nowoczesnej technologii 30ml"},"content":{"rendered":"<p>CarPro Gliss 2.0 \u2013 Pow\u0142oka ochronna na poziomie nowoczesnej technologii<\/p>\n<p>CarPro Gliss 2.0 to zaawansowany preparat ochronny, stworzony z my\u015bl\u0105 o wszystkich, kt\u00f3rzy szukaj\u0105 doskona\u0142ej ochrony dla lakieru swojego samochodu. Jest to nowoczesna pow\u0142oka, kt\u00f3ra nie tylko poprawia wygl\u0105d pojazdu, ale r\u00f3wnie\u017c zapewnia d\u0142ugotrwa\u0142\u0105 ochron\u0119 przed zanieczyszczeniami, wod\u0105, brudem oraz szkodliwymi czynnikami atmosferycznymi.<\/p>\n<p>Dzi\u0119ki unikalnej formule op\u00f3\u017aniaj\u0105cej proces osadzania si\u0119 zanieczyszcze\u0144, CarPro Gliss 2.0 skutecznie minimalizuje potrzeb\u0119 cz\u0119stego mycia, a powierzchnia samochodu pozostaje g\u0142adka i b\u0142yszcz\u0105ca przez d\u0142ugi czas. Produkt charakteryzuje si\u0119 wyj\u0105tkow\u0105 odporno\u015bci\u0105 na zadrapania i uszkodzenia, a tak\u017ce poprawia w\u0142a\u015bciwo\u015bci hydrofobowe, skutecznie odpychaj\u0105c wod\u0119, co sprawia, \u017ce deszcz i brud nie przywieraj\u0105 do lakieru.<\/p>\n<p>Najwa\u017cniejsze cechy CarPro Gliss 2.0:<\/p>\n<ul>\n<li>Wysokiej jako\u015bci ochrona lakieru przed brudem, wod\u0105 i zanieczyszczeniami.<\/li>\n<li>Efekt hydrofobowy, kt\u00f3ry sprawia, \u017ce woda szybko sp\u0142ywa z powierzchni.<\/li>\n<li>G\u0142adka, l\u015bni\u0105ca powierzchnia o d\u0142ugotrwa\u0142ym efekcie.<\/li>\n<li>\u0141atwa aplikacja oraz d\u0142ugotrwa\u0142a ochrona, nawet do 12 miesi\u0119cy.<\/li>\n<li>Wysoka odporno\u015b\u0107 na zmienne warunki atmosferyczne.<\/li>\n<\/ul>\n<p>CarPro Gliss 2.0 to idealne rozwi\u0105zanie dla tych, kt\u00f3rzy pragn\u0105 utrzyma\u0107 sw\u00f3j pojazd w doskona\u0142ej kondycji przez d\u0142ugi czas. Wybierz CarPro Gliss 2.0 i ciesz si\u0119 ochron\u0105 na najwy\u017cszym poziomie!<\/p>\n<p>Capacity 30 ml<\/p>","protected":false},"excerpt":{"rendered":"<p>CarPro Gliss 2.0 \u2013 Pow\u0142oka ochronna na poziomie nowoczesnej technologii CarPro Gliss 2.0 to zaawansowany preparat ochronny, stworzony z my\u015bl\u0105 o wszystkich, kt\u00f3rzy szukaj\u0105 doskona\u0142ej ochrony dla lakieru swojego samochodu. Jest to nowoczesna pow\u0142oka, kt\u00f3ra nie tylko poprawia wygl\u0105d pojazdu, ale r\u00f3wnie\u017c zapewnia d\u0142ugotrwa\u0142\u0105 ochron\u0119 przed zanieczyszczeniami, wod\u0105, brudem oraz szkodliwymi czynnikami atmosferycznymi. Dzi\u0119ki unikalnej&hellip;&nbsp;<a href=\"https:\/\/liquidmaster.pl\/en\/carpro-gliss-20-powloka-ochronna-na-poziomie-nowoczesnej-technologii-30ml\/\" rel=\"bookmark\">Read More \u00bb<span class=\"screen-reader-text\">CarPro Gliss 2.0 &#8211; Pow\u0142oka ochronna na poziomie nowoczesnej technologii 30ml<\/span><\/a><\/p>","protected":false},"featured_media":1850445,"comment_status":"open","ping_status":"open","template":"","meta":{"neve_meta_sidebar":"","neve_meta_container":"","neve_meta_enable_content_width":"","neve_meta_content_width":0,"neve_meta_title_alignment":"","neve_meta_author_avatar":"","neve_post_elements_order":"","neve_meta_disable_header":"","neve_meta_disable_footer":"","neve_meta_disable_title":"","_themeisle_gutenberg_block_has_review":false},"product_brand":[],"product_cat":[733,766,775],"product_tag":[275],"class_list":{"0":"post-1809362","1":"product","2":"type-product","3":"status-publish","4":"has-post-thumbnail","6":"product_cat-na-zewnatrz","7":"product_cat-ochrona-lakieru","8":"product_cat-powloki-ceramiczne","9":"product_tag-carpro","11":"first","12":"instock","13":"taxable","14":"shipping-taxable","15":"purchasable","16":"product-type-simple"},"_links":{"self":[{"href":"https:\/\/liquidmaster.pl\/en\/wp-json\/wp\/v2\/product\/1809362","targetHints":{"allow":["GET"]}}],"collection":[{"href":"https:\/\/liquidmaster.pl\/en\/wp-json\/wp\/v2\/product"}],"about":[{"href":"https:\/\/liquidmaster.pl\/en\/wp-json\/wp\/v2\/types\/product"}],"replies":[{"embeddable":true,"href":"https:\/\/liquidmaster.pl\/en\/wp-json\/wp\/v2\/comments?post=1809362"}],"wp:featuredmedia":[{"embeddable":true,"href":"https:\/\/liquidmaster.pl\/en\/wp-json\/wp\/v2\/media\/1850445"}],"wp:attachment":[{"href":"https:\/\/liquidmaster.pl\/en\/wp-json\/wp\/v2\/media?parent=1809362"}],"wp:term":[{"taxonomy":"product_brand","embeddable":true,"href":"https:\/\/liquidmaster.pl\/en\/wp-json\/wp\/v2\/product_brand?post=1809362"},{"taxonomy":"product_cat","embeddable":true,"href":"https:\/\/liquidmaster.pl\/en\/wp-json\/wp\/v2\/product_cat?post=1809362"},{"taxonomy":"product_tag","embeddable":true,"href":"https:\/\/liquidmaster.pl\/en\/wp-json\/wp\/v2\/product_tag?post=1809362"}],"curies":[{"name":"wp","href":"https:\/\/api.w.org\/{rel}","templated":true}]}}