{"id":1809335,"date":"2025-03-28T21:28:30","date_gmt":"2025-03-28T19:28:30","guid":{"rendered":"https:\/\/liquidmaster.pl\/adbl-gift-box-s-male-pudelko-prezentowe-02l\/"},"modified":"2026-04-18T04:46:24","modified_gmt":"2026-04-18T02:46:24","slug":"adbl-gift-box-s-male-pudelko-prezentowe-02l","status":"publish","type":"product","link":"https:\/\/liquidmaster.pl\/en\/adbl-gift-box-s-male-pudelko-prezentowe-02l\/","title":{"rendered":"ADBL Gift Box S \u2013 small gift box 0.2L"},"content":{"rendered":"<p>ADBL GIFT BOX<\/p>\n<p>Opakowanie na 2 wybrane produkty ADBL wype\u0142nione g\u0105bk\u0105 uformowan\u0105 w kszta\u0142t opakowa\u0144. Doskona\u0142e rozwi\u0105zanie dla os\u00f3b poszukuj\u0105cych eleganckiego i por\u0119cznego opakowania na ulubione produkty ADBL.<\/p>\n<p>Pojemno\u015b\u0107: 3 butelki ADBL 200ml<\/p>","protected":false},"excerpt":{"rendered":"<p>ADBL GIFT BOX Opakowanie na 2 wybrane produkty ADBL wype\u0142nione g\u0105bk\u0105 uformowan\u0105 w kszta\u0142t opakowa\u0144. Doskona\u0142e rozwi\u0105zanie dla os\u00f3b poszukuj\u0105cych eleganckiego i por\u0119cznego opakowania na ulubione produkty ADBL. Pojemno\u015b\u0107: 3 butelki ADBL 200ml<\/p>","protected":false},"featured_media":1850409,"comment_status":"open","ping_status":"open","template":"","meta":{"neve_meta_sidebar":"","neve_meta_container":"","neve_meta_enable_content_width":"","neve_meta_content_width":0,"neve_meta_title_alignment":"","neve_meta_author_avatar":"","neve_post_elements_order":"","neve_meta_disable_header":"","neve_meta_disable_footer":"","neve_meta_disable_title":"","_themeisle_gutenberg_block_has_review":false},"product_brand":[],"product_cat":[757,862,811],"product_tag":[258],"class_list":{"0":"post-1809335","1":"product","2":"type-product","3":"status-publish","4":"has-post-thumbnail","6":"product_cat-akcesoria","7":"product_cat-gadzety","8":"product_cat-pozostale-akcesoria","9":"product_tag-adbl","11":"first","12":"instock","13":"taxable","14":"shipping-taxable","15":"purchasable","16":"product-type-simple"},"_links":{"self":[{"href":"https:\/\/liquidmaster.pl\/en\/wp-json\/wp\/v2\/product\/1809335","targetHints":{"allow":["GET"]}}],"collection":[{"href":"https:\/\/liquidmaster.pl\/en\/wp-json\/wp\/v2\/product"}],"about":[{"href":"https:\/\/liquidmaster.pl\/en\/wp-json\/wp\/v2\/types\/product"}],"replies":[{"embeddable":true,"href":"https:\/\/liquidmaster.pl\/en\/wp-json\/wp\/v2\/comments?post=1809335"}],"wp:featuredmedia":[{"embeddable":true,"href":"https:\/\/liquidmaster.pl\/en\/wp-json\/wp\/v2\/media\/1850409"}],"wp:attachment":[{"href":"https:\/\/liquidmaster.pl\/en\/wp-json\/wp\/v2\/media?parent=1809335"}],"wp:term":[{"taxonomy":"product_brand","embeddable":true,"href":"https:\/\/liquidmaster.pl\/en\/wp-json\/wp\/v2\/product_brand?post=1809335"},{"taxonomy":"product_cat","embeddable":true,"href":"https:\/\/liquidmaster.pl\/en\/wp-json\/wp\/v2\/product_cat?post=1809335"},{"taxonomy":"product_tag","embeddable":true,"href":"https:\/\/liquidmaster.pl\/en\/wp-json\/wp\/v2\/product_tag?post=1809335"}],"curies":[{"name":"wp","href":"https:\/\/api.w.org\/{rel}","templated":true}]}}