{"id":1809323,"date":"2025-03-28T21:26:53","date_gmt":"2025-03-28T19:26:53","guid":{"rendered":"https:\/\/liquidmaster.pl\/deturner-wheels-cleaner-concentrate-srodek-do-czyszczenia-felg-i-opon-500ml\/"},"modified":"2026-04-18T04:46:22","modified_gmt":"2026-04-18T02:46:22","slug":"deturner-wheels-cleaner-concentrate-srodek-do-czyszczenia-felg-i-opon-500ml","status":"publish","type":"product","link":"https:\/\/liquidmaster.pl\/en\/deturner-wheecon-wheels-cleaner-concentrate-srodek-do-czyszczenia-felg-i-opon-500ml\/","title":{"rendered":"DETURNER WHEECON Wheels Cleaner Concentrate &#8211; \u015arodek do czyszczenia felg i opon 500ml"},"content":{"rendered":"<p>Deturner Xpert Wheels Cleaner Concentrate 500 ml<br \/>\nALKALINE RIMS AND TIRE CLEANER<\/p>\n<p>An alkaline rim cleaner concentrate that effectively removes road film that accumulates on wheels while driving. The product is completely safe for painted, aluminum, steel, and ceramic-coated rims. It can also be used to clean tires.<\/p>\n<p>Main features:<\/p>\n<ul>\n<li>Concentrate for dilution.<\/li>\n<li>Alkaline reaction.<\/li>\n<li>Effectively removes road film.<\/li>\n<li>Safe for most types of rims.<\/li>\n<li>Can be used on tires.<\/li>\n<li>Prepares the surface for further care.<\/li>\n<\/ul>\n<p>Usage:<\/p>\n<li>Dilute the product in a ratio of 1:10 to 1:20.<\/li>\n<li>Apply the preparation to the surface and then use a brush or brush to remove dirt.<\/li>\n<li>Rinse thoroughly with water.<\/li>\n<p>Additional information:<\/p>\n<ul>\n<li>Safe for painted aluminum, steel and ceramic-coated rims.<\/li>\n<li>Do not use on unpainted surfaces.<\/li>\n<li>Avoid use in full sunlight and on hot surfaces.<\/li>\n<li>Do not expose the product to extreme temperatures.<\/li>\n<li>Please follow the dilution recommendations.<\/li>\n<li>Capacity: 500 ml.<\/li>\n<\/ul>","protected":false},"excerpt":{"rendered":"<p>Deturner Xpert Wheels Cleaner Concentrate 500 ml ZASADOWY \u015aRODEK DO CZYSZCZENIA FELG I OPON Zasadowy koncentrat do czyszczenia felg, skutecznie usuwaj\u0105cy film drogowy gromadz\u0105cy si\u0119 na ko\u0142ach podczas jazdy. Produkt jest ca\u0142kowicie bezpieczny dla felg lakierowanych, aluminiowych, stalowych oraz pokrytych pow\u0142ok\u0105 ceramiczn\u0105. Mo\u017ce by\u0107 r\u00f3wnie\u017c stosowany do czyszczenia opon. G\u0142\u00f3wne cechy: Koncentrat do rozcie\u0144czenia. Zasadowy&hellip;&nbsp;<a href=\"https:\/\/liquidmaster.pl\/en\/deturner-wheecon-wheels-cleaner-concentrate-srodek-do-czyszczenia-felg-i-opon-500ml\/\" rel=\"bookmark\">Read More \u00bb<span class=\"screen-reader-text\">DETURNER WHEECON Wheels Cleaner Concentrate &#8211; \u015arodek do czyszczenia felg i opon 500ml<\/span><\/a><\/p>","protected":false},"featured_media":1850393,"comment_status":"open","ping_status":"open","template":"","meta":{"neve_meta_sidebar":"","neve_meta_container":"","neve_meta_enable_content_width":"","neve_meta_content_width":0,"neve_meta_title_alignment":"","neve_meta_author_avatar":"","neve_post_elements_order":"","neve_meta_disable_header":"","neve_meta_disable_footer":"","neve_meta_disable_title":"","_themeisle_gutenberg_block_has_review":false},"product_brand":[],"product_cat":[746,745,733],"product_tag":[287],"class_list":{"0":"post-1809323","1":"product","2":"type-product","3":"status-publish","4":"has-post-thumbnail","6":"product_cat-czyszczenie-felg","7":"product_cat-kola-i-opony","8":"product_cat-na-zewnatrz","9":"product_tag-deturner","11":"first","12":"instock","13":"taxable","14":"shipping-taxable","15":"purchasable","16":"product-type-simple"},"_links":{"self":[{"href":"https:\/\/liquidmaster.pl\/en\/wp-json\/wp\/v2\/product\/1809323","targetHints":{"allow":["GET"]}}],"collection":[{"href":"https:\/\/liquidmaster.pl\/en\/wp-json\/wp\/v2\/product"}],"about":[{"href":"https:\/\/liquidmaster.pl\/en\/wp-json\/wp\/v2\/types\/product"}],"replies":[{"embeddable":true,"href":"https:\/\/liquidmaster.pl\/en\/wp-json\/wp\/v2\/comments?post=1809323"}],"wp:featuredmedia":[{"embeddable":true,"href":"https:\/\/liquidmaster.pl\/en\/wp-json\/wp\/v2\/media\/1850393"}],"wp:attachment":[{"href":"https:\/\/liquidmaster.pl\/en\/wp-json\/wp\/v2\/media?parent=1809323"}],"wp:term":[{"taxonomy":"product_brand","embeddable":true,"href":"https:\/\/liquidmaster.pl\/en\/wp-json\/wp\/v2\/product_brand?post=1809323"},{"taxonomy":"product_cat","embeddable":true,"href":"https:\/\/liquidmaster.pl\/en\/wp-json\/wp\/v2\/product_cat?post=1809323"},{"taxonomy":"product_tag","embeddable":true,"href":"https:\/\/liquidmaster.pl\/en\/wp-json\/wp\/v2\/product_tag?post=1809323"}],"curies":[{"name":"wp","href":"https:\/\/api.w.org\/{rel}","templated":true}]}}