{"id":1809320,"date":"2025-03-28T21:26:53","date_gmt":"2025-03-28T19:26:53","guid":{"rendered":"https:\/\/liquidmaster.pl\/waxpro-nolimit-white-raw-360-gsm-40x40cm\/"},"modified":"2026-04-20T08:27:06","modified_gmt":"2026-04-20T06:27:06","slug":"waxpro-nolimit-white-raw-360-gsm-40x40cm","status":"publish","type":"product","link":"https:\/\/liquidmaster.pl\/en\/waxpro-nolimit-white-raw-360-gsm-40x40cm\/","title":{"rendered":"waxPRO NoLimit White RAW 360 gsm 40x40cm"},"content":{"rendered":"<p>waxPRO NoLimit White Raw Series 360gsm 40x40cm<\/p>\n<p>Bezkraw\u0119dziowa mikrofibra o wyj\u0105tkowej ch\u0142onno\u015bci i delikatnej strukturze, idealna do zastosowa\u0144, kt\u00f3re wymagaj\u0105 minimalizacji ryzyka powstawania mikrorys. Nie pyli, nie zostawia mikrow\u0142\u00f3kien, dzi\u0119ki czemu doskonale sprawdza si\u0119 w pracach wyko\u0144czeniowych, takich jak polerowanie wosk\u00f3w, aplikacja quick detailer\u00f3w oraz pow\u0142ok kwarcowych.<\/p>\n<p>RAW Series<\/p>\n<p>Produkty z serii RAW nie przechodz\u0105 procesu barwienia, co pozytywnie wp\u0142ywa na ich ch\u0142onno\u015b\u0107 oraz mi\u0119kko\u015b\u0107. Brak barwnik\u00f3w eliminuje ryzyko transferu koloru, szczeg\u00f3lnie w przypadku u\u017cywania ich z preparatami na bazie rozpuszczalnik\u00f3w.<\/p>\n<p>Ka\u017cda \u015bciereczka jest zapakowana w indywidualne opakowanie foliowe z nadrukiem, co gwarantuje autentyczno\u015b\u0107 produktu.<\/p>\n<p>Properties:<\/p>\n<ul>\n<li>Weight: 360g\/m\u00b2<\/li>\n<li>Composition: 80% polyester, 20% polyamide<\/li>\n<li>Size: 40x40cm<\/li>\n<li>Edgeless<\/li>\n<li>Seamless<\/li>\n<li>Does not produce dust<\/li>\n<\/ul>\n<p>Washing:<\/p>\n<p>Mo\u017cna pra\u0107 w pralce w temperaturze do 60\u00b0C. Zaleca si\u0119 pranie z podobnymi kolorami. Nie stosowa\u0107 zmi\u0119kczaczy ani wybielaczy.<\/p>\n<p>Attention:<\/p>\n<p>Przed u\u017cyciem nale\u017cy upewni\u0107 si\u0119, \u017ce produkt jest czysty i wolny od zanieczyszcze\u0144, kt\u00f3re mog\u0142yby zarysowa\u0107 powierzchni\u0119.<\/p>","protected":false},"excerpt":{"rendered":"<p>waxPRO NoLimit White Raw Series 360gsm 40x40cm Bezkraw\u0119dziowa mikrofibra o wyj\u0105tkowej ch\u0142onno\u015bci i delikatnej strukturze, idealna do zastosowa\u0144, kt\u00f3re wymagaj\u0105 minimalizacji ryzyka powstawania mikrorys. Nie pyli, nie zostawia mikrow\u0142\u00f3kien, dzi\u0119ki czemu doskonale sprawdza si\u0119 w pracach wyko\u0144czeniowych, takich jak polerowanie wosk\u00f3w, aplikacja quick detailer\u00f3w oraz pow\u0142ok kwarcowych. Seria RAW Produkty z serii RAW nie przechodz\u0105&hellip;&nbsp;<a href=\"https:\/\/liquidmaster.pl\/en\/waxpro-nolimit-white-raw-360-gsm-40x40cm\/\" rel=\"bookmark\">Read More \u00bb<span class=\"screen-reader-text\">waxPRO NoLimit White RAW 360 gsm 40x40cm<\/span><\/a><\/p>","protected":false},"featured_media":1850389,"comment_status":"open","ping_status":"open","template":"","meta":{"neve_meta_sidebar":"","neve_meta_container":"","neve_meta_enable_content_width":"","neve_meta_content_width":0,"neve_meta_title_alignment":"","neve_meta_author_avatar":"","neve_post_elements_order":"","neve_meta_disable_header":"","neve_meta_disable_footer":"","neve_meta_disable_title":"","_themeisle_gutenberg_block_has_review":false},"product_brand":[],"product_cat":[757,758,798],"product_tag":[379],"class_list":{"0":"post-1809320","1":"product","2":"type-product","3":"status-publish","4":"has-post-thumbnail","6":"product_cat-akcesoria","7":"product_cat-mikrofibry-i-reczniki","8":"product_cat-uniwersalne","9":"product_tag-waxpro","11":"first","12":"instock","13":"taxable","14":"shipping-taxable","15":"purchasable","16":"product-type-simple"},"_links":{"self":[{"href":"https:\/\/liquidmaster.pl\/en\/wp-json\/wp\/v2\/product\/1809320","targetHints":{"allow":["GET"]}}],"collection":[{"href":"https:\/\/liquidmaster.pl\/en\/wp-json\/wp\/v2\/product"}],"about":[{"href":"https:\/\/liquidmaster.pl\/en\/wp-json\/wp\/v2\/types\/product"}],"replies":[{"embeddable":true,"href":"https:\/\/liquidmaster.pl\/en\/wp-json\/wp\/v2\/comments?post=1809320"}],"wp:featuredmedia":[{"embeddable":true,"href":"https:\/\/liquidmaster.pl\/en\/wp-json\/wp\/v2\/media\/1850389"}],"wp:attachment":[{"href":"https:\/\/liquidmaster.pl\/en\/wp-json\/wp\/v2\/media?parent=1809320"}],"wp:term":[{"taxonomy":"product_brand","embeddable":true,"href":"https:\/\/liquidmaster.pl\/en\/wp-json\/wp\/v2\/product_brand?post=1809320"},{"taxonomy":"product_cat","embeddable":true,"href":"https:\/\/liquidmaster.pl\/en\/wp-json\/wp\/v2\/product_cat?post=1809320"},{"taxonomy":"product_tag","embeddable":true,"href":"https:\/\/liquidmaster.pl\/en\/wp-json\/wp\/v2\/product_tag?post=1809320"}],"curies":[{"name":"wp","href":"https:\/\/api.w.org\/{rel}","templated":true}]}}