{"id":1809311,"date":"2025-03-28T21:26:30","date_gmt":"2025-03-28T19:26:30","guid":{"rendered":"https:\/\/liquidmaster.pl\/gyeon-q2m-ppf-lift-500ml-plyn-do-repozycjonowania-folii-ppf\/"},"modified":"2026-04-18T04:46:20","modified_gmt":"2026-04-18T02:46:20","slug":"gyeon-q2m-ppf-lift-500ml-plyn-do-repozycjonowania-folii-ppf","status":"publish","type":"product","link":"https:\/\/liquidmaster.pl\/en\/gyeon-q2m-ppf-lift-500ml-plyn-do-repozycjonowania-folii-ppf\/","title":{"rendered":"GYEON Q2M PPF Lift 500ml \u2013 PPF film repositioning fluid"},"content":{"rendered":"<p>CONCENTRATED LIQUID FOR REPOSITIONING ALL TYPES OF PPF FILM<\/p>\n<p>Q\u00b2M PPF Lift is the latest addition to our PPF protective film product line. A highly concentrated repositioning fluid that aids in the necessary lifting of the material while reducing the risk of defects.<\/p>\n<p>EFFICIENT<\/p>\n<p>Q\u00b2M PPF SLIP is designed for efficiency and cost-effectiveness for both first-time PPF users and large surface protection studios. With a 50:1 concentration, installers can easily tailor the solution to their job conditions and grip\/slip preferences, with minimal impact on daily operating costs.<\/p>\n<p>UNIQUE<\/p>\n<p>This concentrated solution is designed to help lift and reposition the film without damaging the adhesive, preventing visible transitions and silvering. It&#039;s worth noting that PPF Lift can be used as a more viscous slip solution in situations where reduced slippage is beneficial, such as when fitting components to mirror housings and piano black trim. This is a first for the PPF industry.<\/p>\n<p>Capacity 500 ml<\/p>","protected":false},"excerpt":{"rendered":"<p>SKONCENTROWANY P\u0141YN DO REPOZYCJONOWANIA WSZYSTKICH TYP\u00d3W FOLII PPF Q\u00b2M PPF Lift to najnowszy dodatek do naszej linii produkt\u00f3w dedykowanych ochronnym foliom PPF. Wysoko skoncentrowany p\u0142yn do repozycjonowania, kt\u00f3ry wspomaga podczas niezb\u0119dnego unoszenia materia\u0142u, jednocze\u015bnie zmniejszaj\u0105c ryzyko powstawania defekt\u00f3w. WYDAJNY Q\u00b2M PPF SLIP zosta\u0142 zaprojektowany z my\u015bl\u0105 o efektywno\u015bci i ekonomii zar\u00f3wno dla os\u00f3b u\u017cywaj\u0105cych PPF&hellip;&nbsp;<a href=\"https:\/\/liquidmaster.pl\/en\/gyeon-q2m-ppf-lift-500ml-plyn-do-repozycjonowania-folii-ppf\/\" rel=\"bookmark\">Read More \u00bb<span class=\"screen-reader-text\">GYEON Q2M PPF Lift 500ml \u2013 PPF film repositioning fluid<\/span><\/a><\/p>","protected":false},"featured_media":1850379,"comment_status":"open","ping_status":"open","template":"","meta":{"neve_meta_sidebar":"","neve_meta_container":"","neve_meta_enable_content_width":"","neve_meta_content_width":0,"neve_meta_title_alignment":"","neve_meta_author_avatar":"","neve_post_elements_order":"","neve_meta_disable_header":"","neve_meta_disable_footer":"","neve_meta_disable_title":"","_themeisle_gutenberg_block_has_review":false},"product_brand":[],"product_cat":[1111,879,1112],"product_tag":[302],"class_list":{"0":"post-1809311","1":"product","2":"type-product","3":"status-publish","4":"has-post-thumbnail","6":"product_cat-aplikacja-folii","7":"product_cat-oklejanie","8":"product_cat-zele-do-aplikacji","9":"product_tag-gyeon","11":"first","12":"instock","13":"taxable","14":"shipping-taxable","15":"purchasable","16":"product-type-simple"},"_links":{"self":[{"href":"https:\/\/liquidmaster.pl\/en\/wp-json\/wp\/v2\/product\/1809311","targetHints":{"allow":["GET"]}}],"collection":[{"href":"https:\/\/liquidmaster.pl\/en\/wp-json\/wp\/v2\/product"}],"about":[{"href":"https:\/\/liquidmaster.pl\/en\/wp-json\/wp\/v2\/types\/product"}],"replies":[{"embeddable":true,"href":"https:\/\/liquidmaster.pl\/en\/wp-json\/wp\/v2\/comments?post=1809311"}],"wp:featuredmedia":[{"embeddable":true,"href":"https:\/\/liquidmaster.pl\/en\/wp-json\/wp\/v2\/media\/1850379"}],"wp:attachment":[{"href":"https:\/\/liquidmaster.pl\/en\/wp-json\/wp\/v2\/media?parent=1809311"}],"wp:term":[{"taxonomy":"product_brand","embeddable":true,"href":"https:\/\/liquidmaster.pl\/en\/wp-json\/wp\/v2\/product_brand?post=1809311"},{"taxonomy":"product_cat","embeddable":true,"href":"https:\/\/liquidmaster.pl\/en\/wp-json\/wp\/v2\/product_cat?post=1809311"},{"taxonomy":"product_tag","embeddable":true,"href":"https:\/\/liquidmaster.pl\/en\/wp-json\/wp\/v2\/product_tag?post=1809311"}],"curies":[{"name":"wp","href":"https:\/\/api.w.org\/{rel}","templated":true}]}}