{"id":1809308,"date":"2025-03-28T21:26:30","date_gmt":"2025-03-28T19:26:30","guid":{"rendered":"https:\/\/liquidmaster.pl\/gyeon-q2m-cure-redefined-250ml-sealant-ceramiczny-w-sprayu\/"},"modified":"2026-04-18T04:46:19","modified_gmt":"2026-04-18T02:46:19","slug":"gyeon-q2m-cure-redefined-250ml-sealant-ceramiczny-w-sprayu","status":"publish","type":"product","link":"https:\/\/liquidmaster.pl\/en\/gyeon-q2m-cure-redefined-250ml-sealant-ceramiczny-w-sprayu\/","title":{"rendered":"GYEON Q2M Cure Redefined 250ml \u2013 ceramic sealant spray"},"content":{"rendered":"<p class=\"text-2\">CERAMIC SPRAY SEALANT<br \/>\nQ\u00b2M Cure Redefined was designed as an innovative, silicon-based maintenance spray for ceramic coatings. It extends the lifespan and enhances gloss and hydrophobicity. Regular use can maintain the coating&#039;s initial hydrophobic properties to 90%. Q\u00b2M Cure Redefined is a proven spray sealant that provides protection even on previously unprotected surfaces.<\/p>\n<p>CONSUMPTION: 30ml\/car<br \/>\npH TOLERANCE: 4-9<br \/>\nDURABILITY: &gt;6 weeks<\/p>\n<p>PREVENTS WATER STAINS<br \/>\nFor the first few weeks after application, quartz coatings are susceptible to hard water staining. Using Q\u00b2M Cure Redefined immediately after application will help eliminate this risk. This product also works well as a quick detailer, removing potential streaks and water logging. It gives the paint a vibrant shine, restoring a &quot;freshly coated&quot; appearance.<\/p>\n<p>REDEFINED<br \/>\nIntroducing the REDFINED line. At GYEON, we have taken our outstanding chemical formulas to a whole new level. We have modified them to perfection to achieve unrivaled performance, exceptional durability and excellent ease of use. We are committed to providing our customers with the best possible user experience.<\/p>\n<p>TIPS AND TRICKS FROM YVES HEYLEN<br \/>\nQ\u00b2M Cure Redefined dramatically increases paint gloss and slipperiness. It also has the ability to darken paint, making it visible on all types of paint. Tip: Dilute it 1:1 with deionized water to facilitate buffing and minimize streaking on dark paints.<\/p>\n<p>Capacity 250 ml<\/p>","protected":false},"excerpt":{"rendered":"<p>SEALANT CERAMICZNY W SPRAYU Q\u00b2M Cure Redefined zosta\u0142 zaprojektowany jako innowacyjny, bazuj\u0105cy na krzemie spray konserwuj\u0105cy do pow\u0142ok ceramicznych. Przed\u0142u\u017ca \u017cywotno\u015b\u0107 i podbija po\u0142ysk i hydrofobowo\u015b\u0107. Regularne u\u017cycie pozwala utrzyma\u0107 do 90% inicjalnych w\u0142a\u015bciwo\u015bci hydrofobowych pow\u0142oki. Q\u00b2M Cure Redefined to sprawdzony sealant w postaci sprayu, zapewniaj\u0105cy ochron\u0119 nawet niezabezpieczonych wcze\u015bniej powierzchni. ZU\u017bYCIE: 30ml\/samoch\u00f3d TOLERANCJA pH:&hellip;&nbsp;<a href=\"https:\/\/liquidmaster.pl\/en\/gyeon-q2m-cure-redefined-250ml-sealant-ceramiczny-w-sprayu\/\" rel=\"bookmark\">Read More \u00bb<span class=\"screen-reader-text\">GYEON Q2M Cure Redefined 250ml \u2013 ceramic sealant spray<\/span><\/a><\/p>","protected":false},"featured_media":1850369,"comment_status":"open","ping_status":"open","template":"","meta":{"neve_meta_sidebar":"","neve_meta_container":"","neve_meta_enable_content_width":"","neve_meta_content_width":0,"neve_meta_title_alignment":"","neve_meta_author_avatar":"","neve_post_elements_order":"","neve_meta_disable_header":"","neve_meta_disable_footer":"","neve_meta_disable_title":"","_themeisle_gutenberg_block_has_review":false},"product_brand":[],"product_cat":[733,766,767],"product_tag":[302],"class_list":{"0":"post-1809308","1":"product","2":"type-product","3":"status-publish","4":"has-post-thumbnail","6":"product_cat-na-zewnatrz","7":"product_cat-ochrona-lakieru","8":"product_cat-quick-detailery","9":"product_tag-gyeon","11":"first","12":"instock","13":"taxable","14":"shipping-taxable","15":"purchasable","16":"product-type-simple"},"_links":{"self":[{"href":"https:\/\/liquidmaster.pl\/en\/wp-json\/wp\/v2\/product\/1809308","targetHints":{"allow":["GET"]}}],"collection":[{"href":"https:\/\/liquidmaster.pl\/en\/wp-json\/wp\/v2\/product"}],"about":[{"href":"https:\/\/liquidmaster.pl\/en\/wp-json\/wp\/v2\/types\/product"}],"replies":[{"embeddable":true,"href":"https:\/\/liquidmaster.pl\/en\/wp-json\/wp\/v2\/comments?post=1809308"}],"wp:featuredmedia":[{"embeddable":true,"href":"https:\/\/liquidmaster.pl\/en\/wp-json\/wp\/v2\/media\/1850369"}],"wp:attachment":[{"href":"https:\/\/liquidmaster.pl\/en\/wp-json\/wp\/v2\/media?parent=1809308"}],"wp:term":[{"taxonomy":"product_brand","embeddable":true,"href":"https:\/\/liquidmaster.pl\/en\/wp-json\/wp\/v2\/product_brand?post=1809308"},{"taxonomy":"product_cat","embeddable":true,"href":"https:\/\/liquidmaster.pl\/en\/wp-json\/wp\/v2\/product_cat?post=1809308"},{"taxonomy":"product_tag","embeddable":true,"href":"https:\/\/liquidmaster.pl\/en\/wp-json\/wp\/v2\/product_tag?post=1809308"}],"curies":[{"name":"wp","href":"https:\/\/api.w.org\/{rel}","templated":true}]}}