{"id":1809299,"date":"2025-03-28T21:26:04","date_gmt":"2025-03-28T19:26:04","guid":{"rendered":"https:\/\/liquidmaster.pl\/shiny-garage-detailer-one-5l-quick-detailer-do-lakieru\/"},"modified":"2026-04-18T04:46:18","modified_gmt":"2026-04-18T02:46:18","slug":"shiny-garage-detailer-one-5l-quick-detailer-do-lakieru","status":"publish","type":"product","link":"https:\/\/liquidmaster.pl\/en\/shiny-garage-detailer-one-5l-quick-detailer-do-lakieru\/","title":{"rendered":"Shiny Garage Detailer One 5L \u2013 quick paint detailer"},"content":{"rendered":"<p>Detailer ONE to jeden \u015brodek do piel\u0119gnacji lakieru samochodowego, kt\u00f3ry \u0142\u0105czy najlepsze cechy naszych dotychczasowych detailer\u00f3w: Quick Detail Spray, Almond Quick Detailer, Morning Dew i ICY Ceramic Detailer.<\/p>\n<p>Detailer ONE to detailer do lakieru, kt\u00f3ry \u0142\u0105czy w\u0142a\u015bciwo\u015bci klasycznego detailera do auta, detailera z woskiem oraz detailera ceramicznego z SiO2. Dzi\u0119ki temu zapewnia szklisto\u015b\u0107, g\u0142\u0119bi\u0119 koloru i hydrofobow\u0105 ochron\u0119 lakieru bez potrzeby stosowania wielu kosmetyk\u00f3w.<\/p>\n<p>Najwa\u017cniejsze cechy Detailer ONE<\/p>\n<ul>\n<li>Charakteryzuje si\u0119 \u0142atw\u0105 aplikacj\u0105 w r\u00f3\u017cnych warunkach<\/li>\n<li>Skutecznie maskuje niedoskona\u0142o\u015bci<\/li>\n<li>Nadaje lakierowi szklisto\u015b\u0107 i g\u0142\u0119bi\u0119 koloru<\/li>\n<li>Posiada mocne w\u0142a\u015bciwo\u015bci hydrofobowe<\/li>\n<li>Nie zawiera silikon\u00f3w<\/li>\n<li>Przyci\u0105ga unikalnym zapachem, \u0142\u0105cz\u0105cym nuty drzewne, rum i kadzid\u0142a.<\/li>\n<\/ul>\n<p>Usage<\/p>\n<p>Jak stosowa\u0107 Detailer ONE?<\/p>\n<li>Upewnij si\u0119, \u017ce powierzchnia jest czysta, ch\u0142odna i sucha<\/li>\n<li>Nanie\u015b produkt na mikrofibr\u0119<\/li>\n<li>Aplikuj na wybrany element powierzchni<\/li>\n<li>Wypracuj such\u0105 stron\u0105 mikrofibry do uzyskania po\u0142ysku.<\/li>\n<p>Wybierz Detailer ONE, aby cieszy\u0107 si\u0119 \u0142atwym w aplikacji i wydajnym\u00a0 kosmetykiem do detailingu lakieru.<\/p>\n<p>Przekonaj si\u0119, jak jeden produkt mo\u017ce zapewni\u0107 pe\u0142en efekt: szklisto\u015b\u0107, g\u0142\u0119bi\u0119 koloru i ochron\u0119 hydrofobow\u0105.<\/p>\n<p>Capacity 5 L<\/p>","protected":false},"excerpt":{"rendered":"<p>Detailer ONE to jeden \u015brodek do piel\u0119gnacji lakieru samochodowego, kt\u00f3ry \u0142\u0105czy najlepsze cechy naszych dotychczasowych detailer\u00f3w: Quick Detail Spray, Almond Quick Detailer, Morning Dew i ICY Ceramic Detailer. Detailer ONE to detailer do lakieru, kt\u00f3ry \u0142\u0105czy w\u0142a\u015bciwo\u015bci klasycznego detailera do auta, detailera z woskiem oraz detailera ceramicznego z SiO2. Dzi\u0119ki temu zapewnia szklisto\u015b\u0107, g\u0142\u0119bi\u0119 koloru&hellip;&nbsp;<a href=\"https:\/\/liquidmaster.pl\/en\/shiny-garage-detailer-one-5l-quick-detailer-do-lakieru\/\" rel=\"bookmark\">Read More \u00bb<span class=\"screen-reader-text\">Shiny Garage Detailer One 5L \u2013 quick paint detailer<\/span><\/a><\/p>","protected":false},"featured_media":1850359,"comment_status":"open","ping_status":"open","template":"","meta":{"neve_meta_sidebar":"","neve_meta_container":"","neve_meta_enable_content_width":"","neve_meta_content_width":0,"neve_meta_title_alignment":"","neve_meta_author_avatar":"","neve_post_elements_order":"","neve_meta_disable_header":"","neve_meta_disable_footer":"","neve_meta_disable_title":"","_themeisle_gutenberg_block_has_review":false},"product_brand":[],"product_cat":[733,766,767],"product_tag":[360],"class_list":{"0":"post-1809299","1":"product","2":"type-product","3":"status-publish","4":"has-post-thumbnail","6":"product_cat-na-zewnatrz","7":"product_cat-ochrona-lakieru","8":"product_cat-quick-detailery","9":"product_tag-shiny-garage","11":"first","12":"instock","13":"taxable","14":"shipping-taxable","15":"purchasable","16":"product-type-simple"},"_links":{"self":[{"href":"https:\/\/liquidmaster.pl\/en\/wp-json\/wp\/v2\/product\/1809299","targetHints":{"allow":["GET"]}}],"collection":[{"href":"https:\/\/liquidmaster.pl\/en\/wp-json\/wp\/v2\/product"}],"about":[{"href":"https:\/\/liquidmaster.pl\/en\/wp-json\/wp\/v2\/types\/product"}],"replies":[{"embeddable":true,"href":"https:\/\/liquidmaster.pl\/en\/wp-json\/wp\/v2\/comments?post=1809299"}],"wp:featuredmedia":[{"embeddable":true,"href":"https:\/\/liquidmaster.pl\/en\/wp-json\/wp\/v2\/media\/1850359"}],"wp:attachment":[{"href":"https:\/\/liquidmaster.pl\/en\/wp-json\/wp\/v2\/media?parent=1809299"}],"wp:term":[{"taxonomy":"product_brand","embeddable":true,"href":"https:\/\/liquidmaster.pl\/en\/wp-json\/wp\/v2\/product_brand?post=1809299"},{"taxonomy":"product_cat","embeddable":true,"href":"https:\/\/liquidmaster.pl\/en\/wp-json\/wp\/v2\/product_cat?post=1809299"},{"taxonomy":"product_tag","embeddable":true,"href":"https:\/\/liquidmaster.pl\/en\/wp-json\/wp\/v2\/product_tag?post=1809299"}],"curies":[{"name":"wp","href":"https:\/\/api.w.org\/{rel}","templated":true}]}}