{"id":1809272,"date":"2025-03-28T21:24:04","date_gmt":"2025-03-28T19:24:04","guid":{"rendered":"https:\/\/liquidmaster.pl\/ik-sprayers-przedluzka-do-raczki-multi-foam-6-9-12l-do-pianownicy-lub-opryskiwacza\/"},"modified":"2026-04-18T04:46:13","modified_gmt":"2026-04-18T02:46:13","slug":"ik-sprayers-przedluzka-do-raczki-multi-foam-6-9-12l-do-pianownicy-lub-opryskiwacza","status":"publish","type":"product","link":"https:\/\/liquidmaster.pl\/en\/ik-sprayers-przedluzka-do-raczki-multi-foam-6912l-do-pianownicy-lub-opryskiwacza\/","title":{"rendered":"IK Sprayers Multi \/ Foam Handle Extension 6\/9\/12L \u2013 for foamer or sprayer"},"content":{"rendered":"<p>This 47 cm extension is compatible with IK Multi\/IK Foam sprayers. Made of durable fiberglass, it provides chemical resistance and long life. Ideal for precise application of cleaning and detailing products.<\/p>\n<p>Compatible with the following models:<\/p>\n<ul>\n<li>IK Multi Pro 12<\/li>\n<li>IK Multi Pro 9<\/li>\n<li>IK Foam Pro 12<\/li>\n<li>IK Multi 6<\/li>\n<li>IK Multi 9<\/li>\n<li>IK Multi 12<\/li>\n<li>IK Multi 12 BS<\/li>\n<\/ul>","protected":false},"excerpt":{"rendered":"<p>Przed\u0142u\u017cka o d\u0142ugo\u015bci 47 cm kompatybilna z opryskiwaczami IK Multi \/ IK Foam. Wykonany z wytrzyma\u0142ego w\u0142\u00f3kna szklanego, zapewnia odporno\u015b\u0107 na chemikalia i d\u0142ug\u0105 \u017cywotno\u015b\u0107. Idealny do precyzyjnego aplikowania \u015brodk\u00f3w czyszcz\u0105cych i detailingowych. Kompatybilna z nast\u0119puj\u0105cymi modelami: IK Multi Pro 12 IK Multi Pro 9 IK Foam Pro 12 IK Multi 6 IK Multi 9&hellip;&nbsp;<a href=\"https:\/\/liquidmaster.pl\/en\/ik-sprayers-przedluzka-do-raczki-multi-foam-6912l-do-pianownicy-lub-opryskiwacza\/\" rel=\"bookmark\">Read More \u00bb<span class=\"screen-reader-text\">IK Sprayers Multi \/ Foam Handle Extension 6\/9\/12L \u2013 for foamer or sprayer<\/span><\/a><\/p>","protected":false},"featured_media":1850323,"comment_status":"open","ping_status":"open","template":"","meta":{"neve_meta_sidebar":"","neve_meta_container":"","neve_meta_enable_content_width":"","neve_meta_content_width":0,"neve_meta_title_alignment":"","neve_meta_author_avatar":"","neve_post_elements_order":"","neve_meta_disable_header":"","neve_meta_disable_footer":"","neve_meta_disable_title":"","_themeisle_gutenberg_block_has_review":false},"product_brand":[],"product_cat":[757,811],"product_tag":[306],"class_list":{"0":"post-1809272","1":"product","2":"type-product","3":"status-publish","4":"has-post-thumbnail","6":"product_cat-akcesoria","7":"product_cat-pozostale-akcesoria","8":"product_tag-ik-sprayers","10":"first","11":"instock","12":"taxable","13":"shipping-taxable","14":"purchasable","15":"product-type-simple"},"_links":{"self":[{"href":"https:\/\/liquidmaster.pl\/en\/wp-json\/wp\/v2\/product\/1809272","targetHints":{"allow":["GET"]}}],"collection":[{"href":"https:\/\/liquidmaster.pl\/en\/wp-json\/wp\/v2\/product"}],"about":[{"href":"https:\/\/liquidmaster.pl\/en\/wp-json\/wp\/v2\/types\/product"}],"replies":[{"embeddable":true,"href":"https:\/\/liquidmaster.pl\/en\/wp-json\/wp\/v2\/comments?post=1809272"}],"wp:featuredmedia":[{"embeddable":true,"href":"https:\/\/liquidmaster.pl\/en\/wp-json\/wp\/v2\/media\/1850323"}],"wp:attachment":[{"href":"https:\/\/liquidmaster.pl\/en\/wp-json\/wp\/v2\/media?parent=1809272"}],"wp:term":[{"taxonomy":"product_brand","embeddable":true,"href":"https:\/\/liquidmaster.pl\/en\/wp-json\/wp\/v2\/product_brand?post=1809272"},{"taxonomy":"product_cat","embeddable":true,"href":"https:\/\/liquidmaster.pl\/en\/wp-json\/wp\/v2\/product_cat?post=1809272"},{"taxonomy":"product_tag","embeddable":true,"href":"https:\/\/liquidmaster.pl\/en\/wp-json\/wp\/v2\/product_tag?post=1809272"}],"curies":[{"name":"wp","href":"https:\/\/api.w.org\/{rel}","templated":true}]}}