{"id":1809240,"date":"2025-03-28T21:20:55","date_gmt":"2025-03-28T19:20:55","guid":{"rendered":"https:\/\/liquidmaster.pl\/gtechniq-mf4-recznik-diamond-60x60cm-recznik-do-osuszania-lakieru\/"},"modified":"2026-04-20T08:26:52","modified_gmt":"2026-04-20T06:26:52","slug":"gtechniq-mf4-recznik-diamond-60x60cm-recznik-do-osuszania-lakieru","status":"publish","type":"product","link":"https:\/\/liquidmaster.pl\/en\/gtechniq-mf4-recznik-diamond-60x60cm-recznik-do-osuszania-lakieru\/","title":{"rendered":"Gtechniq MF4 Diamond Towel 60x60cm \u2013 paint drying towel"},"content":{"rendered":"<p>The Diamond Sandwich Drying Towel is the pinnacle of car drying technology. Our authorized Gtechniq detailers have tested its performance on thousands of cars. Thanks to its high polyamide content and high resistance, it can be easily wrung out.<\/p>\n<p>Before wiping your car with MF4, always make sure it&#039;s clean (wash it separately at 40 degrees, in the washing machine, without fabric softener or bleach). If it&#039;s clean, gently wipe away any water from the car&#039;s surface.<\/p>\n<p>After washing, dry the towel naturally. By following the washing instructions, you can be sure that your MF4 will last longer.<\/p>\n<p>Weight: 200 grams<br \/>\nComposition: 70% Polyester, 30% Polyamide, Ultra fine microfiber, 0.13 denier<br \/>\nSize: 60x60cm<\/p>","protected":false},"excerpt":{"rendered":"<p>Diamond Sandwich Drying Towel to szczytowe osi\u0105gni\u0119cie w technologii suszenia aut. Nasi autoryzowani detailerzy Gtechniq przetestowali jego dzia\u0142anie na tysi\u0105cach samochod\u00f3w. Dzi\u0119ki du\u017cej zawarto\u015bci polamidu i wysokiej odporno\u015bci i mo\u017ce by\u0107 z \u0142atwo\u015bci\u0105 wy\u017cymany. Zanim zaczniesz wyciera\u0107 samoch\u00f3d za pomoc\u0105 MF4 ka\u017cdorazowo upewnij si\u0119, czy jest on czysty (pierz go oddzielnie, w 40 stopniach, w&hellip;&nbsp;<a href=\"https:\/\/liquidmaster.pl\/en\/gtechniq-mf4-recznik-diamond-60x60cm-recznik-do-osuszania-lakieru\/\" rel=\"bookmark\">Read More \u00bb<span class=\"screen-reader-text\">Gtechniq MF4 Diamond Towel 60x60cm \u2013 paint drying towel<\/span><\/a><\/p>","protected":false},"featured_media":1850288,"comment_status":"open","ping_status":"open","template":"","meta":{"neve_meta_sidebar":"","neve_meta_container":"","neve_meta_enable_content_width":"","neve_meta_content_width":0,"neve_meta_title_alignment":"","neve_meta_author_avatar":"","neve_post_elements_order":"","neve_meta_disable_header":"","neve_meta_disable_footer":"","neve_meta_disable_title":"","_themeisle_gutenberg_block_has_review":false},"product_brand":[],"product_cat":[757,758,798],"product_tag":[940],"class_list":{"0":"post-1809240","1":"product","2":"type-product","3":"status-publish","4":"has-post-thumbnail","6":"product_cat-akcesoria","7":"product_cat-mikrofibry-i-reczniki","8":"product_cat-uniwersalne","9":"product_tag-gtechniq","11":"first","12":"instock","13":"taxable","14":"shipping-taxable","15":"purchasable","16":"product-type-simple"},"_links":{"self":[{"href":"https:\/\/liquidmaster.pl\/en\/wp-json\/wp\/v2\/product\/1809240","targetHints":{"allow":["GET"]}}],"collection":[{"href":"https:\/\/liquidmaster.pl\/en\/wp-json\/wp\/v2\/product"}],"about":[{"href":"https:\/\/liquidmaster.pl\/en\/wp-json\/wp\/v2\/types\/product"}],"replies":[{"embeddable":true,"href":"https:\/\/liquidmaster.pl\/en\/wp-json\/wp\/v2\/comments?post=1809240"}],"wp:featuredmedia":[{"embeddable":true,"href":"https:\/\/liquidmaster.pl\/en\/wp-json\/wp\/v2\/media\/1850288"}],"wp:attachment":[{"href":"https:\/\/liquidmaster.pl\/en\/wp-json\/wp\/v2\/media?parent=1809240"}],"wp:term":[{"taxonomy":"product_brand","embeddable":true,"href":"https:\/\/liquidmaster.pl\/en\/wp-json\/wp\/v2\/product_brand?post=1809240"},{"taxonomy":"product_cat","embeddable":true,"href":"https:\/\/liquidmaster.pl\/en\/wp-json\/wp\/v2\/product_cat?post=1809240"},{"taxonomy":"product_tag","embeddable":true,"href":"https:\/\/liquidmaster.pl\/en\/wp-json\/wp\/v2\/product_tag?post=1809240"}],"curies":[{"name":"wp","href":"https:\/\/api.w.org\/{rel}","templated":true}]}}