{"id":1809237,"date":"2025-03-28T21:20:55","date_gmt":"2025-03-28T19:20:55","guid":{"rendered":"https:\/\/liquidmaster.pl\/gtechniq-l2-foaming-leather-cleaner-200ml-pianka-do-czyszczenia-skor\/"},"modified":"2026-04-20T08:26:51","modified_gmt":"2026-04-20T06:26:51","slug":"gtechniq-l2-foaming-leather-cleaner-200ml-pianka-do-czyszczenia-skor","status":"publish","type":"product","link":"https:\/\/liquidmaster.pl\/en\/gtechniq-l2-foaming-leather-cleaner-200ml-pianka-do-czyszczenia-skor\/","title":{"rendered":"Gtechniq L2 Foaming Leather Cleaner 200ml \u2013 leather cleaning foam"},"content":{"rendered":"<p>\u015arodek czyszcz\u0105cy Foaming Leather Cleaner jest przeznaczony do czyszczenia wszystkich rodzaj\u00f3w sk\u00f3ry, w tym zamszu anilinowego, wega\u0144skiego, naturalnego i syntetycznego.<\/p>\n<p>Produkt ten nie tylko dok\u0142adnie czy\u015bci powierzchni\u0119, ale r\u00f3wnie\u017c zawiera sk\u0142adniki antybakteryjne i poch\u0142aniaj\u0105ce zapachy, dzi\u0119ki czemu powierzchnie s\u0105 nie tylko wizualnie czyste, ale tak\u017ce wolne od drobnoustroj\u00f3w i zapach\u00f3w.<\/p>\n<p>Aby zwi\u0119kszy\u0107 si\u0142\u0119 czyszczenia, nanie\u015b \u015brodek Foaming Leather Cleaner na szczotk\u0119 Gtechniq Leather &#038; Interior Brush.<\/p>\n<p>Usage:<\/p>\n<li>Wstrz\u0105\u015bnij dobrze przed u\u017cyciem i za\u0142\u00f3\u017c r\u0119kawiczki<\/li>\n<li>Nanie\u015b produkt bezpo\u015brednio na wilgotn\u0105\u00a0 mikrofibre MF1 lub Gtechniq Leather &#038; Interior Brush.<\/li>\n<li>Przetrzyj powierzchni\u0119 lub delikatnie rozprowad\u017a<\/li>\n<li>Powt\u00f3rz w razie potrzeby, a nast\u0119pnie przetrzyj powierzchni\u0119 czyst\u0105 MF1, aby upewni\u0107 si\u0119, \u017ce powierzchnia jest sucha<\/li>\n<li>Store in a cool, dry place<\/li>\n<p>Capacity 200 ml<\/p>","protected":false},"excerpt":{"rendered":"<p>\u015arodek czyszcz\u0105cy Foaming Leather Cleaner jest przeznaczony do czyszczenia wszystkich rodzaj\u00f3w sk\u00f3ry, w tym zamszu anilinowego, wega\u0144skiego, naturalnego i syntetycznego. Produkt ten nie tylko dok\u0142adnie czy\u015bci powierzchni\u0119, ale r\u00f3wnie\u017c zawiera sk\u0142adniki antybakteryjne i poch\u0142aniaj\u0105ce zapachy, dzi\u0119ki czemu powierzchnie s\u0105 nie tylko wizualnie czyste, ale tak\u017ce wolne od drobnoustroj\u00f3w i zapach\u00f3w. Aby zwi\u0119kszy\u0107 si\u0142\u0119 czyszczenia, nanie\u015b&hellip;&nbsp;<a href=\"https:\/\/liquidmaster.pl\/en\/gtechniq-l2-foaming-leather-cleaner-200ml-pianka-do-czyszczenia-skor\/\" rel=\"bookmark\">Read More \u00bb<span class=\"screen-reader-text\">Gtechniq L2 Foaming Leather Cleaner 200ml \u2013 leather cleaning foam<\/span><\/a><\/p>","protected":false},"featured_media":1850280,"comment_status":"open","ping_status":"open","template":"","meta":{"neve_meta_sidebar":"","neve_meta_container":"","neve_meta_enable_content_width":"","neve_meta_content_width":0,"neve_meta_title_alignment":"","neve_meta_author_avatar":"","neve_post_elements_order":"","neve_meta_disable_header":"","neve_meta_disable_footer":"","neve_meta_disable_title":"","_themeisle_gutenberg_block_has_review":false},"product_brand":[],"product_cat":[834,816,768],"product_tag":[940],"class_list":{"0":"post-1809237","1":"product","2":"type-product","3":"status-publish","4":"has-post-thumbnail","6":"product_cat-czyszczenie-skory","7":"product_cat-tapicerka-skorzana","8":"product_cat-wnetrze-auta","9":"product_tag-gtechniq","11":"first","12":"instock","13":"taxable","14":"shipping-taxable","15":"purchasable","16":"product-type-simple"},"_links":{"self":[{"href":"https:\/\/liquidmaster.pl\/en\/wp-json\/wp\/v2\/product\/1809237","targetHints":{"allow":["GET"]}}],"collection":[{"href":"https:\/\/liquidmaster.pl\/en\/wp-json\/wp\/v2\/product"}],"about":[{"href":"https:\/\/liquidmaster.pl\/en\/wp-json\/wp\/v2\/types\/product"}],"replies":[{"embeddable":true,"href":"https:\/\/liquidmaster.pl\/en\/wp-json\/wp\/v2\/comments?post=1809237"}],"wp:featuredmedia":[{"embeddable":true,"href":"https:\/\/liquidmaster.pl\/en\/wp-json\/wp\/v2\/media\/1850280"}],"wp:attachment":[{"href":"https:\/\/liquidmaster.pl\/en\/wp-json\/wp\/v2\/media?parent=1809237"}],"wp:term":[{"taxonomy":"product_brand","embeddable":true,"href":"https:\/\/liquidmaster.pl\/en\/wp-json\/wp\/v2\/product_brand?post=1809237"},{"taxonomy":"product_cat","embeddable":true,"href":"https:\/\/liquidmaster.pl\/en\/wp-json\/wp\/v2\/product_cat?post=1809237"},{"taxonomy":"product_tag","embeddable":true,"href":"https:\/\/liquidmaster.pl\/en\/wp-json\/wp\/v2\/product_tag?post=1809237"}],"curies":[{"name":"wp","href":"https:\/\/api.w.org\/{rel}","templated":true}]}}