{"id":1809231,"date":"2025-03-28T21:20:30","date_gmt":"2025-03-28T19:20:30","guid":{"rendered":"https:\/\/liquidmaster.pl\/gtechniq-l1-leather-guard-100ml-srodek-do-zabezpieczenia-tapicerki-skorzanej\/"},"modified":"2026-04-20T08:26:50","modified_gmt":"2026-04-20T06:26:50","slug":"gtechniq-l1-leather-guard-100ml-srodek-do-zabezpieczenia-tapicerki-skorzanej","status":"publish","type":"product","link":"https:\/\/liquidmaster.pl\/en\/gtechniq-l1-leather-guard-100ml-srodek-do-zabezpieczenia-tapicerki-skorzanej\/","title":{"rendered":"Gtechniq L1 Leather Guard 100ml \u2013 a product for protecting leather upholstery"},"content":{"rendered":"<p>L1 trwale wnika w sk\u00f3rzan\u0105 tapicerk\u0119. Utrzymuje odpowiedni poziom nawil\u017cenia i spr\u0119\u017cysto\u015bci materia\u0142u, tak by nie p\u0119ka\u0142 i by\u0142 bardziej odporny na tarcie. Jako pow\u0142oka ochronna, chroni przed promieniami UV i hamuje transfer barwnik\u00f3w z ubra\u0144.<\/p>\n<p>Dzi\u0119ki technologii Biocote\u00ae, tapicerka sk\u00f3rzana Twojego samochodu zyskuje 99.9% ochrony przed rozwojem bakterii i drobnoustroj\u00f3w.<\/p>\n<p>L1 zapewnia trwa\u0142o\u015b\u0107 od 3 do 12 miesi\u0119cy w zale\u017cno\u015bci od intensywno\u015bci u\u017cytkowania chronionego obszaru.<\/p>\n<p>Usage:<\/p>\n<li>Dok\u0142adnie wyczy\u015b\u0107 tapicerk\u0119 sk\u00f3rzan\u0105 za pomoc\u0105 I2 Tri-Clean i wysusz powierzchni\u0119<\/li>\n<li>Przed u\u017cyciem dobrze wstrz\u0105\u015bnij i za\u0142\u00f3\u017c r\u0119kawiczki<\/li>\n<li>Nak\u0142adaj okr\u0119\u017cnymi ruchami za pomoc\u0105 aplikatora AP3, rozprowadzaj\u0105c cienk\u0105 warstw\u0119 produktu<\/li>\n<li>Usu\u0144 nadmiar za pomoc\u0105 MF1<\/li>\n<li>Aby uzyska\u0107 najlepsze rezultaty na obszarach szczeg\u00f3lnie nara\u017conych na zu\u017cycie, produkt nale\u017cy ponownie na\u0142o\u017cy\u0107 godzin\u0119 po na\u0142o\u017ceniu pierwszej warstwy<\/li>\n<li>Przed u\u017cyciem pozostaw produkt do wyschni\u0119cia na godzin\u0119<\/li>\n<li>Store in a cool, dry place<\/li>\n<p>Capacity 100 ml<\/p>","protected":false},"excerpt":{"rendered":"<p>L1 trwale wnika w sk\u00f3rzan\u0105 tapicerk\u0119. Utrzymuje odpowiedni poziom nawil\u017cenia i spr\u0119\u017cysto\u015bci materia\u0142u, tak by nie p\u0119ka\u0142 i by\u0142 bardziej odporny na tarcie. Jako pow\u0142oka ochronna, chroni przed promieniami UV i hamuje transfer barwnik\u00f3w z ubra\u0144. Dzi\u0119ki technologii Biocote\u00ae, tapicerka sk\u00f3rzana Twojego samochodu zyskuje 99.9% ochrony przed rozwojem bakterii i drobnoustroj\u00f3w. L1 zapewnia trwa\u0142o\u015b\u0107 od&hellip;&nbsp;<a href=\"https:\/\/liquidmaster.pl\/en\/gtechniq-l1-leather-guard-100ml-srodek-do-zabezpieczenia-tapicerki-skorzanej\/\" rel=\"bookmark\">Read More \u00bb<span class=\"screen-reader-text\">Gtechniq L1 Leather Guard 100ml \u2013 a product for protecting leather upholstery<\/span><\/a><\/p>","protected":false},"featured_media":1850276,"comment_status":"open","ping_status":"open","template":"","meta":{"neve_meta_sidebar":"","neve_meta_container":"","neve_meta_enable_content_width":"","neve_meta_content_width":0,"neve_meta_title_alignment":"","neve_meta_author_avatar":"","neve_post_elements_order":"","neve_meta_disable_header":"","neve_meta_disable_footer":"","neve_meta_disable_title":"","_themeisle_gutenberg_block_has_review":false},"product_brand":[],"product_cat":[833,816,768],"product_tag":[940],"class_list":{"0":"post-1809231","1":"product","2":"type-product","3":"status-publish","4":"has-post-thumbnail","6":"product_cat-ochrona-skory","7":"product_cat-tapicerka-skorzana","8":"product_cat-wnetrze-auta","9":"product_tag-gtechniq","11":"first","12":"instock","13":"taxable","14":"shipping-taxable","15":"purchasable","16":"product-type-simple"},"_links":{"self":[{"href":"https:\/\/liquidmaster.pl\/en\/wp-json\/wp\/v2\/product\/1809231","targetHints":{"allow":["GET"]}}],"collection":[{"href":"https:\/\/liquidmaster.pl\/en\/wp-json\/wp\/v2\/product"}],"about":[{"href":"https:\/\/liquidmaster.pl\/en\/wp-json\/wp\/v2\/types\/product"}],"replies":[{"embeddable":true,"href":"https:\/\/liquidmaster.pl\/en\/wp-json\/wp\/v2\/comments?post=1809231"}],"wp:featuredmedia":[{"embeddable":true,"href":"https:\/\/liquidmaster.pl\/en\/wp-json\/wp\/v2\/media\/1850276"}],"wp:attachment":[{"href":"https:\/\/liquidmaster.pl\/en\/wp-json\/wp\/v2\/media?parent=1809231"}],"wp:term":[{"taxonomy":"product_brand","embeddable":true,"href":"https:\/\/liquidmaster.pl\/en\/wp-json\/wp\/v2\/product_brand?post=1809231"},{"taxonomy":"product_cat","embeddable":true,"href":"https:\/\/liquidmaster.pl\/en\/wp-json\/wp\/v2\/product_cat?post=1809231"},{"taxonomy":"product_tag","embeddable":true,"href":"https:\/\/liquidmaster.pl\/en\/wp-json\/wp\/v2\/product_tag?post=1809231"}],"curies":[{"name":"wp","href":"https:\/\/api.w.org\/{rel}","templated":true}]}}