{"id":1809225,"date":"2025-03-28T21:20:06","date_gmt":"2025-03-28T19:20:06","guid":{"rendered":"https:\/\/liquidmaster.pl\/gtechniq-ap5-applicator-pad-aplikator-do-powlok\/"},"modified":"2026-04-19T03:33:57","modified_gmt":"2026-04-19T01:33:57","slug":"gtechniq-ap5-applicator-pad-aplikator-do-powlok","status":"publish","type":"product","link":"https:\/\/liquidmaster.pl\/en\/gtechniq-ap5-applicator-pad-aplikator-do-powlok\/","title":{"rendered":"Gtechniq AP5 Applicator Pad \u2013 coating applicator"},"content":{"rendered":"<p>This lint-free, short-bristled, 280 g\/m\u00b2 terry cloth applicator is specifically designed for evenly applying any ceramic coating, polymer, or wax. Super-soft fibers ensure the applicator glides effortlessly across the surface, ensuring even product application. The precision construction of the inner foam core means the applicator stays in even contact with the paint, while the rectangular shape provides a more controlled application.<\/p>\n<p>Quantity: 1 pc.<\/p>","protected":false},"excerpt":{"rendered":"<p>Ten niestrz\u0119pi\u0105cy si\u0119 aplikator frotte z kr\u00f3tkim w\u0142osiem i gramaturze 280 g\/m\u00b2 zosta\u0142y specjalnie zaprojektowane do r\u00f3wnomiernego nak\u0142adania dowolnej pow\u0142oki ceramicznej, polimeru lub wosku. Super mi\u0119kkie w\u0142\u00f3kna zapewniaj\u0105, \u017ce aplikator \u015blizga si\u0119 bez wysi\u0142ku po powierzchni, zapewniaj\u0105c r\u00f3wnomiern\u0105 aplikacj\u0119 produktu. Precyzyjna konstrukcja wewn\u0119trznego rdzenia z pianki oznacza, \u017ce aplikator pozostaje w r\u00f3wnomiernym kontakcie z lakierem,&hellip;&nbsp;<a href=\"https:\/\/liquidmaster.pl\/en\/gtechniq-ap5-applicator-pad-aplikator-do-powlok\/\" rel=\"bookmark\">Read More \u00bb<span class=\"screen-reader-text\">Gtechniq AP5 Applicator Pad \u2013 coating applicator<\/span><\/a><\/p>","protected":false},"featured_media":1850269,"comment_status":"open","ping_status":"open","template":"","meta":{"neve_meta_sidebar":"","neve_meta_container":"","neve_meta_enable_content_width":"","neve_meta_content_width":0,"neve_meta_title_alignment":"","neve_meta_author_avatar":"","neve_post_elements_order":"","neve_meta_disable_header":"","neve_meta_disable_footer":"","neve_meta_disable_title":"","_themeisle_gutenberg_block_has_review":false},"product_brand":[],"product_cat":[757,786,787],"product_tag":[940],"class_list":{"0":"post-1809225","1":"product","2":"type-product","3":"status-publish","4":"has-post-thumbnail","6":"product_cat-akcesoria","7":"product_cat-aplikatory","8":"product_cat-aplikatory-do-ceramiki","9":"product_tag-gtechniq","11":"first","12":"instock","13":"taxable","14":"shipping-taxable","15":"purchasable","16":"product-type-simple"},"_links":{"self":[{"href":"https:\/\/liquidmaster.pl\/en\/wp-json\/wp\/v2\/product\/1809225","targetHints":{"allow":["GET"]}}],"collection":[{"href":"https:\/\/liquidmaster.pl\/en\/wp-json\/wp\/v2\/product"}],"about":[{"href":"https:\/\/liquidmaster.pl\/en\/wp-json\/wp\/v2\/types\/product"}],"replies":[{"embeddable":true,"href":"https:\/\/liquidmaster.pl\/en\/wp-json\/wp\/v2\/comments?post=1809225"}],"wp:featuredmedia":[{"embeddable":true,"href":"https:\/\/liquidmaster.pl\/en\/wp-json\/wp\/v2\/media\/1850269"}],"wp:attachment":[{"href":"https:\/\/liquidmaster.pl\/en\/wp-json\/wp\/v2\/media?parent=1809225"}],"wp:term":[{"taxonomy":"product_brand","embeddable":true,"href":"https:\/\/liquidmaster.pl\/en\/wp-json\/wp\/v2\/product_brand?post=1809225"},{"taxonomy":"product_cat","embeddable":true,"href":"https:\/\/liquidmaster.pl\/en\/wp-json\/wp\/v2\/product_cat?post=1809225"},{"taxonomy":"product_tag","embeddable":true,"href":"https:\/\/liquidmaster.pl\/en\/wp-json\/wp\/v2\/product_tag?post=1809225"}],"curies":[{"name":"wp","href":"https:\/\/api.w.org\/{rel}","templated":true}]}}