{"id":1809222,"date":"2025-03-28T21:20:06","date_gmt":"2025-03-28T19:20:06","guid":{"rendered":"https:\/\/liquidmaster.pl\/gtechniq-ap3-dual-layered-soft-applicator-aplikator-gabkowy\/"},"modified":"2026-04-18T04:46:05","modified_gmt":"2026-04-18T02:46:05","slug":"gtechniq-ap3-dual-layered-soft-applicator-aplikator-gabkowy","status":"publish","type":"product","link":"https:\/\/liquidmaster.pl\/en\/gtechniq-ap3-dual-layered-soft-applicator-aplikator-gabkowy\/","title":{"rendered":"Gtechniq AP3 Dual Layered Soft Applicator &#8211; aplikator g\u0105bkowy"},"content":{"rendered":"<p>AP3 Dual Layered Soft to aplikator stworzony do rozprowadzania produkt\u00f3w przeznaczonych do impregnacji wn\u0119trza, jak i opon. Jego delikatna porowata g\u0105bka sprawia, \u017ce jest bezpieczny dla najbardziej wymagaj\u0105cych wn\u0119trz. Mi\u0119kko\u015b\u0107 aplikatora sprawi, \u017ce dotrzesz w ka\u017cdy zakamarek i r\u00f3wnomiernie rozprowadzisz preparat impregnuj\u0105cy.<\/p>\n<p>Idealnie nadaje si\u0119 do produkt\u00f3w takich jak:<\/p>\n<ul>\n<li>C6 Matte Dash<\/li>\n<li>L1 Leather Guard<\/li>\n<li>G4 Nanotech Glass Polish<\/li>\n<li>M1 All Metal Polish<\/li>\n<li>T1 Tyre and Trim<\/li>\n<\/ul>\n<p>\u00a0<\/p>","protected":false},"excerpt":{"rendered":"<p>AP3 Dual Layered Soft to aplikator stworzony do rozprowadzania produkt\u00f3w przeznaczonych do impregnacji wn\u0119trza, jak i opon. Jego delikatna porowata g\u0105bka sprawia, \u017ce jest bezpieczny dla najbardziej wymagaj\u0105cych wn\u0119trz. Mi\u0119kko\u015b\u0107 aplikatora sprawi, \u017ce dotrzesz w ka\u017cdy zakamarek i r\u00f3wnomiernie rozprowadzisz preparat impregnuj\u0105cy. Idealnie nadaje si\u0119 do produkt\u00f3w takich jak: C6 Matte Dash L1 Leather Guard&hellip;&nbsp;<a href=\"https:\/\/liquidmaster.pl\/en\/gtechniq-ap3-dual-layered-soft-applicator-aplikator-gabkowy\/\" rel=\"bookmark\">Read More \u00bb<span class=\"screen-reader-text\">Gtechniq AP3 Dual Layered Soft Applicator &#8211; aplikator g\u0105bkowy<\/span><\/a><\/p>","protected":false},"featured_media":1850267,"comment_status":"open","ping_status":"open","template":"","meta":{"neve_meta_sidebar":"","neve_meta_container":"","neve_meta_enable_content_width":"","neve_meta_content_width":0,"neve_meta_title_alignment":"","neve_meta_author_avatar":"","neve_post_elements_order":"","neve_meta_disable_header":"","neve_meta_disable_footer":"","neve_meta_disable_title":"","_themeisle_gutenberg_block_has_review":false},"product_brand":[],"product_cat":[757,786,797],"product_tag":[940],"class_list":{"0":"post-1809222","1":"product","2":"type-product","3":"status-publish","4":"has-post-thumbnail","6":"product_cat-akcesoria","7":"product_cat-aplikatory","8":"product_cat-aplikatory-do-woskow","9":"product_tag-gtechniq","11":"first","12":"instock","13":"taxable","14":"shipping-taxable","15":"purchasable","16":"product-type-simple"},"_links":{"self":[{"href":"https:\/\/liquidmaster.pl\/en\/wp-json\/wp\/v2\/product\/1809222","targetHints":{"allow":["GET"]}}],"collection":[{"href":"https:\/\/liquidmaster.pl\/en\/wp-json\/wp\/v2\/product"}],"about":[{"href":"https:\/\/liquidmaster.pl\/en\/wp-json\/wp\/v2\/types\/product"}],"replies":[{"embeddable":true,"href":"https:\/\/liquidmaster.pl\/en\/wp-json\/wp\/v2\/comments?post=1809222"}],"wp:featuredmedia":[{"embeddable":true,"href":"https:\/\/liquidmaster.pl\/en\/wp-json\/wp\/v2\/media\/1850267"}],"wp:attachment":[{"href":"https:\/\/liquidmaster.pl\/en\/wp-json\/wp\/v2\/media?parent=1809222"}],"wp:term":[{"taxonomy":"product_brand","embeddable":true,"href":"https:\/\/liquidmaster.pl\/en\/wp-json\/wp\/v2\/product_brand?post=1809222"},{"taxonomy":"product_cat","embeddable":true,"href":"https:\/\/liquidmaster.pl\/en\/wp-json\/wp\/v2\/product_cat?post=1809222"},{"taxonomy":"product_tag","embeddable":true,"href":"https:\/\/liquidmaster.pl\/en\/wp-json\/wp\/v2\/product_tag?post=1809222"}],"curies":[{"name":"wp","href":"https:\/\/api.w.org\/{rel}","templated":true}]}}