{"id":1809219,"date":"2025-03-28T21:20:06","date_gmt":"2025-03-28T19:20:06","guid":{"rendered":"https:\/\/liquidmaster.pl\/gtechniq-ap2-ultra-soft-applicator-aplikator-do-powlok\/"},"modified":"2026-04-18T04:46:05","modified_gmt":"2026-04-18T02:46:05","slug":"gtechniq-ap2-ultra-soft-applicator-aplikator-do-powlok","status":"publish","type":"product","link":"https:\/\/liquidmaster.pl\/en\/gtechniq-ap2-ultra-soft-applicator-aplikator-do-powlok\/","title":{"rendered":"Gtechniq AP2 Ultra Soft Applicator &#8211; aplikator do pow\u0142ok"},"content":{"rendered":"<p style=\"text-align: left;\">Najcz\u0119\u015bciej najmniejsze detale robi\u0105 du\u017c\u0105 r\u00f3\u017cnic\u0119. Jest pokryty g\u0119st\u0105 \u015bciereczk\u0105 z mikrofibry, z por\u0119cznym otworem na palec, mo\u017cna nak\u0142ada\u0107 pow\u0142oki bezpieczniej i szybciej.<\/p>\n<p style=\"text-align: left;\">G\u0105bka ma \u015brednic\u0119 8 cm i 1 cm grubo\u015bci.<\/p>","protected":false},"excerpt":{"rendered":"<p>Najcz\u0119\u015bciej najmniejsze detale robi\u0105 du\u017c\u0105 r\u00f3\u017cnic\u0119. Jest pokryty g\u0119st\u0105 \u015bciereczk\u0105 z mikrofibry, z por\u0119cznym otworem na palec, mo\u017cna nak\u0142ada\u0107 pow\u0142oki bezpieczniej i szybciej. G\u0105bka ma \u015brednic\u0119 8 cm i 1 cm grubo\u015bci.<\/p>","protected":false},"featured_media":1850258,"comment_status":"open","ping_status":"open","template":"","meta":{"neve_meta_sidebar":"","neve_meta_container":"","neve_meta_enable_content_width":"","neve_meta_content_width":0,"neve_meta_title_alignment":"","neve_meta_author_avatar":"","neve_post_elements_order":"","neve_meta_disable_header":"","neve_meta_disable_footer":"","neve_meta_disable_title":"","_themeisle_gutenberg_block_has_review":false},"product_brand":[],"product_cat":[757,786,787],"product_tag":[940],"class_list":{"0":"post-1809219","1":"product","2":"type-product","3":"status-publish","4":"has-post-thumbnail","6":"product_cat-akcesoria","7":"product_cat-aplikatory","8":"product_cat-aplikatory-do-ceramiki","9":"product_tag-gtechniq","11":"first","12":"instock","13":"taxable","14":"shipping-taxable","15":"purchasable","16":"product-type-simple"},"_links":{"self":[{"href":"https:\/\/liquidmaster.pl\/en\/wp-json\/wp\/v2\/product\/1809219","targetHints":{"allow":["GET"]}}],"collection":[{"href":"https:\/\/liquidmaster.pl\/en\/wp-json\/wp\/v2\/product"}],"about":[{"href":"https:\/\/liquidmaster.pl\/en\/wp-json\/wp\/v2\/types\/product"}],"replies":[{"embeddable":true,"href":"https:\/\/liquidmaster.pl\/en\/wp-json\/wp\/v2\/comments?post=1809219"}],"wp:featuredmedia":[{"embeddable":true,"href":"https:\/\/liquidmaster.pl\/en\/wp-json\/wp\/v2\/media\/1850258"}],"wp:attachment":[{"href":"https:\/\/liquidmaster.pl\/en\/wp-json\/wp\/v2\/media?parent=1809219"}],"wp:term":[{"taxonomy":"product_brand","embeddable":true,"href":"https:\/\/liquidmaster.pl\/en\/wp-json\/wp\/v2\/product_brand?post=1809219"},{"taxonomy":"product_cat","embeddable":true,"href":"https:\/\/liquidmaster.pl\/en\/wp-json\/wp\/v2\/product_cat?post=1809219"},{"taxonomy":"product_tag","embeddable":true,"href":"https:\/\/liquidmaster.pl\/en\/wp-json\/wp\/v2\/product_tag?post=1809219"}],"curies":[{"name":"wp","href":"https:\/\/api.w.org\/{rel}","templated":true}]}}