{"id":1809210,"date":"2025-03-28T21:18:58","date_gmt":"2025-03-28T19:18:58","guid":{"rendered":"https:\/\/liquidmaster.pl\/oximo-wa3505502\/"},"modified":"2026-04-18T04:46:03","modified_gmt":"2026-04-18T02:46:03","slug":"oximo-wa3505502","status":"publish","type":"product","link":"https:\/\/liquidmaster.pl\/en\/oximo-wa3505502\/","title":{"rendered":"Oximo WA3505502"},"content":{"rendered":"<p>D\u0142ugo\u015b\u0107: 650 i 450 mm<br \/>\nIlo\u015b\u0107 w opakowaniu: 2 szt.<br \/>\nConstruction: frameless<\/p>\n<p>Wycieraczki o konstrukcji bezszkieletowej ze zintegrowanym spojlerem, komplet 2 szt. na przedni\u0105 szyb\u0119, posiadaj\u0105 dedykowane mocowania oraz odpowiednie d\u0142ugo\u015bci (mm) pod konkretny model i rocznik pojazdu.<\/p>\n<ul>\n<li>The wiper blade is made of natural rubber with the addition of silicone and a PTFE (Teflon) layer, ensuring effective water collection from the windshield and quiet and long-lasting operation.<\/li>\n<li>nowoczesna konstrukcja gwarantuje r\u00f3wnomierny docisk i idealne dopasowanie do krzywizny szyby,<\/li>\n<li>plastic elements \u2013 high-quality polyethylene and polycarbonate alloy,<\/li>\n<li>elementy metalowe wykonane z ocynkowanej stali, aby d\u0142ugo i skutecznie chroni\u0107 przed korozj\u0105,<\/li>\n<li>bardzo \u0142atwy i szybki monta\u017c dzi\u0119ki zamontowanemu ju\u017c dedykowanemu mocowaniu, zgodnym z orygina\u0142em,<\/li>\n<li>for all weather conditions,<\/li>\n<li>ka\u017cdy produkt jest poddany gruntownej kontroli jako\u015bci<\/li>\n<\/ul>\n<p>\u00a0<\/p>\n<p>Fits:<\/p>\n<ul class=\"category-matches\">\n<li>BMW 5 (F07 Gran Turismo) liftback 10.2009-<\/li>\n<li>BMW 5 (F10) sedan 03.2010-<\/li>\n<li>BMW 5 (F11 Touring) kombi 04.2010-<\/li>\n<li>BMW 6 (F06 Gran Coupe) 09.2011-<\/li>\n<li>BMW 6 (F13 Coupe) 11.2010-<\/li>\n<li>BMW 7 (F01, F02, F03, F04) sedan 06.2008-<\/li>\n<\/ul>","protected":false},"excerpt":{"rendered":"<p>D\u0142ugo\u015b\u0107: 650 i 450 mm Ilo\u015b\u0107 w opakowaniu: 2 szt. Konstrukcja: bezszkieletowa Wycieraczki o konstrukcji bezszkieletowej ze zintegrowanym spojlerem, komplet 2 szt. na przedni\u0105 szyb\u0119, posiadaj\u0105 dedykowane mocowania oraz odpowiednie d\u0142ugo\u015bci (mm) pod konkretny model i rocznik pojazdu. Pi\u00f3ro wycieraczki wykonane z naturalnego kauczuku z dodatkiem silikonu oraz warstwy PTFE (teflon) zapewnia skuteczne zbieranie wody&hellip;&nbsp;<a href=\"https:\/\/liquidmaster.pl\/en\/oximo-wa3505502\/\" rel=\"bookmark\">Read More \u00bb<span class=\"screen-reader-text\">Oximo WA3505502<\/span><\/a><\/p>","protected":false},"featured_media":1850248,"comment_status":"open","ping_status":"open","template":"","meta":{"neve_meta_sidebar":"","neve_meta_container":"","neve_meta_enable_content_width":"","neve_meta_content_width":0,"neve_meta_title_alignment":"","neve_meta_author_avatar":"","neve_post_elements_order":"","neve_meta_disable_header":"","neve_meta_disable_footer":"","neve_meta_disable_title":"","_themeisle_gutenberg_block_has_review":false},"product_brand":[],"product_cat":[757,846],"product_tag":[],"class_list":{"0":"post-1809210","1":"product","2":"type-product","3":"status-publish","4":"has-post-thumbnail","6":"product_cat-akcesoria","7":"product_cat-reszta","9":"first","10":"instock","11":"taxable","12":"shipping-taxable","13":"purchasable","14":"product-type-simple"},"_links":{"self":[{"href":"https:\/\/liquidmaster.pl\/en\/wp-json\/wp\/v2\/product\/1809210","targetHints":{"allow":["GET"]}}],"collection":[{"href":"https:\/\/liquidmaster.pl\/en\/wp-json\/wp\/v2\/product"}],"about":[{"href":"https:\/\/liquidmaster.pl\/en\/wp-json\/wp\/v2\/types\/product"}],"replies":[{"embeddable":true,"href":"https:\/\/liquidmaster.pl\/en\/wp-json\/wp\/v2\/comments?post=1809210"}],"wp:featuredmedia":[{"embeddable":true,"href":"https:\/\/liquidmaster.pl\/en\/wp-json\/wp\/v2\/media\/1850248"}],"wp:attachment":[{"href":"https:\/\/liquidmaster.pl\/en\/wp-json\/wp\/v2\/media?parent=1809210"}],"wp:term":[{"taxonomy":"product_brand","embeddable":true,"href":"https:\/\/liquidmaster.pl\/en\/wp-json\/wp\/v2\/product_brand?post=1809210"},{"taxonomy":"product_cat","embeddable":true,"href":"https:\/\/liquidmaster.pl\/en\/wp-json\/wp\/v2\/product_cat?post=1809210"},{"taxonomy":"product_tag","embeddable":true,"href":"https:\/\/liquidmaster.pl\/en\/wp-json\/wp\/v2\/product_tag?post=1809210"}],"curies":[{"name":"wp","href":"https:\/\/api.w.org\/{rel}","templated":true}]}}