{"id":1809207,"date":"2025-03-28T21:18:33","date_gmt":"2025-03-28T19:18:33","guid":{"rendered":"https:\/\/liquidmaster.pl\/oximo-trzonek-drewniany-uchwyt-do-sciagaczki-podlogowej\/"},"modified":"2026-04-18T04:46:02","modified_gmt":"2026-04-18T02:46:02","slug":"oximo-trzonek-drewniany-uchwyt-do-sciagaczki-podlogowej","status":"publish","type":"product","link":"https:\/\/liquidmaster.pl\/en\/oximo-trzonek-drewniany-uchwyt-do-sciagaczki-podlogowej\/","title":{"rendered":"Oximo Wooden Handle - Floor Squeegee Handle"},"content":{"rendered":"<p>Wytrzyma\u0142y i solidny trzonek wykonany z wysokiej jako\u015bci drewna. Zapewnia wygodn\u0105 prac\u0119 i pe\u0142n\u0105 kontrol\u0119 nad \u015bci\u0105gaczk\u0105.<\/p>\n<p>D\u0142ugo\u015b\u0107: 130 cm<\/p>","protected":false},"excerpt":{"rendered":"<p>Wytrzyma\u0142y i solidny trzonek wykonany z wysokiej jako\u015bci drewna. Zapewnia wygodn\u0105 prac\u0119 i pe\u0142n\u0105 kontrol\u0119 nad \u015bci\u0105gaczk\u0105. D\u0142ugo\u015b\u0107: 130 cm<\/p>","protected":false},"featured_media":1850246,"comment_status":"open","ping_status":"open","template":"","meta":{"neve_meta_sidebar":"","neve_meta_container":"","neve_meta_enable_content_width":"","neve_meta_content_width":0,"neve_meta_title_alignment":"","neve_meta_author_avatar":"","neve_post_elements_order":"","neve_meta_disable_header":"","neve_meta_disable_footer":"","neve_meta_disable_title":"","_themeisle_gutenberg_block_has_review":false},"product_brand":[],"product_cat":[757,893,846],"product_tag":[],"class_list":{"0":"post-1809207","1":"product","2":"type-product","3":"status-publish","4":"has-post-thumbnail","6":"product_cat-akcesoria","7":"product_cat-inne","8":"product_cat-reszta","10":"first","11":"instock","12":"taxable","13":"shipping-taxable","14":"purchasable","15":"product-type-simple"},"_links":{"self":[{"href":"https:\/\/liquidmaster.pl\/en\/wp-json\/wp\/v2\/product\/1809207","targetHints":{"allow":["GET"]}}],"collection":[{"href":"https:\/\/liquidmaster.pl\/en\/wp-json\/wp\/v2\/product"}],"about":[{"href":"https:\/\/liquidmaster.pl\/en\/wp-json\/wp\/v2\/types\/product"}],"replies":[{"embeddable":true,"href":"https:\/\/liquidmaster.pl\/en\/wp-json\/wp\/v2\/comments?post=1809207"}],"wp:featuredmedia":[{"embeddable":true,"href":"https:\/\/liquidmaster.pl\/en\/wp-json\/wp\/v2\/media\/1850246"}],"wp:attachment":[{"href":"https:\/\/liquidmaster.pl\/en\/wp-json\/wp\/v2\/media?parent=1809207"}],"wp:term":[{"taxonomy":"product_brand","embeddable":true,"href":"https:\/\/liquidmaster.pl\/en\/wp-json\/wp\/v2\/product_brand?post=1809207"},{"taxonomy":"product_cat","embeddable":true,"href":"https:\/\/liquidmaster.pl\/en\/wp-json\/wp\/v2\/product_cat?post=1809207"},{"taxonomy":"product_tag","embeddable":true,"href":"https:\/\/liquidmaster.pl\/en\/wp-json\/wp\/v2\/product_tag?post=1809207"}],"curies":[{"name":"wp","href":"https:\/\/api.w.org\/{rel}","templated":true}]}}