{"id":1809204,"date":"2025-03-28T21:18:33","date_gmt":"2025-03-28T19:18:33","guid":{"rendered":"https:\/\/liquidmaster.pl\/oximo-sciagaczka-podlogowa-do-wody-100cm\/"},"modified":"2026-04-21T08:28:15","modified_gmt":"2026-04-21T06:28:15","slug":"oximo-sciagaczka-podlogowa-do-wody-100cm","status":"publish","type":"product","link":"https:\/\/liquidmaster.pl\/en\/oximo-sciagaczka-podlogowa-do-wody-100cm\/","title":{"rendered":"Oximo Floor squeegee for water 100cm"},"content":{"rendered":"<p>\u015aci\u0105gaczka Oximo to solidne i trwa\u0142e narz\u0119dzie do skutecznego usuwania wody z powierzchni. Wykonana ze stali ocynkowanej listwa o szeroko\u015bci 100 cm zosta\u0142a wyposa\u017cona w specjaln\u0105 mikrogum\u0119 EPDM, odporn\u0105 na dzia\u0142anie czynnik\u00f3w atmosferycznych, ozonu, olej\u00f3w i kwas\u00f3w. Doskonale sprawdzi si\u0119 w myjniach samochodowych, warsztatach, halach produkcyjnych, a tak\u017ce na p\u0142ywalniach i w u\u017cytku domowym.<\/p>\n<p>Uwaga: produkt sprzedawany bez drewnianego trzonka.<\/p>","protected":false},"excerpt":{"rendered":"<p>\u015aci\u0105gaczka Oximo to solidne i trwa\u0142e narz\u0119dzie do skutecznego usuwania wody z powierzchni. Wykonana ze stali ocynkowanej listwa o szeroko\u015bci 100 cm zosta\u0142a wyposa\u017cona w specjaln\u0105 mikrogum\u0119 EPDM, odporn\u0105 na dzia\u0142anie czynnik\u00f3w atmosferycznych, ozonu, olej\u00f3w i kwas\u00f3w. Doskonale sprawdzi si\u0119 w myjniach samochodowych, warsztatach, halach produkcyjnych, a tak\u017ce na p\u0142ywalniach i w u\u017cytku domowym. Uwaga:&hellip;&nbsp;<a href=\"https:\/\/liquidmaster.pl\/en\/oximo-sciagaczka-podlogowa-do-wody-100cm\/\" rel=\"bookmark\">Read More \u00bb<span class=\"screen-reader-text\">Oximo Floor squeegee for water 100cm<\/span><\/a><\/p>","protected":false},"featured_media":1850244,"comment_status":"open","ping_status":"open","template":"","meta":{"neve_meta_sidebar":"","neve_meta_container":"","neve_meta_enable_content_width":"","neve_meta_content_width":0,"neve_meta_title_alignment":"","neve_meta_author_avatar":"","neve_post_elements_order":"","neve_meta_disable_header":"","neve_meta_disable_footer":"","neve_meta_disable_title":"","_themeisle_gutenberg_block_has_review":false},"product_brand":[],"product_cat":[757,893,846],"product_tag":[],"class_list":{"0":"post-1809204","1":"product","2":"type-product","3":"status-publish","4":"has-post-thumbnail","6":"product_cat-akcesoria","7":"product_cat-inne","8":"product_cat-reszta","10":"first","11":"instock","12":"taxable","13":"shipping-taxable","14":"purchasable","15":"product-type-simple"},"_links":{"self":[{"href":"https:\/\/liquidmaster.pl\/en\/wp-json\/wp\/v2\/product\/1809204","targetHints":{"allow":["GET"]}}],"collection":[{"href":"https:\/\/liquidmaster.pl\/en\/wp-json\/wp\/v2\/product"}],"about":[{"href":"https:\/\/liquidmaster.pl\/en\/wp-json\/wp\/v2\/types\/product"}],"replies":[{"embeddable":true,"href":"https:\/\/liquidmaster.pl\/en\/wp-json\/wp\/v2\/comments?post=1809204"}],"wp:featuredmedia":[{"embeddable":true,"href":"https:\/\/liquidmaster.pl\/en\/wp-json\/wp\/v2\/media\/1850244"}],"wp:attachment":[{"href":"https:\/\/liquidmaster.pl\/en\/wp-json\/wp\/v2\/media?parent=1809204"}],"wp:term":[{"taxonomy":"product_brand","embeddable":true,"href":"https:\/\/liquidmaster.pl\/en\/wp-json\/wp\/v2\/product_brand?post=1809204"},{"taxonomy":"product_cat","embeddable":true,"href":"https:\/\/liquidmaster.pl\/en\/wp-json\/wp\/v2\/product_cat?post=1809204"},{"taxonomy":"product_tag","embeddable":true,"href":"https:\/\/liquidmaster.pl\/en\/wp-json\/wp\/v2\/product_tag?post=1809204"}],"curies":[{"name":"wp","href":"https:\/\/api.w.org\/{rel}","templated":true}]}}