{"id":1809183,"date":"2025-03-28T21:17:01","date_gmt":"2025-03-28T19:17:01","guid":{"rendered":"https:\/\/liquidmaster.pl\/oximo-mt550\/"},"modified":"2026-04-20T08:26:41","modified_gmt":"2026-04-20T06:26:41","slug":"oximo-mt550","status":"publish","type":"product","link":"https:\/\/liquidmaster.pl\/en\/oximo-mt550\/","title":{"rendered":"Oximo MT550"},"content":{"rendered":"<p>D\u0142ugo\u015b\u0107: 550 mm<br \/>\nQuantity in package: 1 pc.<br \/>\nConstruction: frameless<\/p>\n<p>Frameless windshield wiper blades with an integrated spoiler. Multi-Type designates 12 interchangeable mounts: U, A, B, B1, C, C1, C3, D, E, E1, F, and K \u2013 matched according to the catalog. They feature a built-in, symmetrical, double-sided spoiler, making them suitable for right-hand drive cars and vehicles with counter-rotating wiper systems.<\/p>\n<ul>\n<li>The set includes 10 adapters that fit 12 mounts,<\/li>\n<li>The wiper blade is made of natural rubber with the addition of silicone and a PTFE (Teflon) layer, ensuring effective water collection from the windshield and quiet and long-lasting operation.<\/li>\n<li>modern design ensures even pressure and perfect adjustment to the curvature of the glass,<\/li>\n<li>plastic elements \u2013 high-quality polyethylene and polycarbonate alloy,<\/li>\n<li>metal elements made of galvanized steel to effectively protect against corrosion,<\/li>\n<li>for all weather conditions,<\/li>\n<li>each product is subjected to thorough quality control.<\/li>\n<\/ul>","protected":false},"excerpt":{"rendered":"<p>D\u0142ugo\u015b\u0107: 550 mm Ilo\u015b\u0107 w opakowaniu: 1 szt. Konstrukcja: bezszkieletowa Wycieraczki o konstrukcji bezszkieletowej ze zintegrowanym spojlerem, wycieraczki na przedni\u0105 szyb\u0119. Multi-Type oznacza, i\u017c wycieraczka posiada wymienne mocowania 12 typ\u00f3w: U, A, B, B1, C, C1, C3, D, E, E1, F, K \u2013 dopasowanie wg. katalogu. Posiadaj\u0105 wbudowany, symetryczny, obustronny spoiler, dzi\u0119ki czemu pasuj\u0105 tak\u017ce&hellip;&nbsp;<a href=\"https:\/\/liquidmaster.pl\/en\/oximo-mt550\/\" rel=\"bookmark\">Read More \u00bb<span class=\"screen-reader-text\">Oximo MT550<\/span><\/a><\/p>","protected":false},"featured_media":1850214,"comment_status":"open","ping_status":"open","template":"","meta":{"neve_meta_sidebar":"","neve_meta_container":"","neve_meta_enable_content_width":"","neve_meta_content_width":0,"neve_meta_title_alignment":"","neve_meta_author_avatar":"","neve_post_elements_order":"","neve_meta_disable_header":"","neve_meta_disable_footer":"","neve_meta_disable_title":"","_themeisle_gutenberg_block_has_review":false},"product_brand":[],"product_cat":[757,846],"product_tag":[],"class_list":{"0":"post-1809183","1":"product","2":"type-product","3":"status-publish","4":"has-post-thumbnail","6":"product_cat-akcesoria","7":"product_cat-reszta","9":"first","10":"instock","11":"taxable","12":"shipping-taxable","13":"purchasable","14":"product-type-simple"},"_links":{"self":[{"href":"https:\/\/liquidmaster.pl\/en\/wp-json\/wp\/v2\/product\/1809183","targetHints":{"allow":["GET"]}}],"collection":[{"href":"https:\/\/liquidmaster.pl\/en\/wp-json\/wp\/v2\/product"}],"about":[{"href":"https:\/\/liquidmaster.pl\/en\/wp-json\/wp\/v2\/types\/product"}],"replies":[{"embeddable":true,"href":"https:\/\/liquidmaster.pl\/en\/wp-json\/wp\/v2\/comments?post=1809183"}],"wp:featuredmedia":[{"embeddable":true,"href":"https:\/\/liquidmaster.pl\/en\/wp-json\/wp\/v2\/media\/1850214"}],"wp:attachment":[{"href":"https:\/\/liquidmaster.pl\/en\/wp-json\/wp\/v2\/media?parent=1809183"}],"wp:term":[{"taxonomy":"product_brand","embeddable":true,"href":"https:\/\/liquidmaster.pl\/en\/wp-json\/wp\/v2\/product_brand?post=1809183"},{"taxonomy":"product_cat","embeddable":true,"href":"https:\/\/liquidmaster.pl\/en\/wp-json\/wp\/v2\/product_cat?post=1809183"},{"taxonomy":"product_tag","embeddable":true,"href":"https:\/\/liquidmaster.pl\/en\/wp-json\/wp\/v2\/product_tag?post=1809183"}],"curies":[{"name":"wp","href":"https:\/\/api.w.org\/{rel}","templated":true}]}}