{"id":1809153,"date":"2025-03-28T21:14:04","date_gmt":"2025-03-28T19:14:04","guid":{"rendered":"https:\/\/liquidmaster.pl\/deturner-wheels-cleaner-concentrate-1l\/"},"modified":"2026-04-18T04:45:54","modified_gmt":"2026-04-18T02:45:54","slug":"deturner-wheels-cleaner-concentrate-1l","status":"publish","type":"product","link":"https:\/\/liquidmaster.pl\/en\/deturner-wheecon-wheels-cleaner-concentrate-1l\/","title":{"rendered":"DETURNER WHEECON Wheels Cleaner Concentrate 1L"},"content":{"rendered":"<p>Deturner Wheels Cleaner Concentrate<\/p>\n<p>Zasadowy koncentrat do mycia felg, skutecznie usuwaj\u0105cy film drogowy, kt\u00f3ry gromadzi si\u0119 na ko\u0142ach podczas jazdy. Jest bezpieczny dla wszystkich rodzaj\u00f3w felg, z wyj\u0105tkiem powierzchni nielakierowanych. Mo\u017ce by\u0107 stosowany na felgi z na\u0142o\u017con\u0105 pow\u0142ok\u0105 ceramiczn\u0105, a tak\u017ce do czyszczenia opon.<\/p>\n<p>Produkt nale\u017cy stosowa\u0107 jako oprysk, rozcie\u0144czaj\u0105c w proporcji od 1:10 do 1:20. Nanie\u015b\u0107 \u015brodek na powierzchni\u0119, a nast\u0119pnie u\u017cy\u0107 szczotki lub p\u0119dzla do usuni\u0119cia zabrudze\u0144. Po zako\u0144czeniu czyszczenia obficie sp\u0142uka\u0107 wod\u0105.<\/p>","protected":false},"excerpt":{"rendered":"<p>Deturner Wheels Cleaner Concentrate Zasadowy koncentrat do mycia felg, skutecznie usuwaj\u0105cy film drogowy, kt\u00f3ry gromadzi si\u0119 na ko\u0142ach podczas jazdy. Jest bezpieczny dla wszystkich rodzaj\u00f3w felg, z wyj\u0105tkiem powierzchni nielakierowanych. Mo\u017ce by\u0107 stosowany na felgi z na\u0142o\u017con\u0105 pow\u0142ok\u0105 ceramiczn\u0105, a tak\u017ce do czyszczenia opon. Produkt nale\u017cy stosowa\u0107 jako oprysk, rozcie\u0144czaj\u0105c w proporcji od 1:10 do&hellip;&nbsp;<a href=\"https:\/\/liquidmaster.pl\/en\/deturner-wheecon-wheels-cleaner-concentrate-1l\/\" rel=\"bookmark\">Read More \u00bb<span class=\"screen-reader-text\">DETURNER WHEECON Wheels Cleaner Concentrate 1L<\/span><\/a><\/p>","protected":false},"featured_media":1850181,"comment_status":"open","ping_status":"open","template":"","meta":{"neve_meta_sidebar":"","neve_meta_container":"","neve_meta_enable_content_width":"","neve_meta_content_width":0,"neve_meta_title_alignment":"","neve_meta_author_avatar":"","neve_post_elements_order":"","neve_meta_disable_header":"","neve_meta_disable_footer":"","neve_meta_disable_title":"","_themeisle_gutenberg_block_has_review":false},"product_brand":[],"product_cat":[746,745,733],"product_tag":[287],"class_list":{"0":"post-1809153","1":"product","2":"type-product","3":"status-publish","4":"has-post-thumbnail","6":"product_cat-czyszczenie-felg","7":"product_cat-kola-i-opony","8":"product_cat-na-zewnatrz","9":"product_tag-deturner","11":"first","12":"instock","13":"taxable","14":"shipping-taxable","15":"purchasable","16":"product-type-simple"},"_links":{"self":[{"href":"https:\/\/liquidmaster.pl\/en\/wp-json\/wp\/v2\/product\/1809153","targetHints":{"allow":["GET"]}}],"collection":[{"href":"https:\/\/liquidmaster.pl\/en\/wp-json\/wp\/v2\/product"}],"about":[{"href":"https:\/\/liquidmaster.pl\/en\/wp-json\/wp\/v2\/types\/product"}],"replies":[{"embeddable":true,"href":"https:\/\/liquidmaster.pl\/en\/wp-json\/wp\/v2\/comments?post=1809153"}],"wp:featuredmedia":[{"embeddable":true,"href":"https:\/\/liquidmaster.pl\/en\/wp-json\/wp\/v2\/media\/1850181"}],"wp:attachment":[{"href":"https:\/\/liquidmaster.pl\/en\/wp-json\/wp\/v2\/media?parent=1809153"}],"wp:term":[{"taxonomy":"product_brand","embeddable":true,"href":"https:\/\/liquidmaster.pl\/en\/wp-json\/wp\/v2\/product_brand?post=1809153"},{"taxonomy":"product_cat","embeddable":true,"href":"https:\/\/liquidmaster.pl\/en\/wp-json\/wp\/v2\/product_cat?post=1809153"},{"taxonomy":"product_tag","embeddable":true,"href":"https:\/\/liquidmaster.pl\/en\/wp-json\/wp\/v2\/product_tag?post=1809153"}],"curies":[{"name":"wp","href":"https:\/\/api.w.org\/{rel}","templated":true}]}}