{"id":1809144,"date":"2025-03-28T21:12:44","date_gmt":"2025-03-28T19:12:44","guid":{"rendered":"https:\/\/liquidmaster.pl\/deturner-tire-rubber-cleaner-1l\/"},"modified":"2026-04-18T04:45:52","modified_gmt":"2026-04-18T02:45:52","slug":"deturner-tire-rubber-cleaner-1l","status":"publish","type":"product","link":"https:\/\/liquidmaster.pl\/en\/deturner-tire-rubber-cleaner-1l\/","title":{"rendered":"DETURNER Tire &amp; Rubber Cleaner 1L"},"content":{"rendered":"<p>DETURNER TIRE &#038; RUBBER CLEANER<\/p>\n<p>\u015arodek przeznaczony do czyszczenia opon oraz element\u00f3w gumowych, takich jak uszczelki i dywaniki gumowe. Skutecznie usuwa uporczywe zabrudzenia, w tym t\u0142uste plamy i oleje, zapewniaj\u0105c l\u015bni\u0105cy i czysty wygl\u0105d opony. Produkt odt\u0142uszcza powierzchni\u0119, przygotowuj\u0105c j\u0105 do aplikacji dressingu, co wyd\u0142u\u017ca jego trwa\u0142o\u015b\u0107.<\/p>\n<p>Nale\u017cy u\u017cywa\u0107 r\u0119kawic ochronnych. Nanie\u015b produkt na zwil\u017con\u0105 powierzchni\u0119 i pozostaw na 1 minut\u0119. Nast\u0119pnie wypracuj szczotk\u0105 lub p\u0119dzlem. Sp\u0142ucz obficie wod\u0105. Aplikuj na zimn\u0105 powierzchni\u0119 w zacienionym miejscu, unikaj\u0105c wyschni\u0119cia \u015brodka przed jego sp\u0142ukaniem.<\/p>","protected":false},"excerpt":{"rendered":"<p>DETURNER TIRE &#038; RUBBER CLEANER \u015arodek przeznaczony do czyszczenia opon oraz element\u00f3w gumowych, takich jak uszczelki i dywaniki gumowe. Skutecznie usuwa uporczywe zabrudzenia, w tym t\u0142uste plamy i oleje, zapewniaj\u0105c l\u015bni\u0105cy i czysty wygl\u0105d opony. Produkt odt\u0142uszcza powierzchni\u0119, przygotowuj\u0105c j\u0105 do aplikacji dressingu, co wyd\u0142u\u017ca jego trwa\u0142o\u015b\u0107. Nale\u017cy u\u017cywa\u0107 r\u0119kawic ochronnych. Nanie\u015b produkt na zwil\u017con\u0105&hellip;&nbsp;<a href=\"https:\/\/liquidmaster.pl\/en\/deturner-tire-rubber-cleaner-1l\/\" rel=\"bookmark\">Read More \u00bb<span class=\"screen-reader-text\">DETURNER Tire &amp; Rubber Cleaner 1L<\/span><\/a><\/p>","protected":false},"featured_media":1850169,"comment_status":"open","ping_status":"open","template":"","meta":{"neve_meta_sidebar":"","neve_meta_container":"","neve_meta_enable_content_width":"","neve_meta_content_width":0,"neve_meta_title_alignment":"","neve_meta_author_avatar":"","neve_post_elements_order":"","neve_meta_disable_header":"","neve_meta_disable_footer":"","neve_meta_disable_title":"","_themeisle_gutenberg_block_has_review":false},"product_brand":[],"product_cat":[819,745,733],"product_tag":[287],"class_list":{"0":"post-1809144","1":"product","2":"type-product","3":"status-publish","4":"has-post-thumbnail","6":"product_cat-czyszczenie-opon-i-gumy","7":"product_cat-kola-i-opony","8":"product_cat-na-zewnatrz","9":"product_tag-deturner","11":"first","12":"instock","13":"taxable","14":"shipping-taxable","15":"purchasable","16":"product-type-simple"},"_links":{"self":[{"href":"https:\/\/liquidmaster.pl\/en\/wp-json\/wp\/v2\/product\/1809144","targetHints":{"allow":["GET"]}}],"collection":[{"href":"https:\/\/liquidmaster.pl\/en\/wp-json\/wp\/v2\/product"}],"about":[{"href":"https:\/\/liquidmaster.pl\/en\/wp-json\/wp\/v2\/types\/product"}],"replies":[{"embeddable":true,"href":"https:\/\/liquidmaster.pl\/en\/wp-json\/wp\/v2\/comments?post=1809144"}],"wp:featuredmedia":[{"embeddable":true,"href":"https:\/\/liquidmaster.pl\/en\/wp-json\/wp\/v2\/media\/1850169"}],"wp:attachment":[{"href":"https:\/\/liquidmaster.pl\/en\/wp-json\/wp\/v2\/media?parent=1809144"}],"wp:term":[{"taxonomy":"product_brand","embeddable":true,"href":"https:\/\/liquidmaster.pl\/en\/wp-json\/wp\/v2\/product_brand?post=1809144"},{"taxonomy":"product_cat","embeddable":true,"href":"https:\/\/liquidmaster.pl\/en\/wp-json\/wp\/v2\/product_cat?post=1809144"},{"taxonomy":"product_tag","embeddable":true,"href":"https:\/\/liquidmaster.pl\/en\/wp-json\/wp\/v2\/product_tag?post=1809144"}],"curies":[{"name":"wp","href":"https:\/\/api.w.org\/{rel}","templated":true}]}}