{"id":1809138,"date":"2025-03-28T21:12:44","date_gmt":"2025-03-28T19:12:44","guid":{"rendered":"https:\/\/liquidmaster.pl\/deturner-traffic-film-remover-500ml\/"},"modified":"2026-04-18T04:45:51","modified_gmt":"2026-04-18T02:45:51","slug":"deturner-traffic-film-remover-500ml","status":"publish","type":"product","link":"https:\/\/liquidmaster.pl\/en\/deturner-traffic-film-remover-500ml\/","title":{"rendered":"DETURNER Traffic Film Remover 500ml"},"content":{"rendered":"<p>Deturner Traffic Film Remover<\/p>\n<p>Zasadowy preparat do wst\u0119pnego mycia lakieru i k\u00f3\u0142. Skutecznie usuwa film drogowy gromadz\u0105cy si\u0119 na karoserii podczas jazdy, przygotowuj\u0105c pojazd do w\u0142a\u015bciwego mycia. Jest bezpieczny dla lakieru oraz felg, a tak\u017ce mo\u017ce by\u0107 stosowany na samochody z na\u0142o\u017con\u0105 pow\u0142ok\u0105 ochronn\u0105 oraz foli\u0105 PPF.<\/p>\n<p>Produkt stosowa\u0107 jako oprysk, rozcie\u0144czaj\u0105c w proporcji od 1:10 do 1:20. Nanie\u015b\u0107 r\u00f3wnomiernie na powierzchni\u0119 i pozostawi\u0107 na 2-3 minuty, aby skutecznie usun\u0105\u0107 zabrudzenia. Nast\u0119pnie obficie sp\u0142uka\u0107 wod\u0105.<\/p>","protected":false},"excerpt":{"rendered":"<p>Deturner Traffic Film Remover Zasadowy preparat do wst\u0119pnego mycia lakieru i k\u00f3\u0142. Skutecznie usuwa film drogowy gromadz\u0105cy si\u0119 na karoserii podczas jazdy, przygotowuj\u0105c pojazd do w\u0142a\u015bciwego mycia. Jest bezpieczny dla lakieru oraz felg, a tak\u017ce mo\u017ce by\u0107 stosowany na samochody z na\u0142o\u017con\u0105 pow\u0142ok\u0105 ochronn\u0105 oraz foli\u0105 PPF. Produkt stosowa\u0107 jako oprysk, rozcie\u0144czaj\u0105c w proporcji od&hellip;&nbsp;<a href=\"https:\/\/liquidmaster.pl\/en\/deturner-traffic-film-remover-500ml\/\" rel=\"bookmark\">Read More \u00bb<span class=\"screen-reader-text\">DETURNER Traffic Film Remover 500ml<\/span><\/a><\/p>","protected":false},"featured_media":1850161,"comment_status":"open","ping_status":"open","template":"","meta":{"neve_meta_sidebar":"","neve_meta_container":"","neve_meta_enable_content_width":"","neve_meta_content_width":0,"neve_meta_title_alignment":"","neve_meta_author_avatar":"","neve_post_elements_order":"","neve_meta_disable_header":"","neve_meta_disable_footer":"","neve_meta_disable_title":"","_themeisle_gutenberg_block_has_review":false},"product_brand":[],"product_cat":[734,733],"product_tag":[287],"class_list":{"0":"post-1809138","1":"product","2":"type-product","3":"status-publish","4":"has-post-thumbnail","6":"product_cat-mycie-i-osuszanie","7":"product_cat-na-zewnatrz","8":"product_tag-deturner","10":"first","11":"instock","12":"taxable","13":"shipping-taxable","14":"purchasable","15":"product-type-simple"},"_links":{"self":[{"href":"https:\/\/liquidmaster.pl\/en\/wp-json\/wp\/v2\/product\/1809138","targetHints":{"allow":["GET"]}}],"collection":[{"href":"https:\/\/liquidmaster.pl\/en\/wp-json\/wp\/v2\/product"}],"about":[{"href":"https:\/\/liquidmaster.pl\/en\/wp-json\/wp\/v2\/types\/product"}],"replies":[{"embeddable":true,"href":"https:\/\/liquidmaster.pl\/en\/wp-json\/wp\/v2\/comments?post=1809138"}],"wp:featuredmedia":[{"embeddable":true,"href":"https:\/\/liquidmaster.pl\/en\/wp-json\/wp\/v2\/media\/1850161"}],"wp:attachment":[{"href":"https:\/\/liquidmaster.pl\/en\/wp-json\/wp\/v2\/media?parent=1809138"}],"wp:term":[{"taxonomy":"product_brand","embeddable":true,"href":"https:\/\/liquidmaster.pl\/en\/wp-json\/wp\/v2\/product_brand?post=1809138"},{"taxonomy":"product_cat","embeddable":true,"href":"https:\/\/liquidmaster.pl\/en\/wp-json\/wp\/v2\/product_cat?post=1809138"},{"taxonomy":"product_tag","embeddable":true,"href":"https:\/\/liquidmaster.pl\/en\/wp-json\/wp\/v2\/product_tag?post=1809138"}],"curies":[{"name":"wp","href":"https:\/\/api.w.org\/{rel}","templated":true}]}}