{"id":1809129,"date":"2025-03-28T21:12:05","date_gmt":"2025-03-28T19:12:05","guid":{"rendered":"https:\/\/liquidmaster.pl\/deturner-alkaline-foam-500ml\/"},"modified":"2026-04-18T04:45:50","modified_gmt":"2026-04-18T02:45:50","slug":"deturner-alkaline-foam-500ml","status":"publish","type":"product","link":"https:\/\/liquidmaster.pl\/en\/deturner-alkaline-foam-500ml\/","title":{"rendered":"DETURNER Alkaline FOAM 500ml"},"content":{"rendered":"<p>DETURNER ALKALINE FOAM<\/p>\n<p>A highly concentrated alkaline active foam that effectively softens and removes dirt. The foam is dense, stable, and adheres well to the bodywork, ensuring effective cleaning. Depending on the dilution, the product can be used to clean wheels, wheel arches, and other vehicle surfaces. Its long evaporation time and easy rinsing minimize the risk of drying and streaking.<\/p>\n<p>To prepare a working solution, dilute the product 1:10-1:20 for PA cleaning or 1:40 for spraying. Apply the product evenly to the surface and leave for 3-5 minutes to soften and separate the dirt. After this time, rinse and proceed to hand washing.<\/p>","protected":false},"excerpt":{"rendered":"<p>DETURNER ALKALINE FOAM Silnie skoncentrowana zasadowa piana aktywna, skutecznie zmi\u0119kczaj\u0105ca i usuwaj\u0105ca zabrudzenia. Piana jest g\u0119sta, stabilna i dobrze przylega do karoserii, co zapewnia efektywne czyszczenie. Produkt, w zale\u017cno\u015bci od rozcie\u0144czenia, mo\u017ce by\u0107 stosowany do czyszczenia k\u00f3\u0142, nadkoli oraz innych powierzchni pojazdu. Dzi\u0119ki d\u0142ugiemu czasowi odparowywania i \u0142atwo\u015bci wyp\u0142ukiwania minimalizuje ryzyko przysychania i powstawania zaciek\u00f3w.&hellip;&nbsp;<a href=\"https:\/\/liquidmaster.pl\/en\/deturner-alkaline-foam-500ml\/\" rel=\"bookmark\">Read More \u00bb<span class=\"screen-reader-text\">DETURNER Alkaline FOAM 500ml<\/span><\/a><\/p>","protected":false},"featured_media":1850148,"comment_status":"open","ping_status":"open","template":"","meta":{"neve_meta_sidebar":"","neve_meta_container":"","neve_meta_enable_content_width":"","neve_meta_content_width":0,"neve_meta_title_alignment":"","neve_meta_author_avatar":"","neve_post_elements_order":"","neve_meta_disable_header":"","neve_meta_disable_footer":"","neve_meta_disable_title":"","_themeisle_gutenberg_block_has_review":false},"product_brand":[],"product_cat":[734,733,753],"product_tag":[287],"class_list":{"0":"post-1809129","1":"product","2":"type-product","3":"status-publish","4":"has-post-thumbnail","6":"product_cat-mycie-i-osuszanie","7":"product_cat-na-zewnatrz","8":"product_cat-piany-aktywne-i-pianownice","9":"product_tag-deturner","11":"first","12":"instock","13":"taxable","14":"shipping-taxable","15":"purchasable","16":"product-type-simple"},"_links":{"self":[{"href":"https:\/\/liquidmaster.pl\/en\/wp-json\/wp\/v2\/product\/1809129","targetHints":{"allow":["GET"]}}],"collection":[{"href":"https:\/\/liquidmaster.pl\/en\/wp-json\/wp\/v2\/product"}],"about":[{"href":"https:\/\/liquidmaster.pl\/en\/wp-json\/wp\/v2\/types\/product"}],"replies":[{"embeddable":true,"href":"https:\/\/liquidmaster.pl\/en\/wp-json\/wp\/v2\/comments?post=1809129"}],"wp:featuredmedia":[{"embeddable":true,"href":"https:\/\/liquidmaster.pl\/en\/wp-json\/wp\/v2\/media\/1850148"}],"wp:attachment":[{"href":"https:\/\/liquidmaster.pl\/en\/wp-json\/wp\/v2\/media?parent=1809129"}],"wp:term":[{"taxonomy":"product_brand","embeddable":true,"href":"https:\/\/liquidmaster.pl\/en\/wp-json\/wp\/v2\/product_brand?post=1809129"},{"taxonomy":"product_cat","embeddable":true,"href":"https:\/\/liquidmaster.pl\/en\/wp-json\/wp\/v2\/product_cat?post=1809129"},{"taxonomy":"product_tag","embeddable":true,"href":"https:\/\/liquidmaster.pl\/en\/wp-json\/wp\/v2\/product_tag?post=1809129"}],"curies":[{"name":"wp","href":"https:\/\/api.w.org\/{rel}","templated":true}]}}